{"id":4854,"date":"2023-07-27T10:28:47","date_gmt":"2023-07-27T10:28:47","guid":{"rendered":"https:\/\/immediateevexai.com\/podminky-a-pravidla\/"},"modified":"2024-03-27T11:41:24","modified_gmt":"2024-03-27T11:41:24","slug":"podminky-a-pravidla","status":"publish","type":"page","link":"https:\/\/immediateevexai.com\/cs\/podminky-a-pravidla\/","title":{"rendered":"V\u0161eobecn\u00e9 obchodn\u00ed podm\u00ednky"},"content":{"rendered":"<?xml encoding=\"UTF-8\"><div class=\"gb-container gb-container-f493ca47\">\n<div class=\"gb-container gb-container-74097ace\">\n\n<h1 class=\"gb-headline gb-headline-d325e19c gb-headline-text\">V&scaron;eobecn&eacute; obchodn&iacute; podm&iacute;nky<\/h1>\n\n<\/div>\n<\/div><div class=\"gb-container gb-container-54f31550\">\n<div class=\"gb-container gb-container-5c3c159e\">\n\n<p>Posledn&iacute; aktualizace: 31. kv&#283;tna 2023<\/p>\n\n\n\n<p>P&#345;ed pou&#382;it&iacute;m na&scaron;&iacute; slu&#382;by si pros&iacute;m pozorn&#283; p&#345;e&#269;t&#283;te tyto podm&iacute;nky.<\/p>\n\n\n\n<h2 class=\"gb-headline gb-headline-9278717c gb-headline-text\"><strong>Interpretace a definice<\/strong><\/h2>\n\n\n\n<p><strong>V&yacute;klad<\/strong><\/p>\n\n\n\n<p>Slova, jejich&#382; po&#269;&aacute;te&#269;n&iacute; p&iacute;smeno je velk&eacute;, maj&iacute; v&yacute;znam definovan&yacute; za n&aacute;sleduj&iacute;c&iacute;ch podm&iacute;nek. N&aacute;sleduj&iacute;c&iacute; definice maj&iacute; stejn&yacute; v&yacute;znam bez ohledu na to, zda se vyskytuj&iacute; v jednotn&eacute;m nebo mno&#382;n&eacute;m &#269;&iacute;sle.<\/p>\n\n\n\n<p><strong>Definice<\/strong><\/p>\n\n\n\n<p>Pro &uacute;&#269;ely t&#283;chto podm&iacute;nek:<\/p>\n\n\n\n<p>P&#345;idru&#382;en&aacute; spole&#269;nost znamen&aacute; subjekt, kter&yacute; ovl&aacute;d&aacute;, je ovl&aacute;d&aacute;n stranou nebo je pod spole&#269;nou kontrolou se stranou, p&#345;i&#269;em&#382; &bdquo;kontrola&ldquo; znamen&aacute; vlastnictv&iacute; 50 % nebo v&iacute;ce akci&iacute;, majetkov&yacute;ch &uacute;&#269;ast&iacute; nebo jin&yacute;ch cenn&yacute;ch pap&iacute;r&#367; opr&aacute;vn&#283;n&yacute;ch hlasovat pro volbu &#345;editel&#367; nebo jin&yacute; &#345;&iacute;d&iacute;c&iacute; org&aacute;n.<\/p>\n\n\n\n<p>&Uacute;&#269;et znamen&aacute; jedine&#269;n&yacute; &uacute;&#269;et vytvo&#345;en&yacute; pro v&aacute;s pro p&#345;&iacute;stup k na&scaron;&iacute; Slu&#382;b&#283; nebo &#269;&aacute;stem na&scaron;&iacute; Slu&#382;by.<\/p>\n\n\n\n<p>Zem&#283; odkazuje na Singapur<\/p>\n\n\n\n<p>Spole&#269;nost (v t&eacute;to smlouv&#283; d&aacute;le uv&aacute;d&#283;na bu&#271; jako &bdquo;spole&#269;nost&ldquo;, &bdquo;my&ldquo;, &bdquo;n&aacute;s&ldquo; nebo &bdquo;na&scaron;e&ldquo;) ozna&#269;uje Instant Boost Ai &trade; Ltd.<\/p>\n\n\n\n<p>Za&#345;&iacute;zen&iacute; znamen&aacute; jak&eacute;koli za&#345;&iacute;zen&iacute;, kter&eacute; m&aacute; p&#345;&iacute;stup ke Slu&#382;b&#283;, jako je po&#269;&iacute;ta&#269;, mobiln&iacute; telefon nebo digit&aacute;ln&iacute; tablet.<\/p>\n\n\n\n<p>Slu&#382;ba odkazuje na webovou str&aacute;nku.<\/p>\n\n\n\n<p>Podm&iacute;nky (tak&eacute; ozna&#269;ovan&eacute; jako &bdquo;Podm&iacute;nky&ldquo;) znamenaj&iacute; tyto Podm&iacute;nky, kter&eacute; tvo&#345;&iacute; celou smlouvu mezi v&aacute;mi a Spole&#269;nost&iacute; ohledn&#283; pou&#382;&iacute;v&aacute;n&iacute; Slu&#382;by.<\/p>\n\n\n\n<p>Slu&#382;ba soci&aacute;ln&iacute;ch m&eacute;di&iacute; t&#345;et&iacute; strany znamen&aacute; jak&eacute;koli slu&#382;by nebo obsah (v&#269;etn&#283; dat, informac&iacute;, produkt&#367; nebo slu&#382;eb) poskytovan&eacute; t&#345;et&iacute; stranou, kter&eacute; mohou b&yacute;t zobrazeny, zahrnuty nebo zp&#345;&iacute;stupn&#283;ny slu&#382;bou.<\/p>\n\n\n\n<p>Webov&eacute; str&aacute;nky odkazuj&iacute; na R00002, p&#345;&iacute;stupn&eacute; z <a href=\"https:\/\/ImmediateEvexAi.com\/cs\/\" data-type=\"page\" data-id=\"3554\" target=\"_blank\" rel=\"noopener\">t&eacute;to adresy<\/a><\/p>\n\n\n\n<p>Vy znamen&aacute; jednotlivce, kter&yacute; p&#345;istupuje ke Slu&#382;b&#283; nebo ji pou&#382;&iacute;v&aacute;, nebo spole&#269;nost &#269;i jinou pr&aacute;vnickou osobu, jej&iacute;m&#382; jm&eacute;nem tato osoba slu&#382;bu p&#345;istupuje nebo ji pou&#382;&iacute;v&aacute;.<\/p>\n\n\n\n<h2 class=\"gb-headline gb-headline-a8e59a7c gb-headline-text\"><strong>Potvrzen&iacute;<\/strong><\/h2>\n\n\n\n<p>Toto jsou smluvn&iacute; podm&iacute;nky, jimi&#382; se &#345;&iacute;d&iacute; pou&#382;&iacute;v&aacute;n&iacute; t&eacute;to slu&#382;by, a smlouva mezi v&aacute;mi a spole&#269;nost&iacute;. Tyto Podm&iacute;nky stanovuj&iacute; pr&aacute;va a povinnosti v&scaron;ech u&#382;ivatel&#367; ohledn&#283; u&#382;&iacute;v&aacute;n&iacute; Slu&#382;by.<\/p>\n\n\n\n<p>V&aacute;&scaron; p&#345;&iacute;stup ke Slu&#382;b&#283; a jej&iacute; pou&#382;&iacute;v&aacute;n&iacute; je podm&iacute;n&#283;no Va&scaron;&iacute;m p&#345;ijet&iacute;m a dodr&#382;ov&aacute;n&iacute;m t&#283;chto Podm&iacute;nek. Tyto Podm&iacute;nky se vztahuj&iacute; na v&scaron;echny n&aacute;v&scaron;t&#283;vn&iacute;ky, u&#382;ivatele a ostatn&iacute;, kte&#345;&iacute; p&#345;istupuj&iacute; ke Slu&#382;b&#283; nebo ji pou&#382;&iacute;vaj&iacute;.<\/p>\n\n\n\n<p>P&#345;&iacute;stupem ke slu&#382;b&#283; nebo jej&iacute;m pou&#382;&iacute;v&aacute;n&iacute;m souhlas&iacute;te s t&iacute;m, &#382;e budete v&aacute;z&aacute;ni t&#283;mito podm&iacute;nkami. Pokud nesouhlas&iacute;te s jakoukoli &#269;&aacute;st&iacute; t&#283;chto Podm&iacute;nek, nesm&iacute;te ke Slu&#382;b&#283; p&#345;istupovat.<\/p>\n\n\n\n<p>Prohla&scaron;ujete, &#382;e jste star&scaron;&iacute; 18 let. Spole&#269;nost nedovoluje osob&aacute;m mlad&scaron;&iacute;m 18 let pou&#382;&iacute;vat Slu&#382;bu.<\/p>\n\n\n\n<p>V&aacute;&scaron; p&#345;&iacute;stup ke Slu&#382;b&#283; a jej&iacute; pou&#382;&iacute;v&aacute;n&iacute; je tak&eacute; podm&iacute;n&#283;no Va&scaron;&iacute;m p&#345;ijet&iacute;m a dodr&#382;ov&aacute;n&iacute;m Z&aacute;sad ochrany osobn&iacute;ch &uacute;daj&#367; Spole&#269;nosti. Na&scaron;e z&aacute;sady ochrany osobn&iacute;ch &uacute;daj&#367; popisuj&iacute; na&scaron;e z&aacute;sady a postupy t&yacute;kaj&iacute;c&iacute; se shroma&#382;&#271;ov&aacute;n&iacute;, pou&#382;&iacute;v&aacute;n&iacute; a zp&#345;&iacute;stup&#328;ov&aacute;n&iacute; va&scaron;ich osobn&iacute;ch &uacute;daj&#367; p&#345;i pou&#382;&iacute;v&aacute;n&iacute; aplikace nebo webov&eacute; str&aacute;nky a informuj&iacute; v&aacute;s o va&scaron;ich pr&aacute;vech na ochranu soukrom&iacute; a o tom, jak v&aacute;s z&aacute;kony chr&aacute;n&iacute;. P&#345;ed pou&#382;it&iacute;m na&scaron;&iacute; slu&#382;by si pros&iacute;m pozorn&#283; p&#345;e&#269;t&#283;te na&scaron;e z&aacute;sady ochrany osobn&iacute;ch &uacute;daj&#367;.<\/p>\n\n\n\n<h2 class=\"gb-headline gb-headline-b9933f92 gb-headline-text\"><strong>U&#382;ivatelsk&eacute; &uacute;&#269;ty<\/strong><\/h2>\n\n\n\n<p>Kdy&#382; si u n&aacute;s vytvo&#345;&iacute;te &uacute;&#269;et, mus&iacute;te n&aacute;m poskytnout informace, kter&eacute; jsou v&#382;dy p&#345;esn&eacute;, &uacute;pln&eacute; a aktu&aacute;ln&iacute;. Pokud tak neu&#269;in&iacute;te, jedn&aacute; se o poru&scaron;en&iacute; podm&iacute;nek, kter&eacute; m&#367;&#382;e m&iacute;t za n&aacute;sledek okam&#382;it&eacute; ukon&#269;en&iacute; va&scaron;eho &uacute;&#269;tu v na&scaron;&iacute; slu&#382;b&#283;.<\/p>\n\n\n\n<p>Jste odpov&#283;dn&iacute; za ochranu hesla, kter&eacute; pou&#382;&iacute;v&aacute;te pro p&#345;&iacute;stup ke Slu&#382;b&#283;, a za jak&eacute;koli aktivity nebo akce pod va&scaron;&iacute;m heslem, a&#357; u&#382; je va&scaron;e heslo pro na&scaron;i slu&#382;bu nebo pro slu&#382;bu soci&aacute;ln&iacute;ch m&eacute;di&iacute; t&#345;et&iacute; strany.<\/p>\n\n\n\n<p>Souhlas&iacute;te, &#382;e sv&eacute; heslo neprozrad&iacute;te &#382;&aacute;dn&eacute; t&#345;et&iacute; stran&#283;. Mus&iacute;te n&aacute;s okam&#382;it&#283; informovat o jak&eacute;mkoli poru&scaron;en&iacute; zabezpe&#269;en&iacute; nebo neopr&aacute;vn&#283;n&eacute;m pou&#382;it&iacute; va&scaron;eho &uacute;&#269;tu.<\/p>\n\n\n\n<p>Nesm&iacute;te pou&#382;&iacute;vat jako u&#382;ivatelsk&eacute; jm&eacute;no jm&eacute;no jin&eacute; osoby nebo subjektu nebo jm&eacute;no, kter&eacute; nen&iacute; v souladu se z&aacute;konem k pou&#382;it&iacute;, jm&eacute;no nebo ochrannou zn&aacute;mku, kter&aacute; podl&eacute;h&aacute; pr&aacute;v&#367;m jin&eacute; osoby nebo subjektu jin&eacute;ho ne&#382; Vy, bez p&#345;&iacute;slu&scaron;n&eacute;ho opr&aacute;vn&#283;n&iacute;, nebo jm&eacute;no, kter&eacute; je jinak ur&aacute;&#382;liv&eacute;, vulg&aacute;rn&iacute; nebo obsc&eacute;nn&iacute;.<\/p>\n\n\n\n<h2 class=\"gb-headline gb-headline-30dc5235 gb-headline-text\"><strong>Du&scaron;evn&iacute; vlastnictv&iacute;<\/strong><\/h2>\n\n\n\n<p>Slu&#382;ba a jej&iacute; p&#367;vodn&iacute; obsah (s v&yacute;jimkou Obsahu poskytnut&eacute;ho v&aacute;mi nebo jin&yacute;mi u&#382;ivateli), funkce a funk&#269;nost jsou a z&#367;stanou v&yacute;hradn&iacute;m vlastnictv&iacute;m Spole&#269;nosti a jej&iacute;ch poskytovatel&#367; licenc&iacute;.<\/p>\n\n\n\n<p>Slu&#382;ba je chr&aacute;n&#283;na autorsk&yacute;m pr&aacute;vem, ochrann&yacute;mi zn&aacute;mkami a dal&scaron;&iacute;mi z&aacute;kony zem&#283; i zahrani&#269;&iacute;.<\/p>\n\n\n\n<p>Na&scaron;e ochrann&eacute; zn&aacute;mky a obchodn&iacute; &uacute;pravy nesm&#283;j&iacute; b&yacute;t pou&#382;ity ve spojen&iacute; s &#382;&aacute;dn&yacute;m produktem nebo slu&#382;bou bez p&#345;edchoz&iacute;ho p&iacute;semn&eacute;ho souhlasu spole&#269;nosti.<\/p>\n\n\n\n<h2 class=\"gb-headline gb-headline-40e2f142 gb-headline-text\"><strong>Odkazy na jin&eacute; webov&eacute; str&aacute;nky<\/strong><\/h2>\n\n\n\n<p>Na&scaron;e slu&#382;ba m&#367;&#382;e obsahovat odkazy na webov&eacute; str&aacute;nky nebo slu&#382;by t&#345;et&iacute;ch stran, kter&eacute; spole&#269;nost nevlastn&iacute; ani ne&#345;&iacute;d&iacute;.<\/p>\n\n\n\n<p>Spole&#269;nost nem&aacute; &#382;&aacute;dnou kontrolu a nep&#345;eb&iacute;r&aacute; &#382;&aacute;dnou odpov&#283;dnost za obsah, z&aacute;sady ochrany osobn&iacute;ch &uacute;daj&#367; nebo postupy jak&yacute;chkoli webov&yacute;ch str&aacute;nek nebo slu&#382;eb t&#345;et&iacute;ch stran. D&aacute;le berete na v&#283;dom&iacute; a souhlas&iacute;te s t&iacute;m, &#382;e spole&#269;nost nenese odpov&#283;dnost ani neru&#269;&iacute;, p&#345;&iacute;mo ani nep&#345;&iacute;mo, za jakoukoli &scaron;kodu nebo ztr&aacute;tu zp&#367;sobenou nebo &uacute;dajnou zp&#367;sobenou pou&#382;&iacute;v&aacute;n&iacute;m takov&eacute;ho obsahu, zbo&#382;&iacute; nebo slu&#382;eb nebo spol&eacute;h&aacute;n&iacute;m se na takov&yacute; obsah, zbo&#382;&iacute; nebo slu&#382;by dostupn&eacute; na nebo prost&#345;ednictv&iacute;m jak&yacute;chkoli takov&yacute;ch webov&yacute;ch str&aacute;nek nebo slu&#382;eb.<\/p>\n\n\n\n<p>D&#367;razn&#283; v&aacute;m doporu&#269;ujeme, abyste si p&#345;e&#269;etli podm&iacute;nky a z&aacute;sady ochrany osobn&iacute;ch &uacute;daj&#367; v&scaron;ech webov&yacute;ch str&aacute;nek nebo slu&#382;eb t&#345;et&iacute;ch stran, kter&eacute; nav&scaron;t&iacute;v&iacute;te.<\/p>\n\n\n\n<h2 class=\"gb-headline gb-headline-81a14a2b gb-headline-text\"><strong>Ukon&#269;en&iacute;<\/strong><\/h2>\n\n\n\n<p>V&aacute;&scaron; &uacute;&#269;et m&#367;&#382;eme okam&#382;it&#283; ukon&#269;it nebo pozastavit, bez p&#345;edchoz&iacute;ho upozorn&#283;n&iacute; nebo odpov&#283;dnosti, z jak&eacute;hokoli d&#367;vodu, mimo jin&eacute;, pokud poru&scaron;&iacute;te tyto Podm&iacute;nky.<\/p>\n\n\n\n<p>Po ukon&#269;en&iacute; okam&#382;it&#283; zanikne va&scaron;e pr&aacute;vo pou&#382;&iacute;vat Slu&#382;bu. Pokud si p&#345;ejete ukon&#269;it sv&#367;j &uacute;&#269;et, m&#367;&#382;ete jednodu&scaron;e p&#345;estat pou&#382;&iacute;vat Slu&#382;bu.<\/p>\n\n\n\n<h2 class=\"gb-headline gb-headline-faa58666 gb-headline-text\"><strong>Omezen&iacute; odpov&#283;dnosti<\/strong><\/h2>\n\n\n\n<p>Bez ohledu na jak&eacute;koli &scaron;kody, kter&eacute; by v&aacute;m mohly vzniknout, bude ve&scaron;ker&aacute; odpov&#283;dnost spole&#269;nosti a kter&eacute;hokoli z jej&iacute;ch dodavatel&#367; podle kter&eacute;hokoli ustanoven&iacute; t&#283;chto podm&iacute;nek a v&aacute;&scaron; v&yacute;hradn&iacute; opravn&yacute; prost&#345;edek za v&scaron;e v&yacute;&scaron;e uveden&eacute; omezena na &#269;&aacute;stku, kterou skute&#269;n&#283; zaplat&iacute;te prost&#345;ednictv&iacute;m slu&#382;by, nebo na 100 USD. pokud jste si prost&#345;ednictv&iacute;m slu&#382;by nic nezakoupili.<\/p>\n\n\n\n<p>V maxim&aacute;ln&iacute;m rozsahu povolen&eacute;m platn&yacute;mi z&aacute;kony nenese spole&#269;nost ani jej&iacute; dodavatel&eacute; v &#382;&aacute;dn&eacute;m p&#345;&iacute;pad&#283; odpov&#283;dnost za jak&eacute;koli zvl&aacute;&scaron;tn&iacute;, n&aacute;hodn&eacute;, nep&#345;&iacute;m&eacute; nebo n&aacute;sledn&eacute; &scaron;kody (v&#269;etn&#283;, ale nikoli v&yacute;hradn&#283;, &scaron;kod za u&scaron;l&yacute; zisk, ztr&aacute;tu dat nebo jin&eacute; informace, pro p&#345;eru&scaron;en&iacute; podnik&aacute;n&iacute;, pro zran&#283;n&iacute; osob, ztr&aacute;tu soukrom&iacute; vypl&yacute;vaj&iacute;c&iacute; z nebo jakkoli souvisej&iacute;c&iacute; s pou&#382;&iacute;v&aacute;n&iacute;m nebo nemo&#382;nost&iacute; pou&#382;&iacute;vat Slu&#382;bu, software t&#345;et&iacute;ch stran a\/nebo hardware t&#345;et&iacute;ch stran pou&#382;&iacute;van&yacute; se Slu&#382;bou, nebo jinak v souvislosti s kter&yacute;mkoli ustanoven&iacute;m t&#283;chto podm&iacute;nek), a to i v p&#345;&iacute;pad&#283;, &#382;e spole&#269;nost nebo kter&yacute;koli dodavatel byl upozorn&#283;n na mo&#382;nost vzniku takov&yacute;ch &scaron;kod, a to i v p&#345;&iacute;pad&#283;, &#382;e n&aacute;prava nespln&iacute; sv&#367;j z&aacute;kladn&iacute; &uacute;&#269;el.<\/p>\n\n\n\n<p>N&#283;kter&eacute; st&aacute;ty neumo&#382;&#328;uj&iacute; vylou&#269;en&iacute; p&#345;edpokl&aacute;dan&yacute;ch z&aacute;ruk nebo omezen&iacute; odpov&#283;dnosti za n&aacute;hodn&eacute; nebo n&aacute;sledn&eacute; &scaron;kody, co&#382; znamen&aacute;, &#382;e n&#283;kter&aacute; z v&yacute;&scaron;e uveden&yacute;ch omezen&iacute; nemus&iacute; platit. V t&#283;chto st&aacute;tech bude odpov&#283;dnost ka&#382;d&eacute; strany omezena v nejvy&scaron;&scaron;&iacute; m&iacute;&#345;e povolen&eacute; z&aacute;konem.<\/p>\n\n\n\n<h2 class=\"gb-headline gb-headline-e1bcabde gb-headline-text\"><strong>Prohl&aacute;&scaron;en&iacute; &bdquo;TAK JAK JE&ldquo; a &bdquo;JAK JE DOSTUPN&Eacute;&ldquo;.<\/strong><\/h2>\n\n\n\n<p>Slu&#382;ba je v&aacute;m poskytov&aacute;na &bdquo;TAK, JAK JE&ldquo; a &bdquo;JAK JE K DISPOZICI&ldquo; a se v&scaron;emi chybami a z&aacute;vadami bez z&aacute;ruky jak&eacute;hokoli druhu. V maxim&aacute;ln&iacute;m rozsahu povolen&eacute;m platn&yacute;mi z&aacute;kony se Spole&#269;nost sv&yacute;m vlastn&iacute;m jm&eacute;nem a jm&eacute;nem sv&yacute;ch p&#345;idru&#382;en&yacute;ch spole&#269;nost&iacute; a sv&yacute;ch a jejich p&#345;&iacute;slu&scaron;n&yacute;ch poskytovatel&#367; licenc&iacute; a poskytovatel&#367; slu&#382;eb v&yacute;slovn&#283; z&#345;&iacute;k&aacute; v&scaron;ech z&aacute;ruk, a&#357; u&#382; v&yacute;slovn&yacute;ch, p&#345;edpokl&aacute;dan&yacute;ch, z&aacute;konn&yacute;ch nebo jin&yacute;ch, s ohledem na Slu&#382;ba, v&#269;etn&#283; v&scaron;ech p&#345;edpokl&aacute;dan&yacute;ch z&aacute;ruk obchodovatelnosti, vhodnosti pro konkr&eacute;tn&iacute; &uacute;&#269;el, titulu a neporu&scaron;en&iacute; pr&aacute;v a z&aacute;ruk, kter&eacute; mohou vyplynout z pr&#367;b&#283;hu obchodov&aacute;n&iacute;, pr&#367;b&#283;hu v&yacute;konu, pou&#382;it&iacute; nebo obchodn&iacute; praxe. Bez omezen&iacute; na v&yacute;&scaron;e uveden&eacute; spole&#269;nost neposkytuje &#382;&aacute;dnou z&aacute;ruku ani z&aacute;vazek a neposkytuje &#382;&aacute;dn&eacute; prohl&aacute;&scaron;en&iacute; jak&eacute;hokoli druhu, &#382;e slu&#382;ba bude spl&#328;ovat va&scaron;e po&#382;adavky, bude dosahovat zam&yacute;&scaron;len&yacute;ch v&yacute;sledk&#367;, bude kompatibiln&iacute; nebo bude fungovat s jak&yacute;mkoli jin&yacute;m softwarem, aplikacemi, syst&eacute;my nebo slu&#382;bami, bude fungovat bez p&#345;eru&scaron;en&iacute; spl&#328;ovat jak&eacute;koli normy v&yacute;konu nebo spolehlivosti nebo b&yacute;t bez chyb nebo &#382;e jak&eacute;koli chyby nebo z&aacute;vady mohou nebo budou opraveny.<\/p>\n\n\n\n<p>Ani&#382; by bylo omezeno v&yacute;&scaron;e uveden&eacute;, spole&#269;nost ani &#382;&aacute;dn&yacute; z poskytovatel&#367; spole&#269;nosti neposkytuje &#382;&aacute;dn&eacute; prohl&aacute;&scaron;en&iacute; nebo z&aacute;ruku jak&eacute;hokoli druhu, v&yacute;slovn&eacute; nebo p&#345;edpokl&aacute;dan&eacute;: (i) pokud jde o provoz nebo dostupnost slu&#382;by nebo informac&iacute;, obsahu a materi&aacute;l&#367; nebo produkt&#367; v n&iacute; obsa&#382;en&yacute;ch; (ii) &#382;e Slu&#382;ba bude nep&#345;eru&scaron;ovan&aacute; nebo bezchybn&aacute;; (iii) pokud jde o p&#345;esnost, spolehlivost nebo aktu&aacute;lnost jak&yacute;chkoli informac&iacute; nebo obsahu poskytovan&yacute;ch prost&#345;ednictv&iacute;m Slu&#382;by; nebo (iv) &#382;e Slu&#382;ba, jej&iacute; servery, obsah nebo e-maily odes&iacute;lan&eacute; spole&#269;nost&iacute; nebo jej&iacute;m jm&eacute;nem neobsahuj&iacute; viry, skripty, trojsk&eacute; kon&#283;, &#269;ervy, malware, &#269;asovan&eacute; bomby nebo jin&eacute; &scaron;kodliv&eacute; komponenty.<\/p>\n\n\n\n<p>N&#283;kter&eacute; jurisdikce neumo&#382;&#328;uj&iacute; vylou&#269;en&iacute; ur&#269;it&yacute;ch typ&#367; z&aacute;ruk nebo omezen&iacute; p&#345;&iacute;slu&scaron;n&yacute;ch z&aacute;konn&yacute;ch pr&aacute;v spot&#345;ebitele, tak&#382;e n&#283;kter&aacute; nebo v&scaron;echna v&yacute;&scaron;e uveden&aacute; vylou&#269;en&iacute; a omezen&iacute; se na v&aacute;s nemus&iacute; vztahovat. V takov&eacute;m p&#345;&iacute;pad&#283; se v&scaron;ak v&yacute;jimky a omezen&iacute; uveden&eacute; v t&eacute;to &#269;&aacute;sti pou&#382;ij&iacute; v nejvy&scaron;&scaron;&iacute; m&iacute;&#345;e vymahateln&eacute; podle platn&yacute;ch z&aacute;kon&#367;.<\/p>\n\n\n\n<h2 class=\"gb-headline gb-headline-d5b80c2a gb-headline-text\"><strong>Rozhodn&eacute; pr&aacute;vo<\/strong><\/h2>\n\n\n\n<p>Tyto podm&iacute;nky a va&scaron;e pou&#382;&iacute;v&aacute;n&iacute; slu&#382;by se &#345;&iacute;d&iacute; z&aacute;kony dan&eacute; zem&#283;, s v&yacute;jimkou kolizn&iacute;ch norem. Va&scaron;e pou&#382;&iacute;v&aacute;n&iacute; Aplikace m&#367;&#382;e tak&eacute; podl&eacute;hat dal&scaron;&iacute;m m&iacute;stn&iacute;m, st&aacute;tn&iacute;m, n&aacute;rodn&iacute;m nebo mezin&aacute;rodn&iacute;m z&aacute;kon&#367;m.<\/p>\n\n\n\n<p><strong>&#344;e&scaron;en&iacute; spor&#367;<\/strong><\/p>\n\n\n\n<p>M&aacute;te-li jak&eacute;koli obavy nebo spory t&yacute;kaj&iacute;c&iacute; se Slu&#382;by, souhlas&iacute;te s t&iacute;m, &#382;e se nejprve pokus&iacute;te spor vy&#345;e&scaron;it neform&aacute;ln&#283; kontaktov&aacute;n&iacute;m Spole&#269;nosti.<\/p>\n\n\n\n<p><strong>Pro u&#382;ivatele z Evropsk&eacute; unie (EU).<\/strong><\/p>\n\n\n\n<p>Jste-li spot&#345;ebitel v Evropsk&eacute; unii, budete m&iacute;t prosp&#283;ch z jak&yacute;chkoli povinn&yacute;ch ustanoven&iacute; pr&aacute;vn&iacute;ch p&#345;edpis&#367; zem&#283;, ve kter&eacute; m&aacute;te bydli&scaron;t&#283;.<\/p>\n\n\n\n<h2 class=\"gb-headline gb-headline-2157cd04 gb-headline-text\"><strong>Dodr&#382;ov&aacute;n&iacute; z&aacute;kon&#367; Spojen&yacute;ch st&aacute;t&#367;<\/strong><\/h2>\n\n\n\n<p>To prohla&scaron;ujete a zaru&#269;ujete (i) Nenach&aacute;z&iacute;te se v zemi, kter&aacute; podl&eacute;h&aacute; vl&aacute;dn&iacute;mu embargu Spojen&yacute;ch st&aacute;t&#367; americk&yacute;ch nebo kter&aacute; byla vl&aacute;dou Spojen&yacute;ch st&aacute;t&#367; ozna&#269;ena jako zem&#283; &bdquo;podporuj&iacute;c&iacute; teroristy&ldquo;, a (ii) Nejste uvedeni na &#382;&aacute;dn&eacute;m vl&aacute;dn&iacute;m seznamu zak&aacute;zan&yacute;ch nebo omezen&yacute;ch stran.<\/p>\n\n\n\n<p><strong>Odd&#283;litelnost a z&#345;eknut&iacute; se pr&aacute;v<\/strong><\/p>\n\n\n\n<p><strong>Odd&#283;litelnost<\/strong><\/p>\n\n\n\n<p>Pokud bude jak&eacute;koli ustanoven&iacute; t&#283;chto podm&iacute;nek pova&#382;ov&aacute;no za nevymahateln&eacute; nebo neplatn&eacute;, bude toto ustanoven&iacute; zm&#283;n&#283;no a vykl&aacute;d&aacute;no tak, aby bylo dosa&#382;eno c&iacute;l&#367; takov&eacute;ho ustanoven&iacute; v nejvy&scaron;&scaron;&iacute; mo&#382;n&eacute; m&iacute;&#345;e podle platn&yacute;ch z&aacute;kon&#367; a zb&yacute;vaj&iacute;c&iacute; ustanoven&iacute; budou nad&aacute;le pln&#283; platn&aacute; a &uacute;&#269;inn&aacute;.<\/p>\n\n\n\n<p><strong>Vzd&aacute;n&iacute; se pr&aacute;va<\/strong><\/p>\n\n\n\n<p>S v&yacute;jimkou toho, co je zde uvedeno, neuplatn&#283;n&iacute; pr&aacute;va nebo vy&#382;adov&aacute;n&iacute; pln&#283;n&iacute; povinnosti podle t&#283;chto Podm&iacute;nek neovlivn&iacute; schopnost strany uplat&#328;ovat takov&eacute; pr&aacute;vo nebo po&#382;adovat takov&eacute; pln&#283;n&iacute; kdykoli pot&eacute;, ani nebude vzd&aacute;n&iacute; se poru&scaron;en&iacute; p&#345;edstavovat z&#345;eknut&iacute; se jak&eacute;koli n&aacute;sledn&eacute; poru&scaron;en&iacute;.<\/p>\n\n\n\n<p><strong>P&#345;eklad Tlumo&#269;en&iacute;<\/strong><\/p>\n\n\n\n<p>Tyto Podm&iacute;nky mohou b&yacute;t p&#345;elo&#382;eny, pokud jsme v&aacute;m je zp&#345;&iacute;stupnili v na&scaron;&iacute; Slu&#382;b&#283;. Souhlas&iacute;te s t&iacute;m, &#382;e v p&#345;&iacute;pad&#283; sporu m&aacute; p&#345;ednost p&#367;vodn&iacute; anglick&yacute; text.<\/p>\n\n\n\n<h2 class=\"gb-headline gb-headline-4f64b811 gb-headline-text\"><strong>Zm&#283;ny t&#283;chto podm&iacute;nek<\/strong><\/h2>\n\n\n\n<p>Vyhrazujeme si pr&aacute;vo, dle vlastn&iacute;ho uv&aacute;&#382;en&iacute;, kdykoli upravit nebo nahradit tyto Podm&iacute;nky. Je-li revize podstatn&aacute;, vynalo&#382;&iacute;me p&#345;im&#283;&#345;en&eacute; &uacute;sil&iacute;, abychom o tom informovali alespo&#328; 30 dn&iacute; p&#345;edem, ne&#382; jak&eacute;koli nov&eacute; podm&iacute;nky vstoup&iacute; v platnost. Co p&#345;edstavuje podstatnou zm&#283;nu, bude ur&#269;eno podle na&scaron;eho vlastn&iacute;ho uv&aacute;&#382;en&iacute;.<\/p>\n\n\n\n<p>Pokra&#269;ov&aacute;n&iacute;m v p&#345;&iacute;stupu k na&scaron;&iacute; Slu&#382;b&#283; nebo jej&iacute;m pou&#382;&iacute;v&aacute;n&iacute; po nabyt&iacute; &uacute;&#269;innosti t&#283;chto reviz&iacute; souhlas&iacute;te s t&iacute;m, &#382;e budete v&aacute;z&aacute;ni upraven&yacute;mi podm&iacute;nkami. Pokud s nov&yacute;mi podm&iacute;nkami, zcela nebo z&#269;&aacute;sti, nesouhlas&iacute;te, p&#345;esta&#328;te pros&iacute;m pou&#382;&iacute;vat webovou str&aacute;nku a Slu&#382;bu.<\/p>\n\n\n\n<h2 class=\"gb-headline gb-headline-d806d8bf gb-headline-text\"><strong>Kontaktujte n&aacute;s<\/strong><\/h2>\n\n\n\n<p>M&aacute;te-li jak&eacute;koli dotazy t&yacute;kaj&iacute;c&iacute; se t&#283;chto Podm&iacute;nek, m&#367;&#382;ete n&aacute;s kontaktovat:<\/p>\n\n\n\n<p>E-mailem: info[at] bitcointrader.ai<\/p>\n\n\n\n<p>N&aacute;v&scaron;t&#283;vou t&eacute;to str&aacute;nky na <a href=\"https:\/\/ImmediateEvexAi.com\/cs\/\" data-type=\"page\" data-id=\"3554\" target=\"_blank\" rel=\"noopener\">na&scaron;em webu<\/a> .<\/p>\n\n<\/div>\n<\/div>\n","protected":false},"excerpt":{"rendered":"<p>V&scaron;eobecn&eacute; obchodn&iacute; podm&iacute;nky Posledn&iacute; aktualizace: 31. kv&#283;tna 2023 P&#345;ed pou&#382;it&iacute;m na&scaron;&iacute; slu&#382;by si pros&iacute;m pozorn&#283; p&#345;e&#269;t&#283;te tyto podm&iacute;nky. Interpretace a definice V&yacute;klad Slova, jejich&#382; po&#269;&aacute;te&#269;n&iacute; p&iacute;smeno je velk&eacute;, maj&iacute; v&yacute;znam definovan&yacute; za n&aacute;sleduj&iacute;c&iacute;ch podm&iacute;nek. N&aacute;sleduj&iacute;c&iacute; definice maj&iacute; stejn&yacute; v&yacute;znam bez ohledu na to, zda se vyskytuj&iacute; v jednotn&eacute;m nebo mno&#382;n&eacute;m &#269;&iacute;sle. Definice Pro &uacute;&#269;ely t&#283;chto &#8230; <a title=\"V\u0161eobecn\u00e9 obchodn\u00ed podm\u00ednky\" class=\"read-more\" href=\"https:\/\/immediateevexai.com\/cs\/podminky-a-pravidla\/\" aria-label=\"\u010c\u00edst v\u00edce o V\u0161eobecn\u00e9 obchodn\u00ed podm\u00ednky\">Read more<\/a><\/p>\n","protected":false},"author":1,"featured_media":0,"parent":0,"menu_order":0,"comment_status":"closed","ping_status":"closed","template":"","meta":{"footnotes":""},"class_list":["post-4854","page","type-page","status-publish"],"_links":{"self":[{"href":"https:\/\/immediateevexai.com\/cs\/wp-json\/wp\/v2\/pages\/4854","targetHints":{"allow":["GET"]}}],"collection":[{"href":"https:\/\/immediateevexai.com\/cs\/wp-json\/wp\/v2\/pages"}],"about":[{"href":"https:\/\/immediateevexai.com\/cs\/wp-json\/wp\/v2\/types\/page"}],"author":[{"embeddable":true,"href":"https:\/\/immediateevexai.com\/cs\/wp-json\/wp\/v2\/users\/1"}],"replies":[{"embeddable":true,"href":"https:\/\/immediateevexai.com\/cs\/wp-json\/wp\/v2\/comments?post=4854"}],"version-history":[{"count":3,"href":"https:\/\/immediateevexai.com\/cs\/wp-json\/wp\/v2\/pages\/4854\/revisions"}],"predecessor-version":[{"id":10755,"href":"https:\/\/immediateevexai.com\/cs\/wp-json\/wp\/v2\/pages\/4854\/revisions\/10755"}],"wp:attachment":[{"href":"https:\/\/immediateevexai.com\/cs\/wp-json\/wp\/v2\/media?parent=4854"}],"curies":[{"name":"wp","href":"https:\/\/api.w.org\/{rel}","templated":true}]}}