{"id":5120,"date":"2020-09-18T14:36:50","date_gmt":"2020-09-18T14:36:50","guid":{"rendered":"https:\/\/immediateevexai.com\/o-nas\/"},"modified":"2024-11-13T21:20:16","modified_gmt":"2024-11-13T21:20:16","slug":"o-nas","status":"publish","type":"page","link":"https:\/\/immediateevexai.com\/cs\/o-nas\/","title":{"rendered":"O n\u00e1s"},"content":{"rendered":"<?xml encoding=\"UTF-8\"><div class=\"gb-container gb-container-a462a256\">\n<div class=\"gb-container gb-container-2acc6621\">\n\n<h1 class=\"gb-headline gb-headline-d325e19c gb-headline-text\">O n&aacute;s &ndash; R00001<\/h1>\n\n<\/div>\n<\/div><div class=\"gb-container gb-container-233447a9\">\n<div class=\"gb-grid-wrapper gb-grid-wrapper-3ae00e00\">\n<div class=\"gb-grid-column gb-grid-column-196febdb\"><div class=\"gb-container gb-container-196febdb\">\n\n<h2 class=\"gb-headline gb-headline-db283a53 gb-headline-text\">Co je R00001?<\/h2>\n\n\n\n<p class=\"gb-headline gb-headline-97ddb752 gb-headline-text\">Kdy&#382; se stanete &#269;lenem komunity <a href=\"https:\/\/immediateevexai.com\/cs\/\" data-type=\"page\" data-id=\"3554\">R00001<\/a> , z&iacute;sk&aacute;te exkluzivn&iacute; p&#345;&iacute;stup k p&#345;edn&iacute;mu softwaru pro obchodov&aacute;n&iacute; s kryptom&#283;nami. Bu&#271;te si jisti, &#382;e k vyu&#382;it&iacute; jeho pln&eacute;ho potenci&aacute;lu nejsou nutn&eacute; &#382;&aacute;dn&eacute; p&#345;edchoz&iacute; obchodn&iacute; dovednosti ani zku&scaron;enosti.<br><br>Na&scaron;e platforma nab&iacute;z&iacute; &#345;adu v&yacute;hod. Nejen, &#382;e shroma&#382;&#271;uje a analyzuje data, ale tak&eacute; &#269;in&iacute; logick&aacute; a nezaujat&aacute; rozhodnut&iacute; a prov&aacute;d&iacute; obchody va&scaron;&iacute;m jm&eacute;nem t&eacute;m&#283;&#345; nep&#345;etr&#382;it&#283;.<br><br>R00001 p&#345;esahuje r&aacute;mec pouh&eacute;ho automatizovan&eacute;ho obchodn&iacute;ho softwaru; podporuje komplexn&iacute; online obchodn&iacute; komunitu. Na&scaron;i &#269;lenov&eacute; si u&#382;&iacute;vaj&iacute; v&yacute;hody bezprobl&eacute;mov&eacute;ho zapojen&iacute; do ziskov&yacute;ch obchod&#367; s kryptom&#283;nami s automatickou p&#345;esnost&iacute;.<br><br>To, co odli&scaron;uje R00001, je jeho jedine&#269;n&aacute; schopnost rychle analyzovat trendy na trhu a prov&aacute;d&#283;t automatizovan&eacute; obchodn&iacute; akce, &#269;&iacute;m&#382; p&#345;ekon&aacute;v&aacute; ostatn&iacute; obchodn&iacute; software o pozoruhodn&yacute;ch 0,01 sekundy.<\/p>\n\n<\/div><\/div>\n\n<div class=\"gb-grid-column gb-grid-column-7c640362\"><div class=\"gb-container gb-container-7c640362\">\n\n<p class=\"gb-headline gb-headline-d02564a9 gb-headline-text\"><strong>Zjist&#283;te v&iacute;ce o na&scaron;&iacute; platform&#283; &ndash; bezplatn&aacute; registrace<\/strong><\/p>\n\n\n<?xml encoding=\"UTF-8\"><script>\n        localStorage.setItem('fxbot_ab_testing', '{\"login\":[],\"registration\":[],\"contactus\":[]}');\n    <\/script><style>\n        .reCAPTCHAContent {\n            display: none;\n            visibility: hidden;\n        }\n    <\/style><script>\n    localStorage.setItem('fxbot_api_parameters', '[{\"key\":\"emailmarketing\",\"value\":\"1\",\"override\":true},{\"key\":\"funnel\",\"value\":\"KW_F_00001\",\"override\":true}]');\n    localStorage.setItem('fxbot_alias_url', 'wp-content\/plugins\/fxbot-registration-form\/api.php');\n    localStorage.setItem('fxbot_email_marketing', '1');\n    localStorage.setItem('fxbot_email_marketing_debounce', 'true');\n    localStorage.setItem('fxbot_email_marketing_debounce_time', '1000');\n    localStorage.setItem('fxbot_recaptcha_enabled', 'false');\n    localStorage.setItem('fxbot_recaptcha_site_key', 'EMPTY');\n    localStorage.setItem('fxbot_alt_reg_popup_query_selector', '');\n    localStorage.setItem('fxbot_redirectVariant', '0');\n<\/script><div class=\"form-widget\" id=\"optInFormWrapper\">\n    <form action=\"\" class=\"flex flex-column\" data-form=\"optInForm\" data-urlsearchparams=\"\" data-widget=\"registration_2_step\" id=\"opt-form\" method=\"post\" name=\"optInForm\">\n        <div class=\"elementor-field-type-text elementor-field-group elementor-column elementor-field-group-name elementor-col-100 form-group\">\n            <label for=\"form-first_name\" class=\"elementor-field-label elementor-screen-only\">Jm&eacute;no<\/label>\n            <input class=\"elementor-field elementor-size-sm  elementor-field-textual regFormFirstName\" placeholder=\"Jm&eacute;no\" data-input=\"firstname\" data-valid=\"false\" id=\"form-first_name\" name=\"firstname\" size=\"1\" type=\"text\">\n            <p class=\"error-message\"><\/p>\n        <\/div>\n\n        <div class=\"elementor-field-type-text elementor-field-group elementor-column elementor-field-group-name elementor-col-100 form-group\">\n            <label for=\"form-last_name\" class=\"elementor-field-label elementor-screen-only\">P&#345;&iacute;jmen&iacute;<\/label>\n            <input class=\"elementor-field elementor-size-sm elementor-field-textual regFormLastNname\" placeholder=\"P&#345;&iacute;jmen&iacute;\" data-input=\"lastname\" data-valid=\"false\" id=\"form-last_name\" name=\"lastname\" size=\"1\" type=\"text\">\n            <p class=\"error-message\"><\/p>\n        <\/div>\n\n        <div class=\"form-group elementor-field-type-text elementor-field-group elementor-column elementor-field-group-name elementor-col-100\">\n            <label class=\"elementor-field-label elementor-screen-only\" for=\"form-email\">E-mailem<\/label>\n            <input class=\"regFormEmail elementor-field elementor-size-sm elementor-field-textual\" placeholder=\"E-mailem\" data-input=\"email\" data-valid=\"false\" id=\"form-email\" name=\"email\" type=\"email\">\n            <p class=\"error-message\"><\/p>\n            <div class=\"form-group__emailValid-info\">\n                <span class=\"form-group__emailValid-message\"><span>M&#283;li jste na mysli<\/span> <b><\/b>?<\/span> <span class=\"form-group__emailValid-btn\">Nahradit<\/span>            <\/div>\n        <\/div>\n\n        <p class=\"reCAPTCHAContent\">\n            Tento web je chr&aacute;n&#283;n reCAPTCHA a plat&iacute; <a href=\"https:\/\/policies.google.com\/privacy\/cs\/\" target=\"_blank\" rel=\"noopener\">Z&aacute;sady ochrany osobn&iacute;ch &uacute;daj&#367; Google<\/a> a <a href=\"https:\/\/policies.google.com\/terms\/cs\/\" target=\"_blank\" rel=\"noopener\">Podm&iacute;nky slu&#382;by<\/a>.        <\/p>\n\n        <button class=\"zoom regFormButton elementor-button elementor-size-sm\" data-button=\"submit\" id=\"optInForm-btn\">\n            Learn More        <\/button>\n    <\/form>\n<\/div><div class=\"form-widget\" id=\"regFormWrapper\" style=\"visibility: hidden; width: 0; height:0\">\n    <form action=\"\" class=\"flex flex-column\" data-form=\"registrationForm\" data-urlsearchparams=\"\" data-widget=\"registration_2_step\" id=\"reg-form\" method=\"post\" name=\"registrationForm\">\n        <div class=\"elementor-field-type-text elementor-field-group elementor-column elementor-field-group-name elementor-col-100 form-group\">\n            <label for=\"form-first_name\" class=\"elementor-field-label elementor-screen-only\">Jm&eacute;no<\/label>\n            <input class=\"elementor-field elementor-size-sm  elementor-field-textual regFormFirstName\" placeholder=\"Jm&eacute;no\" data-input=\"firstname\" data-valid=\"false\" id=\"form-first_name\" name=\"firstname\" size=\"1\" type=\"text\">\n            <p class=\"error-message\"><\/p>\n        <\/div>\n\n        <div class=\"elementor-field-type-text elementor-field-group elementor-column elementor-field-group-name elementor-col-100 form-group\">\n            <label for=\"form-last_name\" class=\"elementor-field-label elementor-screen-only\">P&#345;&iacute;jmen&iacute;<\/label>\n            <input class=\"elementor-field elementor-size-sm elementor-field-textual regFormLastNname\" placeholder=\"P&#345;&iacute;jmen&iacute;\" data-input=\"lastname\" data-valid=\"false\" id=\"form-last_name\" name=\"lastname\" size=\"1\" type=\"text\">\n            <p class=\"error-message\"><\/p>\n        <\/div>\n\n        <div class=\"elementor-field-type-text elementor-field-group elementor-column elementor-field-group-name elementor-col-100 form-group form-group__emailValid\">\n            <label class=\"elementor-field-label elementor-screen-only\" for=\"form-email\">E-mailem<\/label>\n            <input class=\"elementor-field elementor-size-sm elementor-field-textual regFormEmail\" placeholder=\"E-mailem\" data-input=\"email\" data-valid=\"false\" id=\"form-email\" name=\"email\" type=\"email\">\n            <p class=\"error-message\"><\/p>\n            <p class=\"form-group__emailValid-info\">\n                <span class=\"form-group__emailValid-message\"><span>M&#283;li jste na mysli<\/span> <b><\/b>?<\/span> <span class=\"form-group__emailValid-btn\">Nahradit<\/span>            <\/p>\n        <\/div>\n\n        <div class=\"elementor-field-type-tel elementor-field-group elementor-column elementor-field-group-field_fad38fc elementor-col-100 form-group reg-phone\">\n            <label class=\"elementor-field-label elementor-screen-only\" for=\"form-phone_number\">Telefonn&iacute; &#269;&iacute;slo<\/label>\n            <input class=\"elementor-field elementor-size-sm elementor-field-textual regFormPhoneNumber\" placeholder=\"Telefonn&iacute; &#269;&iacute;slo\" autocompvare=\"off\" data-input=\"phone_number\" data-valid=\"false\" id=\"form-phone_number\" name=\"phone_number\" size=\"1\" type=\"text\">\n            <p class=\"error-message\"><\/p>\n        <\/div>\n\n        <p class=\"reCAPTCHAContent\">\n            Tento web je chr&aacute;n&#283;n reCAPTCHA a plat&iacute; <a href=\"https:\/\/policies.google.com\/privacy\/cs\/\" target=\"_blank\" rel=\"noopener\">Z&aacute;sady ochrany osobn&iacute;ch &uacute;daj&#367; Google<\/a> a <a href=\"https:\/\/policies.google.com\/terms\/cs\/\" target=\"_blank\" rel=\"noopener\">Podm&iacute;nky slu&#382;by<\/a>.        <\/p>\n\n        <button class=\"elementor-button zoom regFormButton\" data-button=\"submit\" id=\"form-btn\" type=\"button\">\n            Learn More        <\/button>\n\n        <div class=\"wrapper__rar-no\" data-modal=\"success\" style=\"display: none\">\n            <div class=\"success\">\n                <img decoding=\"async\" src=\"\/wp-content\/plugins\/fxbot-registration-form\/assets\/images\/regSuccess.png\" alt=\"D&#283;kujeme za registraci\" title=\"\">\n                <p>D&#283;kujeme za registraci.<br> N&aacute;&scaron; agent v&aacute;s brzy kontaktuje.<br> Ujist&#283;te se, &#382;e jste pou&#382;ili skute&#269;n&eacute; telefonn&iacute; &#269;&iacute;slo.<br> D&iacute;ky.<\/p>\n            <\/div>\n        <\/div>\n\n        <div class=\"wrapper__rar-no\" data-modal=\"alternative_success\" style=\"display: none\">\n            <div class=\"success\">\n                <p class=\"reg_title\">\n                    <b>&Uacute;sp&#283;&scaron;n&#283; jste se p&#345;ipojili.<\/b>\n                <\/p>\n                <p>Z&aacute;stupce spole&#269;nosti v&aacute;s brzy kontaktuje. Ujist&#283;te se, &#382;e jste k dispozici telefonicky, abyste nezme&scaron;kali hovor.<\/p>\n            <\/div>\n        <\/div>\n\n        <div class=\"wrapper__error\" data-modal=\"error\" style=\"display: none\"><\/div>\n    <\/form>\n<\/div><div class=\"submit-overlay\" style=\"display: none;\">\n    <div class=\"lds-spinner\">\n        <div><\/div>\n        <div><\/div>\n        <div><\/div>\n        <div><\/div>\n        <div><\/div>\n        <div><\/div>\n        <div><\/div>\n        <div><\/div>\n    <\/div>\n    <p class=\"overlay-text\">Spoj&iacute;me v&aacute;s s nejlep&scaron;&iacute;m makl&eacute;&#345;em ve va&scaron;&iacute; oblasti<\/p>\n<\/div>\n\n\n<\/div><\/div>\n<\/div>\n<\/div><div class=\"gb-container gb-container-197d4570\">\n\n<a class=\"gb-button gb-button-e8c7dfa5\" href=\"https:\/\/immediateevexai.com\/cs\/\"><span class=\"gb-button-text\">Z&Iacute;SKEJTE P&#344;&Iacute;STUP K R00002 NYN&Iacute;<\/span><span class=\"gb-icon\"><svg xmlns=\"http:\/\/www.w3.org\/2000\/svg\" aria-hidden=\"true\" role=\"img\" height=\"1em\" width=\"1em\" viewbox=\"0 0 256 512\"><path fill=\"currentColor\" d=\"M224.3 273l-136 136c-9.4 9.4-24.6 9.4-33.9 0l-22.6-22.6c-9.4-9.4-9.4-24.6 0-33.9l96.4-96.4-96.4-96.4c-9.4-9.4-9.4-24.6 0-33.9L54.3 103c9.4-9.4 24.6-9.4 33.9 0l136 136c9.5 9.4 9.5 24.6.1 34z\"><\/path><\/svg><\/span><\/a>\n\n<\/div><div class=\"gb-container gb-container-1bdeec8b\">\n<div class=\"gb-container gb-container-9d34a979\"><\/div>\n\n<div class=\"gb-container gb-container-1e789d4e\">\n\n<h3 class=\"gb-headline gb-headline-29613722 gb-headline-text\"><strong>V&yacute;hody softwaru R00002<\/strong><\/h3>\n\n\n\n<p>R00001 vynik&aacute; v nep&#345;etr&#382;it&eacute;m sb&#283;ru a efektivn&iacute; anal&yacute;ze tr&#382;n&iacute;ch dat v re&aacute;ln&eacute;m &#269;ase. To umo&#382;&#328;uje na&scaron;emu softwaru prov&aacute;d&#283;t obchodn&iacute; p&#345;&iacute;kazy za v&aacute;s bezkonkuren&#269;n&iacute; rychlost&iacute;, kter&aacute; p&#345;ekon&aacute;v&aacute; lidsk&eacute; obchodn&iacute;ky i jin&eacute; poskytovatele softwaru. To, co odli&scaron;uje R00001 od ostatn&iacute;ch, nen&iacute; pouze jeho rychlost, ale tak&eacute; jeho schopnost &#269;init logick&aacute; a statisticky zalo&#382;en&aacute; obchodn&iacute; rozhodnut&iacute;, bez vlivu lidsk&yacute;ch emoc&iacute;, zaji&scaron;&#357;uj&iacute;c&iacute; objektivn&iacute; obchodn&iacute; v&yacute;sledky.<br><br>Jednou z pozoruhodn&yacute;ch vlastnost&iacute; R00001 je jeho schopnost backstagingu, kter&aacute; v&aacute;m umo&#382;&#328;uje otestovat va&scaron;e nastaven&iacute; pomoc&iacute; historick&yacute;ch tr&#382;n&iacute;ch podm&iacute;nek. Tento neoceniteln&yacute; n&aacute;stroj zaji&scaron;&#357;uje optimalizaci v&aacute;mi zvolen&eacute;ho nastaven&iacute; pro maxim&aacute;ln&iacute; ziskovost. Va&scaron;e p&#345;izp&#367;soben&aacute; pravidla budou pe&#269;liv&#283; zachov&aacute;na a dodr&#382;ov&aacute;na, proto&#382;e n&aacute;&scaron; sofistikovan&yacute; software &#345;&iacute;d&iacute; obchodn&iacute; proces va&scaron;&iacute;m jm&eacute;nem.<br><br>R00002 poskytuje automatick&eacute; i manu&aacute;ln&iacute; mo&#382;nosti obchodov&aacute;n&iacute;, co&#382; u&#382;ivatel&#367;m umo&#382;&#328;uje ur&#269;it &uacute;rove&#328; zapojen&iacute; do jejich obchod&#367; na z&aacute;klad&#283; &uacute;rovn&#283; jejich dovednost&iacute;, dostupnosti &#269;asu nebo osobn&iacute;ho z&aacute;jmu. Na&scaron;e platforma nav&iacute;c podporuje v&iacute;ce &uacute;&#269;t&#367;, co&#382; v&aacute;m umo&#382;&#328;uje zkoumat r&#367;zn&eacute; strategie, porovn&aacute;vat a nakonec vyu&#382;&iacute;t ziskov&#283;j&scaron;&iacute; p&#345;&iacute;le&#382;itosti.<br><br>S R00002 m&#367;&#382;ete odemknout sv&#283;t vylep&scaron;en&yacute;ch obchodn&iacute;ch mo&#382;nost&iacute;, co&#382; v&aacute;m umo&#382;n&iacute; maximalizovat sv&#367;j ziskov&yacute; potenci&aacute;l a z&aacute;rove&#328; si zachovat kontrolu nad sv&yacute;mi obchodn&iacute;mi zku&scaron;enostmi.<\/p>\n\n<\/div>\n<\/div><div class=\"gb-container gb-container-67945ee0\">\n<div class=\"gb-container gb-container-12a13938\">\n\n<a class=\"gb-button gb-button-15cad45f\" href=\"https:\/\/immediateevexai.com\/cs\/\"><span class=\"gb-button-text\"><strong>TEST R00001<\/strong><\/span><span class=\"gb-icon\"><svg xmlns=\"http:\/\/www.w3.org\/2000\/svg\" aria-hidden=\"true\" role=\"img\" height=\"1em\" width=\"1em\" viewbox=\"0 0 256 512\"><path fill=\"currentColor\" d=\"M224.3 273l-136 136c-9.4 9.4-24.6 9.4-33.9 0l-22.6-22.6c-9.4-9.4-9.4-24.6 0-33.9l96.4-96.4-96.4-96.4c-9.4-9.4-9.4-24.6 0-33.9L54.3 103c9.4-9.4 24.6-9.4 33.9 0l136 136c9.5 9.4 9.5 24.6.1 34z\"><\/path><\/svg><\/span><\/a>\n\n<\/div>\n<\/div><div class=\"gb-container gb-container-5d2e4740\">\n<div class=\"gb-container gb-container-d34d15be\">\n<div class=\"gb-grid-wrapper gb-grid-wrapper-4257ebc4\">\n<div class=\"gb-grid-column gb-grid-column-60a1d140\"><div class=\"gb-container gb-container-60a1d140\">\n<div class=\"gb-container gb-container-d446dbb2\">\n\n<span class=\"gb-button gb-button-4f39012e\"><span class=\"gb-icon\"><svg xmlns=\"http:\/\/www.w3.org\/2000\/svg\" height=\"15\" width=\"15\" fill=\"none\" viewbox=\"0 0 15 15\"><path fill=\"currentColor\" d=\"M4 1.5V4H1.5A1.5 1.5 0 000 5.5v8A1.5 1.5 0 001.5 15h8a1.5 1.5 0 001.5-1.5V11h2.5A1.5 1.5 0 0015 9.5v-8A1.5 1.5 0 0013.5 0h-8A1.5 1.5 0 004 1.5zM5.5 1a.5.5 0 00-.5.5V4h4.5A1.5 1.5 0 0111 5.5V10h2.5a.5.5 0 00.5-.5v-8a.5.5 0 00-.5-.5h-8zm0 10A1.5 1.5 0 014 9.5V5H1.5a.5.5 0 00-.5.5v8a.5.5 0 00.5.5h8a.5.5 0 00.5-.5V11H5.5z\" clip-rule=\"evenodd\" fill-rule=\"evenodd\"><\/path><\/svg><\/span><\/span>\n\n<\/div>\n\n\n<h3 class=\"gb-headline gb-headline-f8d314cb gb-headline-text\"><strong>Softwarov&eacute; &#345;e&scaron;en&iacute;<\/strong><\/h3>\n\n\n\n<p class=\"has-text-align-center\"><\/p>\n\n\n\n<p>R00001 byl pe&#269;liv&#283; navr&#382;en tak, aby slou&#382;il jako neoceniteln&yacute; a u&#382;ivatelsky p&#345;&iacute;v&#283;tiv&yacute; n&aacute;stroj pro obchodn&iacute;ky v&scaron;ech &uacute;rovn&iacute; znalost&iacute;. Na&scaron;e platforma v&aacute;m umo&#382;&#328;uje bez n&aacute;mahy obchodovat Bitcoin a dal&scaron;&iacute;mi kryptom&#283;nami s maxim&aacute;ln&iacute; lehkost&iacute; a &uacute;&#269;innost&iacute;.<br><br>S R00001 se m&#367;&#382;ete pono&#345;it do sv&#283;ta obchodov&aacute;n&iacute; s kryptom&#283;nami, ani&#382; byste museli investovat zna&#269;n&yacute; &#269;as a &uacute;sil&iacute; do studia tr&#382;n&iacute;ch informac&iacute; a trend&#367;. Pry&#269; jsou dny n&aacute;ro&#269;n&yacute;ch &uacute;kol&#367; a strm&eacute; k&#345;ivky u&#269;en&iacute; spojen&eacute; s obchodov&aacute;n&iacute;m s potenci&aacute;ln&iacute;mi zisky. R00001 poskytuje dokonal&eacute; &#345;e&scaron;en&iacute; t&iacute;m, &#382;e v&aacute;m umo&#382;&#328;uje za&#269;&iacute;t obchodovat bez jak&yacute;chkoli p&#345;edchoz&iacute;ch znalost&iacute; nebo zku&scaron;enost&iacute;, co&#382; z va&scaron;&iacute; strany vy&#382;aduje minim&aacute;ln&iacute; &#269;as a &uacute;sil&iacute;.<br><br>Na&scaron;e u&#382;ivatelsky p&#345;&iacute;v&#283;tiv&eacute; rozhran&iacute; a intuitivn&iacute; funkce zaji&scaron;&#357;uj&iacute; bezprobl&eacute;mov&yacute; obchodn&iacute; z&aacute;&#382;itek, kter&yacute; v&aacute;m umo&#382;n&iacute; soust&#345;edit se na vytv&aacute;&#345;en&iacute; ziskov&yacute;ch obchod&#367;, sp&iacute;&scaron;e ne&#382; se ztr&aacute;cet ve slo&#382;it&eacute; anal&yacute;ze trhu. R00002 zjednodu&scaron;uje obchodn&iacute; proces a umo&#382;&#328;uje v&aacute;m p&#345;istupovat na trh s kryptom&#283;nami s jistotou a lehkost&iacute;, bez ohledu na &uacute;rove&#328; va&scaron;ich dovednost&iacute;.<br><br>Za&#382;ijte pohodl&iacute; a efektivitu R00002, dokonal&eacute;ho &#345;e&scaron;en&iacute; pro bezprobl&eacute;mov&eacute; obchodov&aacute;n&iacute; s kryptom&#283;nami. P&#345;ijm&#283;te novou &eacute;ru obchodov&aacute;n&iacute;, kde jednoduchost a efektivita jdou ruku v ruce.<\/p>\n\n<\/div><\/div>\n\n<div class=\"gb-grid-column gb-grid-column-6922dcd9\"><div class=\"gb-container gb-container-6922dcd9\">\n<div class=\"gb-container gb-container-b5c2993b\">\n\n<span class=\"gb-button gb-button-05b34aef\"><span class=\"gb-icon\"><svg xmlns=\"http:\/\/www.w3.org\/2000\/svg\" height=\"15\" width=\"15\" fill=\"none\" viewbox=\"0 0 15 15\"><path fill=\"currentColor\" d=\"M4 4V1.5A1.5 1.5 0 015.5 0h8A1.5 1.5 0 0115 1.5v8a1.5 1.5 0 01-1.5 1.5H11v2.5A1.5 1.5 0 019.5 15h-8A1.5 1.5 0 010 13.5v-8A1.5 1.5 0 011.5 4H4zm6 1v5H5V5h5z\" clip-rule=\"evenodd\" fill-rule=\"evenodd\"><\/path><\/svg><\/span><\/span>\n\n<\/div>\n\n\n<h3 class=\"gb-headline gb-headline-13950594 gb-headline-text\"><strong>R00001 Trader Review<\/strong><\/h3>\n\n\n\n<p class=\"has-text-align-center\"><\/p>\n\n\n\n<p>R00003 je d&#367;v&#283;ryhodn&yacute; obchodn&iacute; n&aacute;stroj, kter&yacute; nab&iacute;z&iacute; manu&aacute;ln&iacute; i pln&#283; automatizovan&eacute; mo&#382;nosti a zaji&scaron;&#357;uje p&#345;esn&eacute; prov&aacute;d&#283;n&iacute; obchod&#367; s kryptom&#283;nami va&scaron;&iacute;m jm&eacute;nem. Na rozd&iacute;l od jin&eacute;ho softwaru pro obchodov&aacute;n&iacute; s m&#283;nou Bitcoin se R00003 spol&eacute;h&aacute; na pokro&#269;il&eacute; algoritmy, kter&eacute; pe&#269;liv&#283; analyzuj&iacute; tr&#382;n&iacute; data, co&#382; vede k pozoruhodn&eacute; m&iacute;&#345;e p&#345;esnosti 99,4 %.   <br><br>To, co odli&scaron;uje R00003, je jeho v&yacute;jime&#269;n&aacute; rychlost, kter&aacute; poskytuje v&yacute;znamnou v&yacute;hodu 0,01 sekundy oproti jin&yacute;m softwarov&yacute;m mo&#382;nostem. Tato v&yacute;hoda rychlosti &#345;ad&iacute; R00003 jako nejlep&scaron;&iacute; volbu mezi obchodn&iacute;ky, kte&#345;&iacute; hledaj&iacute; optim&aacute;ln&iacute; proveden&iacute; a efektivitu obchodu. <br><br>Vynikaj&iacute;c&iacute; v&yacute;kon R00001 z&iacute;skal uzn&aacute;n&iacute; od v&aacute;&#382;en&eacute; americk&eacute; obchodn&iacute; asociace a zajistil si nejvy&scaron;&scaron;&iacute; pozici v kategorii Trading software. Jeho webov&aacute; platforma nav&iacute;c eliminuje pot&#345;ebu stahov&aacute;n&iacute;, zaji&scaron;&#357;uje kompatibilitu a z&iacute;sk&aacute;v&aacute; souhlas antivirov&yacute;ch spole&#269;nost&iacute;.<br><br>S R00001 m&#367;&#382;ete s jistotou p&#345;ijmout spolehliv&yacute; a efektivn&iacute; obchodn&iacute; z&aacute;&#382;itek podpo&#345;en&yacute; &scaron;pi&#269;kovou technologi&iacute; a uzn&aacute;n&iacute;m v oboru. P&#345;ipojte se k &#345;ad&aacute;m &uacute;sp&#283;&scaron;n&yacute;ch obchodn&iacute;k&#367;, kte&#345;&iacute; odemkli pln&yacute; potenci&aacute;l sv&yacute;ch snah o obchodov&aacute;n&iacute; s kryptom&#283;nami s R00002.<\/p>\n\n<\/div><\/div>\n\n<div class=\"gb-grid-column gb-grid-column-58d3b69b\"><div class=\"gb-container gb-container-58d3b69b\">\n<div class=\"gb-container gb-container-7f21e89f\">\n\n<span class=\"gb-button gb-button-df17151f\"><span class=\"gb-icon\"><svg xmlns=\"http:\/\/www.w3.org\/2000\/svg\" height=\"15\" width=\"15\" fill=\"none\" viewbox=\"0 0 15 15\"><path fill=\"currentColor\" d=\"M4 4H1.5A1.5 1.5 0 000 5.5v8A1.5 1.5 0 001.5 15h8a1.5 1.5 0 001.5-1.5V11h2.5A1.5 1.5 0 0015 9.5v-8A1.5 1.5 0 0013.5 0h-8A1.5 1.5 0 004 1.5V4zm1-2.5a.5.5 0 01.5-.5h8a.5.5 0 01.5.5v8a.5.5 0 01-.5.5h-8a.5.5 0 01-.5-.5v-8z\" clip-rule=\"evenodd\" fill-rule=\"evenodd\"><\/path><\/svg><\/span><\/span>\n\n<\/div>\n\n\n<h3 class=\"gb-headline gb-headline-7625b1b1 gb-headline-text\"><strong>Dra&#269;&iacute; doup&#283;<\/strong><\/h3>\n\n\n\n<p class=\"has-text-align-center\"><\/p>\n\n\n\n<p>R00003 Software je zcela nez&aacute;visl&yacute; na jak&eacute;mkoli spojen&iacute; s notoricky zn&aacute;m&yacute;m Dragons Den Scam. Dragons Den, tak&eacute; zn&aacute;m&yacute; jako podvod Bitcoin Loophole, funguje jako klamn&eacute; sch&eacute;ma, kter&eacute; l&aacute;k&aacute; nic netu&scaron;&iacute;c&iacute; jednotlivce, aby investovali do podvodn&eacute;ho podniku maskovan&eacute;ho jako inovativn&iacute; softwarov&yacute; startup. Je d&#367;le&#382;it&eacute; si uv&#283;domit, &#382;e podvod nebyl nikdy uveden v televizn&iacute; show Dra&#269;&iacute; doup&#283; ani nebyl schv&aacute;len &#382;&aacute;dn&yacute;m z jej&iacute;ch &#269;len&#367;.<br><br>Uv&#283;domte si pros&iacute;m, &#382;e podvodn&yacute; podvod Dragons Den zneu&#382;&iacute;v&aacute; pov&#283;st p&#367;vodn&iacute;ho renomovan&eacute;ho softwaru a celebrit spojen&yacute;ch s p&#345;edstaven&iacute;m, aby oklamal lidi, aby se rozlou&#269;ili se sv&yacute;mi t&#283;&#382;ce vyd&#283;lan&yacute;mi pen&#283;zi. Je nezbytn&eacute; db&aacute;t opatrnosti a vyh&yacute;bat se jak&eacute;koli reklam&#283; nebo publikac&iacute;m, kter&eacute; obsahuj&iacute; nepodlo&#382;en&aacute; tvrzen&iacute;. R00003 Software nem&aacute; &#382;&aacute;dn&yacute; vztah ke klamav&yacute;m praktik&aacute;m podvodu Dragons Den a d&#367;razn&#283; v&aacute;m doporu&#269;ujeme chr&aacute;nit se t&iacute;m, &#382;e se budete vyh&yacute;bat takov&yacute;m zav&aacute;d&#283;j&iacute;c&iacute;m pl&aacute;n&#367;m.<\/p>\n\n<\/div><\/div>\n<\/div>\n<\/div>\n<\/div><div class=\"gb-container gb-container-39bfdacb\">\n<div class=\"gb-container gb-container-45f3ab74\">\n\n<h3 class=\"gb-headline gb-headline-e982b89b gb-headline-text\">Zaregistrujte se bezpe&#269;n&#283; na R00003<\/h3>\n\n\n\n<a class=\"gb-button gb-button-a3e3ab09\" href=\"https:\/\/immediateevexai.com\/cs\/\"><span class=\"gb-button-text\">Zaregistrujte se bezpe&#269;n&#283;<\/span><span class=\"gb-icon\"><svg xmlns=\"http:\/\/www.w3.org\/2000\/svg\" aria-hidden=\"true\" role=\"img\" height=\"1em\" width=\"1em\" viewbox=\"0 0 256 512\"><path fill=\"currentColor\" d=\"M224.3 273l-136 136c-9.4 9.4-24.6 9.4-33.9 0l-22.6-22.6c-9.4-9.4-9.4-24.6 0-33.9l96.4-96.4-96.4-96.4c-9.4-9.4-9.4-24.6 0-33.9L54.3 103c9.4-9.4 24.6-9.4 33.9 0l136 136c9.5 9.4 9.5 24.6.1 34z\"><\/path><\/svg><\/span><\/a>\n\n<\/div>\n<\/div>\n","protected":false},"excerpt":{"rendered":"<p>O n&aacute;s &ndash; R00001 V&yacute;hody softwaru R00002 R00001 vynik&aacute; v nep&#345;etr&#382;it&eacute;m sb&#283;ru a efektivn&iacute; anal&yacute;ze tr&#382;n&iacute;ch dat v re&aacute;ln&eacute;m &#269;ase. To umo&#382;&#328;uje na&scaron;emu softwaru prov&aacute;d&#283;t obchodn&iacute; p&#345;&iacute;kazy za v&aacute;s bezkonkuren&#269;n&iacute; rychlost&iacute;, kter&aacute; p&#345;ekon&aacute;v&aacute; lidsk&eacute; obchodn&iacute;ky i jin&eacute; poskytovatele softwaru. To, co odli&scaron;uje R00001 od ostatn&iacute;ch, nen&iacute; pouze jeho rychlost, ale tak&eacute; jeho schopnost &#269;init logick&aacute; &#8230; <a title=\"O n\u00e1s\" class=\"read-more\" href=\"https:\/\/immediateevexai.com\/cs\/o-nas\/\" aria-label=\"\u010c\u00edst v\u00edce o O n\u00e1s\">Read more<\/a><\/p>\n","protected":false},"author":1,"featured_media":0,"parent":0,"menu_order":0,"comment_status":"closed","ping_status":"closed","template":"","meta":{"footnotes":""},"class_list":["post-5120","page","type-page","status-publish"],"_links":{"self":[{"href":"https:\/\/immediateevexai.com\/cs\/wp-json\/wp\/v2\/pages\/5120","targetHints":{"allow":["GET"]}}],"collection":[{"href":"https:\/\/immediateevexai.com\/cs\/wp-json\/wp\/v2\/pages"}],"about":[{"href":"https:\/\/immediateevexai.com\/cs\/wp-json\/wp\/v2\/types\/page"}],"author":[{"embeddable":true,"href":"https:\/\/immediateevexai.com\/cs\/wp-json\/wp\/v2\/users\/1"}],"replies":[{"embeddable":true,"href":"https:\/\/immediateevexai.com\/cs\/wp-json\/wp\/v2\/comments?post=5120"}],"version-history":[{"count":6,"href":"https:\/\/immediateevexai.com\/cs\/wp-json\/wp\/v2\/pages\/5120\/revisions"}],"predecessor-version":[{"id":13611,"href":"https:\/\/immediateevexai.com\/cs\/wp-json\/wp\/v2\/pages\/5120\/revisions\/13611"}],"wp:attachment":[{"href":"https:\/\/immediateevexai.com\/cs\/wp-json\/wp\/v2\/media?parent=5120"}],"curies":[{"name":"wp","href":"https:\/\/api.w.org\/{rel}","templated":true}]}}