{"id":4824,"date":"2023-07-27T10:28:47","date_gmt":"2023-07-27T10:28:47","guid":{"rendered":"https:\/\/immediateevexai.com\/ehdot-ja-edellytykset\/"},"modified":"2024-03-27T11:41:25","modified_gmt":"2024-03-27T11:41:25","slug":"ehdot-ja-edellytykset","status":"publish","type":"page","link":"https:\/\/immediateevexai.com\/fi\/ehdot-ja-edellytykset\/","title":{"rendered":"k\u00e4ytt\u00f6ehdot"},"content":{"rendered":"<?xml encoding=\"UTF-8\"><div class=\"gb-container gb-container-f493ca47\">\n<div class=\"gb-container gb-container-74097ace\">\n\n<h1 class=\"gb-headline gb-headline-d325e19c gb-headline-text\">k&auml;ytt&ouml;ehdot<\/h1>\n\n<\/div>\n<\/div><div class=\"gb-container gb-container-54f31550\">\n<div class=\"gb-container gb-container-5c3c159e\">\n\n<p>Viimeksi p&auml;ivitetty: 31. toukokuuta 2023<\/p>\n\n\n\n<p>Lue n&auml;m&auml; ehdot huolellisesti ennen Palvelumme k&auml;ytt&ouml;&auml;.<\/p>\n\n\n\n<h2 class=\"gb-headline gb-headline-9278717c gb-headline-text\"><strong>Tulkinta ja m&auml;&auml;ritelm&auml;t<\/strong><\/h2>\n\n\n\n<p><strong>Tulkinta<\/strong><\/p>\n\n\n\n<p>Sanoilla, joiden alkukirjain kirjoitetaan isolla, on merkitykset, jotka on m&auml;&auml;ritelty seuraavissa olosuhteissa. Seuraavilla m&auml;&auml;ritelmill&auml; on sama merkitys riippumatta siit&auml;, esiintyv&auml;tk&ouml; ne yksik&ouml;ss&auml; vai monikkomuodossa.<\/p>\n\n\n\n<p><strong>M&auml;&auml;ritelm&auml;t<\/strong><\/p>\n\n\n\n<p>N&auml;it&auml; k&auml;ytt&ouml;ehtoja varten:<\/p>\n\n\n\n<p>Tyt&auml;ryhti&ouml; tarkoittaa tahoa, joka hallitsee, on osapuolen m&auml;&auml;r&auml;ysvallassa tai on yhteisess&auml; m&auml;&auml;r&auml;ysvallassa osapuolen kanssa, jossa &rdquo;m&auml;&auml;r&auml;ysvalta&rdquo; tarkoittaa v&auml;hint&auml;&auml;n 50 prosentin omistusta osakkeista, osakkeista tai muista arvopapereista, jotka ovat oikeutettuja &auml;&auml;nest&auml;m&auml;&auml;n johtajien valinnassa tai muu hallintoviranomainen.<\/p>\n\n\n\n<p>Tili tarkoittaa ainutlaatuista tili&auml;, joka on luotu sinulle, jotta voit k&auml;ytt&auml;&auml; Palveluamme tai Palvelumme osia.<\/p>\n\n\n\n<p>Maa viittaa Singaporeen<\/p>\n\n\n\n<p>Yritys (johon viitataan t&auml;ss&auml; sopimuksessa nimell&auml; &rdquo;Yhti&ouml;&rdquo;, &rdquo;Me&rdquo;, &rdquo;Me&rdquo; tai &rdquo;Meid&auml;n&rdquo;) viittaa Instant Boost Ai &trade; Ltd:hen.<\/p>\n\n\n\n<p>Laite tarkoittaa mit&auml; tahansa laitetta, jolla on p&auml;&auml;sy Palveluun, kuten tietokone, matkapuhelin tai digitaalinen tabletti.<\/p>\n\n\n\n<p>Palvelu viittaa Verkkosivustoon.<\/p>\n\n\n\n<p>Ehdot (kutsutaan my&ouml;s &rdquo;Ehdot&rdquo;) tarkoittavat n&auml;it&auml; ehtoja, jotka muodostavat koko sopimuksen sinun ja yrityksen v&auml;lill&auml; palvelun k&auml;yt&ouml;st&auml;.<\/p>\n\n\n\n<p>Kolmannen osapuolen sosiaalisen median palvelu tarkoittaa mit&auml; tahansa kolmannen osapuolen tarjoamaa palvelua tai sis&auml;lt&ouml;&auml; (mukaan lukien tiedot, tiedot, tuotteet tai palvelut), jotka Palvelu saattaa n&auml;ytt&auml;&auml;, sis&auml;llytt&auml;&auml; tai asettaa saataville.<\/p>\n\n\n\n<p>Verkkosivusto viittaa numeroon R00002, johon p&auml;&auml;see <a href=\"https:\/\/ImmediateEvexAi.com\/fi\/\" data-type=\"page\" data-id=\"3554\" target=\"_blank\" rel=\"noopener\">t&auml;st&auml; osoitteesta<\/a><\/p>\n\n\n\n<p>Tarkoitat henkil&ouml;&auml;, joka k&auml;ytt&auml;&auml; Palvelua tai k&auml;ytt&auml;&auml; Palvelua, tai yrityst&auml; tai muuta oikeushenkil&ouml;&auml;, jonka puolesta kyseinen henkil&ouml; k&auml;ytt&auml;&auml; Palvelua tai k&auml;ytt&auml;&auml; sit&auml; soveltuvin osin.<\/p>\n\n\n\n<h2 class=\"gb-headline gb-headline-a8e59a7c gb-headline-text\"><strong>Tunnustus<\/strong><\/h2>\n\n\n\n<p>N&auml;m&auml; ovat t&auml;m&auml;n palvelun k&auml;ytt&ouml;&auml; koskevat ehdot ja sopimus, joka toimii sinun ja yrityksen v&auml;lill&auml;. N&auml;iss&auml; k&auml;ytt&ouml;ehdoissa m&auml;&auml;ritell&auml;&auml;n kaikkien k&auml;ytt&auml;jien oikeudet ja velvollisuudet Palvelun k&auml;ytt&ouml;&ouml;n liittyen.<\/p>\n\n\n\n<p>P&auml;&auml;sy Palveluun ja sen k&auml;ytt&ouml; edellytt&auml;&auml;, ett&auml; hyv&auml;ksyt n&auml;m&auml; ehdot ja noudatat niit&auml;. N&auml;m&auml; k&auml;ytt&ouml;ehdot koskevat kaikkia vierailijoita, k&auml;ytt&auml;ji&auml; ja muita, jotka k&auml;ytt&auml;v&auml;t tai k&auml;ytt&auml;v&auml;t Palvelua.<\/p>\n\n\n\n<p>K&auml;ytt&auml;m&auml;ll&auml; palvelua tai palvelua sitoudut noudattamaan n&auml;it&auml; ehtoja. Jos olet eri mielt&auml; n&auml;iden k&auml;ytt&ouml;ehtojen jostakin osasta, et voi k&auml;ytt&auml;&auml; Palvelua.<\/p>\n\n\n\n<p>Vakuutat olevasi yli 18-vuotias. Yritys ei salli alle 18-vuotiaiden k&auml;ytt&auml;&auml; Palvelua.<\/p>\n\n\n\n<p>P&auml;&auml;sy Palveluun ja sen k&auml;ytt&ouml; riippuu my&ouml;s siit&auml;, ett&auml; hyv&auml;ksyt ja noudatat Yhti&ouml;n tietosuojak&auml;yt&auml;nt&ouml;&auml;. Tietosuojak&auml;yt&auml;nt&ouml;mme kuvaa k&auml;yt&auml;nt&ouml;j&auml;mme ja menettelyj&auml;mme, jotka koskevat henkil&ouml;tietojesi ker&auml;&auml;mist&auml;, k&auml;ytt&ouml;&auml; ja luovuttamista, kun k&auml;yt&auml;t sovellusta tai verkkosivustoa, ja kertoo sinulle tietosuojaoikeuksistasi ja siit&auml;, kuinka laki suojaa sinua. Lue Tietosuojak&auml;yt&auml;nt&ouml;mme huolellisesti ennen Palvelumme k&auml;ytt&ouml;&auml;.<\/p>\n\n\n\n<h2 class=\"gb-headline gb-headline-b9933f92 gb-headline-text\"><strong>K&auml;ytt&auml;j&auml;tilit<\/strong><\/h2>\n\n\n\n<p>Kun luot tilin kanssamme, sinun on annettava meille tiedot, jotka ovat aina tarkkoja, t&auml;ydellisi&auml; ja ajan tasalla. Jos n&auml;in ei tehd&auml;, rikotaan Ehtoja, mik&auml; voi johtaa tilisi v&auml;litt&ouml;m&auml;&auml;n sulkemiseen Palvelussamme.<\/p>\n\n\n\n<p>Olet vastuussa Palveluun k&auml;ytt&auml;m&auml;si salasanan suojaamisesta ja kaikesta salasanallasi tapahtuvasta toiminnasta riippumatta siit&auml;, onko salasanasi Palvelumme tai kolmannen osapuolen sosiaalisen median palvelussa.<\/p>\n\n\n\n<p>Sitoudut olemaan paljastamatta salasanaasi kolmannelle osapuolelle. Sinun on ilmoitettava meille v&auml;litt&ouml;m&auml;sti, kun huomaat tietoturvaloukkauksista tai tilisi luvattomasta k&auml;yt&ouml;st&auml;.<\/p>\n\n\n\n<p>Et saa k&auml;ytt&auml;&auml; k&auml;ytt&auml;j&auml;tunnuksena toisen henkil&ouml;n tai yhteis&ouml;n nime&auml; tai nime&auml;, joka ei ole laillisesti saatavilla k&auml;ytett&auml;v&auml;ksi, nime&auml; tai tavaramerkki&auml;, joka on toisen henkil&ouml;n tai yhteis&ouml;n muiden kuin sinun oikeuksien alainen ilman asianmukaista lupaa, tai nime&auml;, joka on muuten loukkaavaa, mautonta tai s&auml;&auml;dyt&ouml;nt&auml;.<\/p>\n\n\n\n<h2 class=\"gb-headline gb-headline-30dc5235 gb-headline-text\"><strong>Immateriaaliomaisuus<\/strong><\/h2>\n\n\n\n<p>Palvelu ja sen alkuper&auml;inen sis&auml;lt&ouml; (pois lukien Sinun tai muiden k&auml;ytt&auml;jien tarjoama Sis&auml;lt&ouml;), ominaisuudet ja toiminnot ovat ja pysyv&auml;t Yrityksen ja sen lisenssinantajien yksinomaisuutta.<\/p>\n\n\n\n<p>Palvelu on suojattu tekij&auml;noikeus-, tavaramerkki- ja muilla laeilla sek&auml; maassa ett&auml; ulkomailla.<\/p>\n\n\n\n<p>Tavaramerkkej&auml;mme ja kauppapukuamme ei saa k&auml;ytt&auml;&auml; mink&auml;&auml;n tuotteen tai palvelun yhteydess&auml; ilman Yhti&ouml;n etuk&auml;teen antamaa kirjallista lupaa.<\/p>\n\n\n\n<h2 class=\"gb-headline gb-headline-40e2f142 gb-headline-text\"><strong>Linkit muille verkkosivustoille<\/strong><\/h2>\n\n\n\n<p>Palvelumme voi sis&auml;lt&auml;&auml; linkkej&auml; kolmansien osapuolien verkkosivustoille tai palveluihin, jotka eiv&auml;t ole yrityksen omistuksessa tai hallinnassa.<\/p>\n\n\n\n<p>Yhti&ouml; ei hallitse mink&auml;&auml;n kolmannen osapuolen verkkosivustojen tai palveluiden sis&auml;lt&ouml;&auml;, tietosuojak&auml;yt&auml;nt&ouml;j&auml; tai k&auml;yt&auml;nt&ouml;j&auml; eik&auml; ota niist&auml; vastuuta. Ymm&auml;rr&auml;t ja hyv&auml;ksyt lis&auml;ksi, ett&auml; Yritys ei ole suoraan tai v&auml;lillisesti vastuussa mist&auml;&auml;n vahingoista tai menetyksist&auml;, jotka aiheutuvat tai v&auml;itet&auml;&auml;n aiheutuneen tai jotka liittyv&auml;t t&auml;llaisen sis&auml;ll&ouml;n, tavaroiden tai palveluiden k&auml;ytt&ouml;&ouml;n tai niihin luottamiseen. tai mink&auml; tahansa t&auml;llaisten verkkosivustojen tai palvelujen kautta.<\/p>\n\n\n\n<p>Suosittelemme sinua lukemaan kaikkien vierailemiesi kolmansien osapuolten verkkosivustojen tai palvelujen ehdot ja tietosuojak&auml;yt&auml;nn&ouml;t.<\/p>\n\n\n\n<h2 class=\"gb-headline gb-headline-81a14a2b gb-headline-text\"><strong>Irtisanominen<\/strong><\/h2>\n\n\n\n<p>Voimme lopettaa tai keskeytt&auml;&auml; tilisi v&auml;litt&ouml;m&auml;sti, ilman ennakkoilmoitusta tai vastuuta mist&auml; tahansa syyst&auml;, mukaan lukien rajoituksetta, jos rikot n&auml;it&auml; ehtoja.<\/p>\n\n\n\n<p>Irtisanomisen j&auml;lkeen oikeutesi k&auml;ytt&auml;&auml; Palvelua lakkaa v&auml;litt&ouml;m&auml;sti. Jos haluat lopettaa tilisi, voit yksinkertaisesti lopettaa palvelun k&auml;yt&ouml;n.<\/p>\n\n\n\n<h2 class=\"gb-headline gb-headline-faa58666 gb-headline-text\"><strong>Vastuun rajoitus<\/strong><\/h2>\n\n\n\n<p>Huolimatta mahdollisista vahingoista, joita sinulle voi aiheutua, yrityksen ja mink&auml; tahansa sen toimittajien koko vastuu n&auml;iden Ehtojen mink&auml; tahansa ehdon mukaisesti ja sinun yksinomainen oikeussuojasi kaikesta edell&auml; mainitusta rajoittuu summaan, jonka olet todellisuudessa maksanut Palvelun kautta tai 100 USD. jos et ole ostanut mit&auml;&auml;n Palvelun kautta.<\/p>\n\n\n\n<p>Sovellettavan lain sallimissa rajoissa yritys tai sen toimittajat eiv&auml;t miss&auml;&auml;n tapauksessa ole vastuussa mist&auml;&auml;n erityisist&auml;, satunnaisista, ep&auml;suorista tai v&auml;lillisist&auml; vahingoista (mukaan lukien, mutta niihin rajoittumatta, voiton menetyksest&auml;, tietojen menetyksest&auml; tai muut tiedot liiketoiminnan keskeytymist&auml;, henkil&ouml;vahinkoja, yksityisyyden menett&auml;mist&auml; varten, jotka johtuvat Palvelun k&auml;yt&ouml;st&auml; tai kyvytt&ouml;myydest&auml; k&auml;ytt&auml;&auml; Palvelua, kolmannen osapuolen ohjelmistoja ja\/tai kolmannen osapuolen laitteistoja, joita Palvelussa k&auml;ytet&auml;&auml;n tai jollain tavalla liittyy, tai muutoin n&auml;iden Ehtojen mink&auml; tahansa ehdon yhteydess&auml;), vaikka Yhti&ouml;lle tai jollekin tavarantoimittajalle on ilmoitettu t&auml;llaisten vahinkojen mahdollisuudesta ja vaikka korjaustoimenpide ei t&auml;yt&auml; olennaista tarkoitustaan.<\/p>\n\n\n\n<p>Jotkut osavaltiot eiv&auml;t salli oletettujen takuiden poissulkemista tai satunnaisten tai v&auml;lillisten vahinkojen vastuun rajoittamista, mik&auml; tarkoittaa, ett&auml; jotkin yll&auml; olevista rajoituksista eiv&auml;t v&auml;ltt&auml;m&auml;tt&auml; ole voimassa. N&auml;iss&auml; osavaltioissa kummankin osapuolen vastuuta rajoitetaan lain sallimassa laajuudessa.<\/p>\n\n\n\n<h2 class=\"gb-headline gb-headline-e1bcabde gb-headline-text\"><strong>&rdquo;SELLAISENAAN&rdquo; ja &rdquo;SAATAVILLA&rdquo; Vastuuvapauslauseke<\/strong><\/h2>\n\n\n\n<p>Palvelu tarjotaan sinulle &rdquo;SELLAISENAAN&rdquo; ja &rdquo;SAATAVILLA&rdquo; ja kaikkine vikoineen ja puutteineen ilman mink&auml;&auml;nlaista takuuta. Sovellettavan lain sallimissa rajoissa Yritys omassa puolestaan &#8203;&#8203;ja Tyt&auml;ryhti&ouml;idens&auml; sek&auml; sen ja n&auml;iden lisenssinantajien ja palveluntarjoajien puolesta nimenomaisesti irtisanoutuu kaikista takuista, olivatpa ne nimenomaisia, implisiittisi&auml;, lakis&auml;&auml;teisi&auml; tai muita, liittyen Palvelu, mukaan lukien kaikki oletetut takuut kaupallisuudesta, sopivuudesta tiettyyn tarkoitukseen, omistusoikeudesta ja loukkaamattomuudesta sek&auml; takuut, jotka voivat johtua kaupank&auml;ynnist&auml;, suorituskyvyst&auml;, k&auml;yt&ouml;st&auml; tai kauppak&auml;yt&auml;nn&ouml;st&auml;. Rajoittamatta edell&auml; mainittua, Yritys ei anna takuuta tai sitoumusta eik&auml; anna mink&auml;&auml;nlaista vakuutusta siit&auml;, ett&auml; Palvelu t&auml;ytt&auml;&auml; vaatimukset, saavuttaa aiotut tulokset, on yhteensopiva tai toimii muiden ohjelmistojen, sovellusten, j&auml;rjestelmien tai palvelujen kanssa, toimii. keskeytyksett&auml; t&auml;ytett&auml;v&auml; kaikki suorituskyky- tai luotettavuusstandardit tai virheet&ouml;n tai ett&auml; kaikki virheet tai viat voidaan korjata tai korjataan.<\/p>\n\n\n\n<p>Rajoittamatta edell&auml; mainittua, Yhti&ouml; tai mik&auml;&auml;n yrityksen palveluntarjoaja ei anna mink&auml;&auml;nlaista nimenomaista tai ep&auml;suoraa esityst&auml; tai takuuta: (i) Palvelun tai siihen sis&auml;ltyvien tietojen, sis&auml;ll&ouml;n ja materiaalien tai tuotteiden toiminnasta tai saatavuudesta; (ii) Palvelu on keskeytym&auml;t&ouml;n tai virheet&ouml;n; (iii) Palvelun kautta tarjottujen tietojen tai sis&auml;ll&ouml;n tarkkuudesta, luotettavuudesta tai ajantasaisuudesta; tai (iv) Palvelu, sen palvelimet, sis&auml;lt&ouml; tai Yritykselt&auml; tai sen puolesta l&auml;hetetyt s&auml;hk&ouml;postit eiv&auml;t sis&auml;ll&auml; viruksia, skriptej&auml;, troijalaisia, matoja, haittaohjelmia, aikapommeja tai muita haitallisia komponentteja.<\/p>\n\n\n\n<p>Jotkin laink&auml;ytt&ouml;alueet eiv&auml;t salli tietyntyyppisten takuiden tai kuluttajan lakis&auml;&auml;teisten oikeuksien rajoitusten poissulkemista, joten jotkin tai kaikki yll&auml; mainituista poissulkemisista ja rajoituksista eiv&auml;t v&auml;ltt&auml;m&auml;tt&auml; koske sinua. Mutta t&auml;llaisessa tapauksessa t&auml;ss&auml; pyk&auml;l&auml;ss&auml; esitettyj&auml; poikkeuksia ja rajoituksia sovelletaan soveltuvan lain mukaan suurimmassa m&auml;&auml;rin.<\/p>\n\n\n\n<h2 class=\"gb-headline gb-headline-d5b80c2a gb-headline-text\"><strong>Sovellettava lains&auml;&auml;d&auml;nt&ouml;<\/strong><\/h2>\n\n\n\n<p>Maan lait, lukuun ottamatta sen lainvalintas&auml;&auml;nt&ouml;j&auml;, s&auml;&auml;telev&auml;t n&auml;it&auml; ehtoja ja Palvelun k&auml;ytt&ouml;&auml;si. Sovelluksen k&auml;ytt&ouml;&ouml;n voi my&ouml;s soveltaa muita paikallisia, osavaltion, kansallisia tai kansainv&auml;lisi&auml; lakeja.<\/p>\n\n\n\n<p><strong>Riitojen ratkaisu<\/strong><\/p>\n\n\n\n<p>Jos sinulla on huolenaiheita tai kiistoja Palvelusta, suostut ensin yritt&auml;m&auml;&auml;n ratkaista kiistan ep&auml;virallisesti ottamalla yhteytt&auml; Yhti&ouml;&ouml;n.<\/p>\n\n\n\n<p><strong>Euroopan unionin (EU) k&auml;ytt&auml;jille<\/strong><\/p>\n\n\n\n<p>Jos olet Euroopan unionin kuluttaja, hy&ouml;dyt kaikista asuinmaasi lain pakollisista s&auml;&auml;nn&ouml;ksist&auml;.<\/p>\n\n\n\n<h2 class=\"gb-headline gb-headline-2157cd04 gb-headline-text\"><strong>Yhdysvaltain lakien noudattaminen<\/strong><\/h2>\n\n\n\n<p>Sin&auml; edustat ja takaat sen (i) Et ole maassa, joka on Yhdysvaltojen hallituksen asetetun kauppasaarron alainen tai jonka Yhdysvaltain hallitus on nimennyt &rdquo;terroristeja tukevaksi&rdquo; maaksi, ja (ii) Et ole miss&auml;&auml;n Yhdysvaltojen hallituksen kiellettyjen tai rajoitettujen osapuolten luettelossa.<\/p>\n\n\n\n<p><strong>Erotettavuus ja luopuminen<\/strong><\/p>\n\n\n\n<p><strong>Erotettavuus<\/strong><\/p>\n\n\n\n<p>Jos jokin n&auml;iden Ehtojen ehto katsotaan t&auml;yt&auml;nt&ouml;&ouml;npanokelvottomaksi tai p&auml;tem&auml;tt&ouml;m&auml;ksi, kyseist&auml; ehtoa muutetaan ja tulkitaan siten, ett&auml; se saavuttaa kyseisen ehdon tavoitteet mahdollisimman laajasti sovellettavan lain mukaan, ja loput m&auml;&auml;r&auml;ykset ovat edelleen t&auml;ysin voimassa.<\/p>\n\n\n\n<p><strong>Luopuminen<\/strong><\/p>\n\n\n\n<p>Lukuun ottamatta t&auml;ss&auml; mainittuja tapauksia, n&auml;iden Ehtojen mukaisen oikeuden k&auml;ytt&auml;m&auml;tt&auml; j&auml;tt&auml;minen tai velvoitteen suorittamisen vaatiminen ei vaikuta osapuolen kykyyn k&auml;ytt&auml;&auml; kyseist&auml; oikeuttaan tai vaatia t&auml;llaista suorittamista milloinkaan sen j&auml;lkeen, eik&auml; rikkomuksesta luopuminen tarkoita luopumista my&ouml;hemmist&auml; rikkomuksista.<\/p>\n\n\n\n<p><strong>K&auml;&auml;nn&ouml;ksen tulkkaus<\/strong><\/p>\n\n\n\n<p>N&auml;m&auml; ehdot on saatettu k&auml;&auml;nt&auml;&auml;, jos olemme antaneet ne sinun saatavillesi palvelussamme. Hyv&auml;ksyt, ett&auml; alkuper&auml;inen englanninkielinen teksti on ensisijainen riitatapauksissa.<\/p>\n\n\n\n<h2 class=\"gb-headline gb-headline-4f64b811 gb-headline-text\"><strong>Muutokset n&auml;ihin k&auml;ytt&ouml;ehtoihin<\/strong><\/h2>\n\n\n\n<p>Pid&auml;t&auml;mme oikeuden oman harkintamme mukaan muuttaa tai korvata n&auml;it&auml; ehtoja milloin tahansa. Jos versio on olennainen, pyrimme kohtuullisin keinoin ilmoittamaan asiasta v&auml;hint&auml;&auml;n 30 p&auml;iv&auml;&auml; ennen uusien ehtojen voimaantuloa. Mik&auml; on olennainen muutos, p&auml;&auml;tet&auml;&auml;n oman harkintamme mukaan.<\/p>\n\n\n\n<p>Jatkamalla Palvelumme k&auml;ytt&ouml;&auml; n&auml;iden p&auml;ivitysten voimaantulon j&auml;lkeen, sitoudut noudattamaan tarkistettuja ehtoja. Jos et hyv&auml;ksy uusia ehtoja kokonaan tai osittain, lopeta verkkosivuston ja palvelun k&auml;ytt&ouml;.<\/p>\n\n\n\n<h2 class=\"gb-headline gb-headline-d806d8bf gb-headline-text\"><strong>Ota meihin yhteytt&auml;<\/strong><\/h2>\n\n\n\n<p>Jos sinulla on kysytt&auml;v&auml;&auml; n&auml;ist&auml; k&auml;ytt&ouml;ehdoista, voit ottaa meihin yhteytt&auml;:<\/p>\n\n\n\n<p>S&auml;hk&ouml;postitse: info[at] bitcointrader.ai<\/p>\n\n\n\n<p>Vierailemalla t&auml;ll&auml; sivulla <a href=\"https:\/\/ImmediateEvexAi.com\/fi\/\" data-type=\"page\" data-id=\"3554\" target=\"_blank\" rel=\"noopener\">verkkosivuillamme<\/a> .<\/p>\n\n<\/div>\n<\/div>\n","protected":false},"excerpt":{"rendered":"<p>k&auml;ytt&ouml;ehdot Viimeksi p&auml;ivitetty: 31. toukokuuta 2023 Lue n&auml;m&auml; ehdot huolellisesti ennen Palvelumme k&auml;ytt&ouml;&auml;. Tulkinta ja m&auml;&auml;ritelm&auml;t Tulkinta Sanoilla, joiden alkukirjain kirjoitetaan isolla, on merkitykset, jotka on m&auml;&auml;ritelty seuraavissa olosuhteissa. Seuraavilla m&auml;&auml;ritelmill&auml; on sama merkitys riippumatta siit&auml;, esiintyv&auml;tk&ouml; ne yksik&ouml;ss&auml; vai monikkomuodossa. M&auml;&auml;ritelm&auml;t N&auml;it&auml; k&auml;ytt&ouml;ehtoja varten: Tyt&auml;ryhti&ouml; tarkoittaa tahoa, joka hallitsee, on osapuolen m&auml;&auml;r&auml;ysvallassa tai on &#8230; <a title=\"k\u00e4ytt\u00f6ehdot\" class=\"read-more\" href=\"https:\/\/immediateevexai.com\/fi\/ehdot-ja-edellytykset\/\" aria-label=\"Lue lis\u00e4\u00e4 aiheesta k\u00e4ytt\u00f6ehdot\">Lue lis\u00e4\u00e4<\/a><\/p>\n","protected":false},"author":1,"featured_media":0,"parent":0,"menu_order":0,"comment_status":"closed","ping_status":"closed","template":"","meta":{"footnotes":""},"class_list":["post-4824","page","type-page","status-publish"],"_links":{"self":[{"href":"https:\/\/immediateevexai.com\/fi\/wp-json\/wp\/v2\/pages\/4824","targetHints":{"allow":["GET"]}}],"collection":[{"href":"https:\/\/immediateevexai.com\/fi\/wp-json\/wp\/v2\/pages"}],"about":[{"href":"https:\/\/immediateevexai.com\/fi\/wp-json\/wp\/v2\/types\/page"}],"author":[{"embeddable":true,"href":"https:\/\/immediateevexai.com\/fi\/wp-json\/wp\/v2\/users\/1"}],"replies":[{"embeddable":true,"href":"https:\/\/immediateevexai.com\/fi\/wp-json\/wp\/v2\/comments?post=4824"}],"version-history":[{"count":3,"href":"https:\/\/immediateevexai.com\/fi\/wp-json\/wp\/v2\/pages\/4824\/revisions"}],"predecessor-version":[{"id":10753,"href":"https:\/\/immediateevexai.com\/fi\/wp-json\/wp\/v2\/pages\/4824\/revisions\/10753"}],"wp:attachment":[{"href":"https:\/\/immediateevexai.com\/fi\/wp-json\/wp\/v2\/media?parent=4824"}],"curies":[{"name":"wp","href":"https:\/\/api.w.org\/{rel}","templated":true}]}}