{"id":5105,"date":"2020-09-18T14:36:50","date_gmt":"2020-09-18T14:36:50","guid":{"rendered":"https:\/\/immediateevexai.com\/tietoa-meista\/"},"modified":"2024-11-13T21:20:18","modified_gmt":"2024-11-13T21:20:18","slug":"tietoa-meista","status":"publish","type":"page","link":"https:\/\/immediateevexai.com\/fi\/tietoa-meista\/","title":{"rendered":"Meist\u00e4"},"content":{"rendered":"<?xml encoding=\"UTF-8\"><div class=\"gb-container gb-container-a462a256\">\n<div class=\"gb-container gb-container-2acc6621\">\n\n<h1 class=\"gb-headline gb-headline-d325e19c gb-headline-text\">Tietoja meist&auml; &ndash; R00001<\/h1>\n\n<\/div>\n<\/div><div class=\"gb-container gb-container-233447a9\">\n<div class=\"gb-grid-wrapper gb-grid-wrapper-3ae00e00\">\n<div class=\"gb-grid-column gb-grid-column-196febdb\"><div class=\"gb-container gb-container-196febdb\">\n\n<h2 class=\"gb-headline gb-headline-db283a53 gb-headline-text\">Mik&auml; on R00001?<\/h2>\n\n\n\n<p class=\"gb-headline gb-headline-97ddb752 gb-headline-text\">Liitym&auml;ll&auml; <a href=\"https:\/\/immediateevexai.com\/fi\/\" data-type=\"page\" data-id=\"3554\">R00001<\/a> -yhteis&ouml;n j&auml;seneksi saat yksinoikeudella p&auml;&auml;syn johtavaan kryptovaluutan kaupank&auml;yntiohjelmistoon. Voit olla varma, ett&auml; aiempaa kaupank&auml;yntitaitoa tai kokemusta ei tarvita sen t&auml;yden potentiaalin hy&ouml;dynt&auml;miseksi.<br><br>Alustamme tarjoaa monia etuja. Se ei vain ker&auml;&auml; ja analysoi tietoja, vaan tekee my&ouml;s loogisia ja puolueettomia p&auml;&auml;t&ouml;ksi&auml; ja suorittaa kauppoja puolestasi l&auml;hes kellon ymp&auml;ri.<br><br>R00001 on muutakin kuin pelkk&auml; automatisoitu kaupank&auml;yntiohjelmisto; se edist&auml;&auml; kattavaa verkkokauppayhteis&ouml;&auml;. J&auml;senemme nauttivat eduista, joita saa saumattomasti harjoittaa kannattavaa kryptovaluuttakauppaa automatisoidulla tarkkuudella.<br><br>R00001:n erottaa sen vertaansa vailla oleva kyky analysoida nopeasti markkinatrendej&auml; ja suorittaa automatisoituja kaupank&auml;yntitoimintoja, ohittaen muut kaupank&auml;yntiohjelmistot huomattavalla 0,01 sekunnilla.<\/p>\n\n<\/div><\/div>\n\n<div class=\"gb-grid-column gb-grid-column-7c640362\"><div class=\"gb-container gb-container-7c640362\">\n\n<p class=\"gb-headline gb-headline-d02564a9 gb-headline-text\"><strong>Tutustu alustaamme &ndash; Ilmainen rekister&ouml;inti<\/strong><\/p>\n\n\n<?xml encoding=\"UTF-8\"><script>\n        localStorage.setItem('fxbot_ab_testing', '{\"login\":[],\"registration\":[],\"contactus\":[]}');\n    <\/script><style>\n        .reCAPTCHAContent {\n            display: none;\n            visibility: hidden;\n        }\n    <\/style><script>\n    localStorage.setItem('fxbot_api_parameters', '[{\"key\":\"emailmarketing\",\"value\":\"1\",\"override\":true},{\"key\":\"funnel\",\"value\":\"KW_F_00001\",\"override\":true}]');\n    localStorage.setItem('fxbot_alias_url', 'wp-content\/plugins\/fxbot-registration-form\/api.php');\n    localStorage.setItem('fxbot_email_marketing', '1');\n    localStorage.setItem('fxbot_email_marketing_debounce', 'true');\n    localStorage.setItem('fxbot_email_marketing_debounce_time', '1000');\n    localStorage.setItem('fxbot_recaptcha_enabled', 'false');\n    localStorage.setItem('fxbot_recaptcha_site_key', 'EMPTY');\n    localStorage.setItem('fxbot_alt_reg_popup_query_selector', '');\n    localStorage.setItem('fxbot_redirectVariant', '0');\n<\/script><div class=\"form-widget\" id=\"optInFormWrapper\">\n    <form action=\"\" class=\"flex flex-column\" data-form=\"optInForm\" data-urlsearchparams=\"\" data-widget=\"registration_2_step\" id=\"opt-form\" method=\"post\" name=\"optInForm\">\n        <div class=\"elementor-field-type-text elementor-field-group elementor-column elementor-field-group-name elementor-col-100 form-group\">\n            <label for=\"form-first_name\" class=\"elementor-field-label elementor-screen-only\">Etunimi<\/label>\n            <input class=\"elementor-field elementor-size-sm  elementor-field-textual regFormFirstName\" placeholder=\"Etunimi\" data-input=\"firstname\" data-valid=\"false\" id=\"form-first_name\" name=\"firstname\" size=\"1\" type=\"text\">\n            <p class=\"error-message\"><\/p>\n        <\/div>\n\n        <div class=\"elementor-field-type-text elementor-field-group elementor-column elementor-field-group-name elementor-col-100 form-group\">\n            <label for=\"form-last_name\" class=\"elementor-field-label elementor-screen-only\">Sukunimi<\/label>\n            <input class=\"elementor-field elementor-size-sm elementor-field-textual regFormLastNname\" placeholder=\"Sukunimi\" data-input=\"lastname\" data-valid=\"false\" id=\"form-last_name\" name=\"lastname\" size=\"1\" type=\"text\">\n            <p class=\"error-message\"><\/p>\n        <\/div>\n\n        <div class=\"form-group elementor-field-type-text elementor-field-group elementor-column elementor-field-group-name elementor-col-100\">\n            <label class=\"elementor-field-label elementor-screen-only\" for=\"form-email\">S&auml;hk&ouml;posti<\/label>\n            <input class=\"regFormEmail elementor-field elementor-size-sm elementor-field-textual\" placeholder=\"S&auml;hk&ouml;posti\" data-input=\"email\" data-valid=\"false\" id=\"form-email\" name=\"email\" type=\"email\">\n            <p class=\"error-message\"><\/p>\n            <div class=\"form-group__emailValid-info\">\n                <span class=\"form-group__emailValid-message\"><span>Tarkoititko<\/span> <b><\/b>?<\/span> <span class=\"form-group__emailValid-btn\">Korvata<\/span>            <\/div>\n        <\/div>\n\n        <p class=\"reCAPTCHAContent\">\n            T&auml;m&auml; sivusto on suojattu reCAPTCHA:lla, ja <a href=\"https:\/\/policies.google.com\/privacy\/fi\/\" target=\"_blank\" rel=\"noopener\">Googlen tietosuojak&auml;yt&auml;nt&ouml;<\/a> ja <a href=\"https:\/\/policies.google.com\/terms\/fi\/\" target=\"_blank\" rel=\"noopener\">k&auml;ytt&ouml;ehdot<\/a> ovat voimassa.        <\/p>\n\n        <button class=\"zoom regFormButton elementor-button elementor-size-sm\" data-button=\"submit\" id=\"optInForm-btn\">\n            Learn More        <\/button>\n    <\/form>\n<\/div><div class=\"form-widget\" id=\"regFormWrapper\" style=\"visibility: hidden; width: 0; height:0\">\n    <form action=\"\" class=\"flex flex-column\" data-form=\"registrationForm\" data-urlsearchparams=\"\" data-widget=\"registration_2_step\" id=\"reg-form\" method=\"post\" name=\"registrationForm\">\n        <div class=\"elementor-field-type-text elementor-field-group elementor-column elementor-field-group-name elementor-col-100 form-group\">\n            <label for=\"form-first_name\" class=\"elementor-field-label elementor-screen-only\">Etunimi<\/label>\n            <input class=\"elementor-field elementor-size-sm  elementor-field-textual regFormFirstName\" placeholder=\"Etunimi\" data-input=\"firstname\" data-valid=\"false\" id=\"form-first_name\" name=\"firstname\" size=\"1\" type=\"text\">\n            <p class=\"error-message\"><\/p>\n        <\/div>\n\n        <div class=\"elementor-field-type-text elementor-field-group elementor-column elementor-field-group-name elementor-col-100 form-group\">\n            <label for=\"form-last_name\" class=\"elementor-field-label elementor-screen-only\">Sukunimi<\/label>\n            <input class=\"elementor-field elementor-size-sm elementor-field-textual regFormLastNname\" placeholder=\"Sukunimi\" data-input=\"lastname\" data-valid=\"false\" id=\"form-last_name\" name=\"lastname\" size=\"1\" type=\"text\">\n            <p class=\"error-message\"><\/p>\n        <\/div>\n\n        <div class=\"elementor-field-type-text elementor-field-group elementor-column elementor-field-group-name elementor-col-100 form-group form-group__emailValid\">\n            <label class=\"elementor-field-label elementor-screen-only\" for=\"form-email\">S&auml;hk&ouml;posti<\/label>\n            <input class=\"elementor-field elementor-size-sm elementor-field-textual regFormEmail\" placeholder=\"S&auml;hk&ouml;posti\" data-input=\"email\" data-valid=\"false\" id=\"form-email\" name=\"email\" type=\"email\">\n            <p class=\"error-message\"><\/p>\n            <p class=\"form-group__emailValid-info\">\n                <span class=\"form-group__emailValid-message\"><span>Tarkoititko<\/span> <b><\/b>?<\/span> <span class=\"form-group__emailValid-btn\">Korvata<\/span>            <\/p>\n        <\/div>\n\n        <div class=\"elementor-field-type-tel elementor-field-group elementor-column elementor-field-group-field_fad38fc elementor-col-100 form-group reg-phone\">\n            <label class=\"elementor-field-label elementor-screen-only\" for=\"form-phone_number\">Puhelinnumero<\/label>\n            <input class=\"elementor-field elementor-size-sm elementor-field-textual regFormPhoneNumber\" placeholder=\"Puhelinnumero\" autocompvare=\"off\" data-input=\"phone_number\" data-valid=\"false\" id=\"form-phone_number\" name=\"phone_number\" size=\"1\" type=\"text\">\n            <p class=\"error-message\"><\/p>\n        <\/div>\n\n        <p class=\"reCAPTCHAContent\">\n            T&auml;m&auml; sivusto on suojattu reCAPTCHA:lla, ja <a href=\"https:\/\/policies.google.com\/privacy\/fi\/\" target=\"_blank\" rel=\"noopener\">Googlen tietosuojak&auml;yt&auml;nt&ouml;<\/a> ja <a href=\"https:\/\/policies.google.com\/terms\/fi\/\" target=\"_blank\" rel=\"noopener\">k&auml;ytt&ouml;ehdot<\/a> ovat voimassa.        <\/p>\n\n        <button class=\"elementor-button zoom regFormButton\" data-button=\"submit\" id=\"form-btn\" type=\"button\">\n            Learn More        <\/button>\n\n        <div class=\"wrapper__rar-no\" data-modal=\"success\" style=\"display: none\">\n            <div class=\"success\">\n                <img decoding=\"async\" src=\"\/wp-content\/plugins\/fxbot-registration-form\/assets\/images\/regSuccess.png\" alt=\"Kiitos rekister&ouml;innist&auml;\" title=\"\">\n                <p>Kiitos rekister&ouml;innist&auml;.<br>Edustajamme ottaa sinuun yhteytt&auml; pian.<br>Varmista, ett&auml; k&auml;ytit oikeaa puhelinnumeroa.<br>Kippis.<\/p>\n            <\/div>\n        <\/div>\n\n        <div class=\"wrapper__rar-no\" data-modal=\"alternative_success\" style=\"display: none\">\n            <div class=\"success\">\n                <p class=\"reg_title\">\n                    <b>Olet onnistuneesti yhdist&auml;nyt.<\/b>\n                <\/p>\n                <p>Yrityksen edustaja ottaa sinuun pian yhteytt&auml;. Varmista, ett&auml; olet puhelimitse tavoitettavissa, jotta et missaa puhelua.<\/p>\n            <\/div>\n        <\/div>\n\n        <div class=\"wrapper__error\" data-modal=\"error\" style=\"display: none\"><\/div>\n    <\/form>\n<\/div><div class=\"submit-overlay\" style=\"display: none;\">\n    <div class=\"lds-spinner\">\n        <div><\/div>\n        <div><\/div>\n        <div><\/div>\n        <div><\/div>\n        <div><\/div>\n        <div><\/div>\n        <div><\/div>\n        <div><\/div>\n    <\/div>\n    <p class=\"overlay-text\">Yhdist&auml;&auml; sinut alueesi parhaaseen v&auml;litt&auml;j&auml;&auml;n<\/p>\n<\/div>\n\n\n<\/div><\/div>\n<\/div>\n<\/div><div class=\"gb-container gb-container-197d4570\">\n\n<a class=\"gb-button gb-button-e8c7dfa5\" href=\"https:\/\/immediateevexai.com\/fi\/\"><span class=\"gb-button-text\">HANKI K&Auml;YT&Ouml;SS&Auml; R00002 NYT<\/span><span class=\"gb-icon\"><svg xmlns=\"http:\/\/www.w3.org\/2000\/svg\" aria-hidden=\"true\" role=\"img\" height=\"1em\" width=\"1em\" viewbox=\"0 0 256 512\"><path fill=\"currentColor\" d=\"M224.3 273l-136 136c-9.4 9.4-24.6 9.4-33.9 0l-22.6-22.6c-9.4-9.4-9.4-24.6 0-33.9l96.4-96.4-96.4-96.4c-9.4-9.4-9.4-24.6 0-33.9L54.3 103c9.4-9.4 24.6-9.4 33.9 0l136 136c9.5 9.4 9.5 24.6.1 34z\"><\/path><\/svg><\/span><\/a>\n\n<\/div><div class=\"gb-container gb-container-1bdeec8b\">\n<div class=\"gb-container gb-container-9d34a979\"><\/div>\n\n<div class=\"gb-container gb-container-1e789d4e\">\n\n<h3 class=\"gb-headline gb-headline-29613722 gb-headline-text\"><strong>R00002-ohjelmiston edut<\/strong><\/h3>\n\n\n\n<p>R00001 on erinomainen reaaliaikaisten markkinatietojen jatkuvassa ker&auml;&auml;misess&auml; ja tehokkaassa analysoinnissa. T&auml;m&auml;n ansiosta ohjelmistomme voi suorittaa kauppatoimeksiantoja puolestasi verrattomalla nopeudella, ohittaen sek&auml; ihmiskauppiaat ett&auml; muut ohjelmistotoimittajat. R00001:n erottaa paitsi sen nopeus, my&ouml;s sen kyky tehd&auml; loogisia ja tilastoihin perustuvia kaupank&auml;yntip&auml;&auml;t&ouml;ksi&auml; ilman inhimillisten tunteiden vaikutusta ja varmistaa objektiiviset kaupank&auml;yntitulokset.<br><br>Yksi R00001:n merkitt&auml;vist&auml; ominaisuuksista on sen backstage-ominaisuus, jonka avulla voit testata asetuksiasi historiallisten markkinaolosuhteiden mukaan. T&auml;m&auml; korvaamaton ty&ouml;kalu varmistaa, ett&auml; valitsemasi asetukset on optimoitu maksimaalisen kannattavuuden saavuttamiseksi. R&auml;&auml;t&auml;l&ouml;ityj&auml; s&auml;&auml;nt&ouml;j&auml;si s&auml;ilytet&auml;&auml;n huolellisesti ja niit&auml; noudatetaan, kun kehittynyt ohjelmistomme hoitaa kaupank&auml;yntiprosessin puolestasi.<br><br>R00002 tarjoaa sek&auml; automaattisia ett&auml; manuaalisia kaupank&auml;yntivaihtoehtoja, jotka antavat k&auml;ytt&auml;jille mahdollisuuden m&auml;&auml;ritt&auml;&auml; kaupank&auml;yntins&auml; tason taitotasonsa, k&auml;ytett&auml;viss&auml; olevan ajan tai henkil&ouml;kohtaisen kiinnostuksen perusteella. Lis&auml;ksi alustamme tukee useita tilej&auml;, joiden avulla voit tutkia erilaisia &#8203;&#8203;strategioita, tehd&auml; vertailuja ja lopulta hy&ouml;dynt&auml;&auml; kannattavampia mahdollisuuksia.<br><br>R00002:lla voit avata paranneltujen kaupank&auml;yntimahdollisuuksien maailman, jonka avulla voit maksimoida voittopotentiaalisi ja s&auml;ilytt&auml;&auml; samalla kaupank&auml;yntikokemuksesi hallinnan.<\/p>\n\n<\/div>\n<\/div><div class=\"gb-container gb-container-67945ee0\">\n<div class=\"gb-container gb-container-12a13938\">\n\n<a class=\"gb-button gb-button-15cad45f\" href=\"https:\/\/immediateevexai.com\/fi\/\"><span class=\"gb-button-text\"><strong>TESTI R00001<\/strong><\/span><span class=\"gb-icon\"><svg xmlns=\"http:\/\/www.w3.org\/2000\/svg\" aria-hidden=\"true\" role=\"img\" height=\"1em\" width=\"1em\" viewbox=\"0 0 256 512\"><path fill=\"currentColor\" d=\"M224.3 273l-136 136c-9.4 9.4-24.6 9.4-33.9 0l-22.6-22.6c-9.4-9.4-9.4-24.6 0-33.9l96.4-96.4-96.4-96.4c-9.4-9.4-9.4-24.6 0-33.9L54.3 103c9.4-9.4 24.6-9.4 33.9 0l136 136c9.5 9.4 9.5 24.6.1 34z\"><\/path><\/svg><\/span><\/a>\n\n<\/div>\n<\/div><div class=\"gb-container gb-container-5d2e4740\">\n<div class=\"gb-container gb-container-d34d15be\">\n<div class=\"gb-grid-wrapper gb-grid-wrapper-4257ebc4\">\n<div class=\"gb-grid-column gb-grid-column-60a1d140\"><div class=\"gb-container gb-container-60a1d140\">\n<div class=\"gb-container gb-container-d446dbb2\">\n\n<span class=\"gb-button gb-button-4f39012e\"><span class=\"gb-icon\"><svg xmlns=\"http:\/\/www.w3.org\/2000\/svg\" height=\"15\" width=\"15\" fill=\"none\" viewbox=\"0 0 15 15\"><path fill=\"currentColor\" d=\"M4 1.5V4H1.5A1.5 1.5 0 000 5.5v8A1.5 1.5 0 001.5 15h8a1.5 1.5 0 001.5-1.5V11h2.5A1.5 1.5 0 0015 9.5v-8A1.5 1.5 0 0013.5 0h-8A1.5 1.5 0 004 1.5zM5.5 1a.5.5 0 00-.5.5V4h4.5A1.5 1.5 0 0111 5.5V10h2.5a.5.5 0 00.5-.5v-8a.5.5 0 00-.5-.5h-8zm0 10A1.5 1.5 0 014 9.5V5H1.5a.5.5 0 00-.5.5v8a.5.5 0 00.5.5h8a.5.5 0 00.5-.5V11H5.5z\" clip-rule=\"evenodd\" fill-rule=\"evenodd\"><\/path><\/svg><\/span><\/span>\n\n<\/div>\n\n\n<h3 class=\"gb-headline gb-headline-f8d314cb gb-headline-text\"><strong>Ohjelmistoratkaisu<\/strong><\/h3>\n\n\n\n<p class=\"has-text-align-center\"><\/p>\n\n\n\n<p>R00001 on huolellisesti suunniteltu toimimaan korvaamattomana ja k&auml;ytt&auml;j&auml;yst&auml;v&auml;llisen&auml; ty&ouml;kaluna kaikentasoisille kauppiaille. Alustamme antaa sinulle mahdollisuuden k&auml;yd&auml; vaivattomasti kauppaa Bitcoin ja muilla kryptovaluutoilla &auml;&auml;rimm&auml;isen helposti ja tehokkaasti.<br><br>R00001:n avulla voit sukeltaa kryptovaluuttakaupan maailmaan ilman, ett&auml; sinun tarvitsee investoida merkitt&auml;v&auml;sti aikaa ja vaivaa markkinatietojen ja trendien tutkimiseen. Takana ovat pelottavien teht&auml;vien ajat ja jyrkk&auml; oppimisk&auml;yr&auml;, joka liittyy potentiaalisten voittojen kaupank&auml;yntiin. R00001 tarjoaa parhaan ratkaisun, jonka avulla voit aloittaa kaupank&auml;ynnin ilman aiempaa tietoa tai kokemusta, mik&auml; vaatii sinulta vain v&auml;h&auml;n aikaa ja vaivaa.<br><br>K&auml;ytt&auml;j&auml;yst&auml;v&auml;llinen k&auml;ytt&ouml;liittym&auml;mme ja intuitiiviset ominaisuudet takaavat saumattoman kaupank&auml;yntikokemuksen, jolloin voit keskitty&auml; kannattavien kauppojen tekemiseen sen sijaan, ett&auml; eksyisit monimutkaisiin markkina-analyyseihin. R00002 yksinkertaistaa kaupank&auml;yntiprosessia ja mahdollistaa p&auml;&auml;syn kryptovaluuttamarkkinoille luottavaisesti ja helposti taitotasostasi riippumatta.<br><br>Koe R00002:n mukavuus ja tehokkuus, &auml;&auml;rimm&auml;inen ratkaisu vaivattomaan kryptovaluuttakauppaan. Ota vastaan &#8203;&#8203;kaupank&auml;ynnin uusi aikakausi, jossa yksinkertaisuus ja tehokkuus kulkevat k&auml;si k&auml;dess&auml;.<\/p>\n\n<\/div><\/div>\n\n<div class=\"gb-grid-column gb-grid-column-6922dcd9\"><div class=\"gb-container gb-container-6922dcd9\">\n<div class=\"gb-container gb-container-b5c2993b\">\n\n<span class=\"gb-button gb-button-05b34aef\"><span class=\"gb-icon\"><svg xmlns=\"http:\/\/www.w3.org\/2000\/svg\" height=\"15\" width=\"15\" fill=\"none\" viewbox=\"0 0 15 15\"><path fill=\"currentColor\" d=\"M4 4V1.5A1.5 1.5 0 015.5 0h8A1.5 1.5 0 0115 1.5v8a1.5 1.5 0 01-1.5 1.5H11v2.5A1.5 1.5 0 019.5 15h-8A1.5 1.5 0 010 13.5v-8A1.5 1.5 0 011.5 4H4zm6 1v5H5V5h5z\" clip-rule=\"evenodd\" fill-rule=\"evenodd\"><\/path><\/svg><\/span><\/span>\n\n<\/div>\n\n\n<h3 class=\"gb-headline gb-headline-13950594 gb-headline-text\"><strong>R00001 Kauppiaan arvostelu<\/strong><\/h3>\n\n\n\n<p class=\"has-text-align-center\"><\/p>\n\n\n\n<p>R00003 on luotettava kaupank&auml;yntity&ouml;kalu, joka tarjoaa sek&auml; manuaalisia ett&auml; t&auml;ysin automatisoituja vaihtoehtoja ja varmistaa kryptovaluuttakauppojen tarkan suorittamisen puolestasi. Toisin kuin muut Bitcoin -valuuttakaupan ohjelmistot, R00003 luottaa edistyneisiin algoritmeihin, jotka analysoivat huolellisesti markkinatietoja, mik&auml; johtaa huomattavaan 99,4%:n tarkkuuteen.   <br><br>R00003 erottaa muista sen poikkeuksellinen nopeus, joka tarjoaa merkitt&auml;v&auml;n 0,01 sekunnin edun muihin ohjelmistovaihtoehtoihin verrattuna. T&auml;m&auml; nopeusetu asettaa R00003:n optimaalista kaupank&auml;ynti&auml; ja tehokkuutta etsivien kauppiaiden parhaaksi valinnaksi. <br><br>R00001:n erinomainen suorituskyky on ker&auml;nnyt arvostetun US Trading Associationin tunnustusta, mik&auml; on varmistanut parhaan paikan kaupank&auml;yntiohjelmistojen kategoriassa. Lis&auml;ksi sen verkkopohjainen alusta eliminoi latausten tarpeen, varmistaa yhteensopivuuden ja ansaitsee virustorjuntayritysten hyv&auml;ksynn&auml;n.<br><br>R00001:n avulla voit luottavaisesti omaksua luotettavan ja tehokkaan kaupank&auml;yntikokemuksen, jota tukevat huipputeknologia ja alan tunnustus. Liity menestyneiden kauppiaiden joukkoon, jotka ovat hy&ouml;dynt&auml;neet kryptovaluuttakauppansa t&auml;yden potentiaalin R00002:lla.<\/p>\n\n<\/div><\/div>\n\n<div class=\"gb-grid-column gb-grid-column-58d3b69b\"><div class=\"gb-container gb-container-58d3b69b\">\n<div class=\"gb-container gb-container-7f21e89f\">\n\n<span class=\"gb-button gb-button-df17151f\"><span class=\"gb-icon\"><svg xmlns=\"http:\/\/www.w3.org\/2000\/svg\" height=\"15\" width=\"15\" fill=\"none\" viewbox=\"0 0 15 15\"><path fill=\"currentColor\" d=\"M4 4H1.5A1.5 1.5 0 000 5.5v8A1.5 1.5 0 001.5 15h8a1.5 1.5 0 001.5-1.5V11h2.5A1.5 1.5 0 0015 9.5v-8A1.5 1.5 0 0013.5 0h-8A1.5 1.5 0 004 1.5V4zm1-2.5a.5.5 0 01.5-.5h8a.5.5 0 01.5.5v8a.5.5 0 01-.5.5h-8a.5.5 0 01-.5-.5v-8z\" clip-rule=\"evenodd\" fill-rule=\"evenodd\"><\/path><\/svg><\/span><\/span>\n\n<\/div>\n\n\n<h3 class=\"gb-headline gb-headline-7625b1b1 gb-headline-text\"><strong>Lohik&auml;&auml;rmeen luola<\/strong><\/h3>\n\n\n\n<p class=\"has-text-align-center\"><\/p>\n\n\n\n<p>R00003-ohjelmisto on t&auml;ysin riippumaton kaikista yhteyksist&auml; pahamaineiseen Dragons Den -huijaukseen. Dragons Den, joka tunnetaan my&ouml;s nimell&auml; Bitcoin Loophole -huijaus, toimii petollisena suunnitelmana, joka houkuttelee hyv&auml;uskoisia henkil&ouml;it&auml; investoimaan petolliseen yritykseen, joka on naamioitu innovatiiviseksi ohjelmistok&auml;ynnistykseksi. On ratkaisevan t&auml;rke&auml;&auml; tunnustaa, ett&auml; huijausta ei ole koskaan esitelty Dragon&rsquo;s Den -televisio-ohjelmassa eik&auml; kukaan sen n&auml;yttelij&ouml;ist&auml; ole tukenut sit&auml;.<br><br>Huomaa, ett&auml; vilpillinen Dragons Den -huijaus k&auml;ytt&auml;&auml; v&auml;&auml;rin alkuper&auml;isen hyv&auml;maineisen ohjelmiston ja esitykseen liittyvien julkkisten mainetta huijatakseen ihmisi&auml; eroamaan kovalla ty&ouml;ll&auml; ansaitulla rahallaan. On t&auml;rke&auml;&auml; noudattaa varovaisuutta ja v&auml;ltt&auml;&auml; tekemisi&auml; mainoksissa tai julkaisuissa, joissa esitet&auml;&auml;n perusteettomia v&auml;itteit&auml;. R00003 Ohjelmisto ei liity mitenk&auml;&auml;n Dragons Den -huijauksen petollisiin k&auml;yt&auml;nt&ouml;ihin, ja suosittelemme vahvasti sinua suojelemaan itse&auml;si pysym&auml;ll&auml; poissa t&auml;llaisilta harhaanjohtavilta suunnitelmilta.<\/p>\n\n<\/div><\/div>\n<\/div>\n<\/div>\n<\/div><div class=\"gb-container gb-container-39bfdacb\">\n<div class=\"gb-container gb-container-45f3ab74\">\n\n<h3 class=\"gb-headline gb-headline-e982b89b gb-headline-text\">Rekister&ouml;idy turvallisesti numeroon R00003<\/h3>\n\n\n\n<a class=\"gb-button gb-button-a3e3ab09\" href=\"https:\/\/immediateevexai.com\/fi\/\"><span class=\"gb-button-text\">Rekister&ouml;idy turvallisesti<\/span><span class=\"gb-icon\"><svg xmlns=\"http:\/\/www.w3.org\/2000\/svg\" aria-hidden=\"true\" role=\"img\" height=\"1em\" width=\"1em\" viewbox=\"0 0 256 512\"><path fill=\"currentColor\" d=\"M224.3 273l-136 136c-9.4 9.4-24.6 9.4-33.9 0l-22.6-22.6c-9.4-9.4-9.4-24.6 0-33.9l96.4-96.4-96.4-96.4c-9.4-9.4-9.4-24.6 0-33.9L54.3 103c9.4-9.4 24.6-9.4 33.9 0l136 136c9.5 9.4 9.5 24.6.1 34z\"><\/path><\/svg><\/span><\/a>\n\n<\/div>\n<\/div>\n","protected":false},"excerpt":{"rendered":"<p>Tietoja meist&auml; &ndash; R00001 R00002-ohjelmiston edut R00001 on erinomainen reaaliaikaisten markkinatietojen jatkuvassa ker&auml;&auml;misess&auml; ja tehokkaassa analysoinnissa. T&auml;m&auml;n ansiosta ohjelmistomme voi suorittaa kauppatoimeksiantoja puolestasi verrattomalla nopeudella, ohittaen sek&auml; ihmiskauppiaat ett&auml; muut ohjelmistotoimittajat. R00001:n erottaa paitsi sen nopeus, my&ouml;s sen kyky tehd&auml; loogisia ja tilastoihin perustuvia kaupank&auml;yntip&auml;&auml;t&ouml;ksi&auml; ilman inhimillisten tunteiden vaikutusta ja varmistaa objektiiviset kaupank&auml;yntitulokset. Yksi R00001:n &#8230; <a title=\"Meist\u00e4\" class=\"read-more\" href=\"https:\/\/immediateevexai.com\/fi\/tietoa-meista\/\" aria-label=\"Lue lis\u00e4\u00e4 aiheesta Meist\u00e4\">Lue lis\u00e4\u00e4<\/a><\/p>\n","protected":false},"author":1,"featured_media":0,"parent":0,"menu_order":0,"comment_status":"closed","ping_status":"closed","template":"","meta":{"footnotes":""},"class_list":["post-5105","page","type-page","status-publish"],"_links":{"self":[{"href":"https:\/\/immediateevexai.com\/fi\/wp-json\/wp\/v2\/pages\/5105","targetHints":{"allow":["GET"]}}],"collection":[{"href":"https:\/\/immediateevexai.com\/fi\/wp-json\/wp\/v2\/pages"}],"about":[{"href":"https:\/\/immediateevexai.com\/fi\/wp-json\/wp\/v2\/types\/page"}],"author":[{"embeddable":true,"href":"https:\/\/immediateevexai.com\/fi\/wp-json\/wp\/v2\/users\/1"}],"replies":[{"embeddable":true,"href":"https:\/\/immediateevexai.com\/fi\/wp-json\/wp\/v2\/comments?post=5105"}],"version-history":[{"count":6,"href":"https:\/\/immediateevexai.com\/fi\/wp-json\/wp\/v2\/pages\/5105\/revisions"}],"predecessor-version":[{"id":13615,"href":"https:\/\/immediateevexai.com\/fi\/wp-json\/wp\/v2\/pages\/5105\/revisions\/13615"}],"wp:attachment":[{"href":"https:\/\/immediateevexai.com\/fi\/wp-json\/wp\/v2\/media?parent=5105"}],"curies":[{"name":"wp","href":"https:\/\/api.w.org\/{rel}","templated":true}]}}