{"id":4806,"date":"2023-07-27T10:28:47","date_gmt":"2023-07-27T10:28:47","guid":{"rendered":"https:\/\/immediateevexai.com\/feltetelek-es-feltetelek\/"},"modified":"2024-03-27T11:41:25","modified_gmt":"2024-03-27T11:41:25","slug":"feltetelek-es-feltetelek","status":"publish","type":"page","link":"https:\/\/immediateevexai.com\/hu\/feltetelek-es-feltetelek\/","title":{"rendered":"Felhaszn\u00e1l\u00e1si felt\u00e9telek"},"content":{"rendered":"<?xml encoding=\"UTF-8\"><div class=\"gb-container gb-container-f493ca47\">\n<div class=\"gb-container gb-container-74097ace\">\n\n<h1 class=\"gb-headline gb-headline-d325e19c gb-headline-text\">Felhaszn&aacute;l&aacute;si felt&eacute;telek<\/h1>\n\n<\/div>\n<\/div><div class=\"gb-container gb-container-54f31550\">\n<div class=\"gb-container gb-container-5c3c159e\">\n\n<p>Utols&oacute; friss&iacute;t&eacute;s: 2023. m&aacute;jus 31<\/p>\n\n\n\n<p>K&eacute;rj&uuml;k, hogy Szolg&aacute;ltat&aacute;sunk ig&eacute;nybev&eacute;tele el&#337;tt figyelmesen olvassa el ezeket a felt&eacute;teleket.<\/p>\n\n\n\n<h2 class=\"gb-headline gb-headline-9278717c gb-headline-text\"><strong>&Eacute;rtelmez&eacute;s &eacute;s defin&iacute;ci&oacute;k<\/strong><\/h2>\n\n\n\n<p><strong>&Eacute;rtelmez&eacute;s<\/strong><\/p>\n\n\n\n<p>Azok a szavak, amelyek kezd&#337;bet&#369;j&eacute;t nagybet&#369;vel &iacute;rj&aacute;k, a k&ouml;vetkez&#337; felt&eacute;telek mellett hat&aacute;rozz&aacute;k meg a jelent&eacute;s&uuml;ket. A k&ouml;vetkez&#337; defin&iacute;ci&oacute;k jelent&eacute;se ugyanaz, f&uuml;ggetlen&uuml;l att&oacute;l, hogy egyes sz&aacute;mban vagy t&ouml;bbes sz&aacute;mban szerepelnek.<\/p>\n\n\n\n<p><strong>Defin&iacute;ci&oacute;k<\/strong><\/p>\n\n\n\n<p>A jelen &Aacute;ltal&aacute;nos Szerz&#337;d&eacute;si Felt&eacute;telek alkalmaz&aacute;s&aacute;ban:<\/p>\n\n\n\n<p>Le&aacute;nyv&aacute;llalat: olyan jogalany, amely egy f&eacute;l ellen&#337;rz&eacute;se alatt &aacute;ll, egy f&eacute;l ellen&#337;rz&eacute;se alatt &aacute;ll vagy k&ouml;z&ouml;s ir&aacute;ny&iacute;t&aacute;s alatt &aacute;ll, ahol az &bdquo;ir&aacute;ny&iacute;t&aacute;s&rdquo; a r&eacute;szv&eacute;nyek 50%-&aacute;nak, r&eacute;szv&eacute;nyr&eacute;szesed&eacute;s&eacute;nek vagy m&aacute;s, az igazgat&oacute;k megv&aacute;laszt&aacute;s&aacute;ra szavaz&aacute;sra jogosult &eacute;rt&eacute;kpap&iacute;roknak a tulajdonjog&aacute;t jelenti, vagy m&aacute;s ir&aacute;ny&iacute;t&oacute; hat&oacute;s&aacute;g.<\/p>\n\n\n\n<p>A fi&oacute;k egy egyedi fi&oacute;k, amelyet az &Ouml;n sz&aacute;m&aacute;ra hoztak l&eacute;tre, hogy hozz&aacute;f&eacute;rjen Szolg&aacute;ltat&aacute;sunkhoz vagy Szolg&aacute;ltat&aacute;sunk egyes r&eacute;szeihez.<\/p>\n\n\n\n<p>Az orsz&aacute;g Szingap&uacute;rra utal<\/p>\n\n\n\n<p>A V&aacute;llalat (a jelen Szerz&#337;d&eacute;sben &bdquo;V&aacute;llalat&rdquo;, &bdquo;Mi&rdquo;, &bdquo;Mi&rdquo; vagy &bdquo;Mi&rdquo; n&eacute;ven hivatkozunk) Instant Boost Ai &trade; Ltd.-re vonatkozik.<\/p>\n\n\n\n<p>Eszk&ouml;z: minden olyan eszk&ouml;z, amely hozz&aacute;f&eacute;rhet a Szolg&aacute;ltat&aacute;shoz, p&eacute;ld&aacute;ul sz&aacute;m&iacute;t&oacute;g&eacute;p, mobiltelefon vagy digit&aacute;lis t&aacute;blag&eacute;p.<\/p>\n\n\n\n<p>A szolg&aacute;ltat&aacute;s a Weboldalra vonatkozik.<\/p>\n\n\n\n<p>Az &Aacute;ltal&aacute;nos Szerz&#337;d&eacute;si Felt&eacute;telek (m&aacute;s n&eacute;ven &bdquo;Felt&eacute;telek&rdquo;): jelen Felt&eacute;telek &eacute;s felt&eacute;telek, amelyek a teljes meg&aacute;llapod&aacute;st alkotj&aacute;k &Ouml;n &eacute;s a V&aacute;llalat k&ouml;z&ouml;tt a Szolg&aacute;ltat&aacute;s haszn&aacute;lat&aacute;ra vonatkoz&oacute;an.<\/p>\n\n\n\n<p>Harmadik f&eacute;l k&ouml;z&ouml;ss&eacute;gi m&eacute;diaszolg&aacute;ltat&aacute;sa: b&aacute;rmely harmadik f&eacute;l &aacute;ltal biztos&iacute;tott szolg&aacute;ltat&aacute;s vagy tartalom (bele&eacute;rtve az adatokat, inform&aacute;ci&oacute;kat, term&eacute;keket vagy szolg&aacute;ltat&aacute;sokat), amelyet a Szolg&aacute;ltat&aacute;s megjelen&iacute;thet, tartalmazhat vagy el&eacute;rhet&#337;v&eacute; tehet.<\/p>\n\n\n\n<p>A weboldal az R00002-re hivatkozik, amely <a href=\"https:\/\/ImmediateEvexAi.com\/hu\/\" data-type=\"page\" data-id=\"3554\" target=\"_blank\" rel=\"noopener\">err&#337;l a c&iacute;mr&#337;l<\/a> &eacute;rhet&#337; el<\/p>\n\n\n\n<p>&Ouml;n a Szolg&aacute;ltat&aacute;shoz hozz&aacute;f&eacute;r&#337; vagy haszn&aacute;l&oacute; mag&aacute;nszem&eacute;lyt, vagy azt a t&aacute;rsas&aacute;got vagy m&aacute;s jogi szem&eacute;lyt jelenti, amelynek nev&eacute;ben az adott szem&eacute;ly hozz&aacute;f&eacute;r a Szolg&aacute;ltat&aacute;shoz vagy haszn&aacute;lja, adott esetben.<\/p>\n\n\n\n<h2 class=\"gb-headline gb-headline-a8e59a7c gb-headline-text\"><strong>Elismer&eacute;s<\/strong><\/h2>\n\n\n\n<p>Ezek a Szolg&aacute;ltat&aacute;s haszn&aacute;lat&aacute;ra vonatkoz&oacute; Felt&eacute;telek, valamint az &Ouml;n &eacute;s a V&aacute;llalat k&ouml;z&ouml;tt &eacute;rv&eacute;nyben l&eacute;v&#337; szerz&#337;d&eacute;s. Jelen &Aacute;ltal&aacute;nos Szerz&#337;d&eacute;si Felt&eacute;telek r&ouml;gz&iacute;tik minden felhaszn&aacute;l&oacute; jogait &eacute;s k&ouml;telezetts&eacute;geit a Szolg&aacute;ltat&aacute;s haszn&aacute;lat&aacute;val kapcsolatban.<\/p>\n\n\n\n<p>A Szolg&aacute;ltat&aacute;shoz val&oacute; hozz&aacute;f&eacute;r&eacute;s &eacute;s annak haszn&aacute;lat&aacute;nak felt&eacute;tele, hogy &Ouml;n elfogadja &eacute;s betartja a jelen Felt&eacute;teleket. Ezek a felt&eacute;telek minden l&aacute;togat&oacute;ra, felhaszn&aacute;l&oacute;ra &eacute;s m&aacute;sokra vonatkoznak, akik hozz&aacute;f&eacute;rnek vagy haszn&aacute;lj&aacute;k a Szolg&aacute;ltat&aacute;st.<\/p>\n\n\n\n<p>A Szolg&aacute;ltat&aacute;s el&eacute;r&eacute;s&eacute;vel vagy haszn&aacute;lat&aacute;val &Ouml;n mag&aacute;ra n&eacute;zve k&ouml;telez&#337;nek ismeri el ezeket a felt&eacute;teleket. Ha nem &eacute;rt egyet a jelen Felt&eacute;telek b&aacute;rmely r&eacute;sz&eacute;vel, akkor nem f&eacute;rhet hozz&aacute; a Szolg&aacute;ltat&aacute;shoz.<\/p>\n\n\n\n<p>&Ouml;n kijelenti, hogy elm&uacute;lt 18 &eacute;ves. A T&aacute;rsas&aacute;g nem enged&eacute;lyezi 18 &eacute;ven aluliak sz&aacute;m&aacute;ra a Szolg&aacute;ltat&aacute;s haszn&aacute;lat&aacute;t.<\/p>\n\n\n\n<p>A Szolg&aacute;ltat&aacute;shoz val&oacute; hozz&aacute;f&eacute;r&eacute;s &eacute;s a szolg&aacute;ltat&aacute;s haszn&aacute;lat&aacute;nak felt&eacute;tele az is, hogy &Ouml;n elfogadja &eacute;s betartja a V&aacute;llalat adatv&eacute;delmi szab&aacute;lyzat&aacute;t. Adatv&eacute;delmi szab&aacute;lyzatunk le&iacute;rja az Alkalmaz&aacute;s vagy a Webhely haszn&aacute;lata sor&aacute;n az &Ouml;n szem&eacute;lyes adatainak gy&#369;jt&eacute;s&eacute;re, felhaszn&aacute;l&aacute;s&aacute;ra &eacute;s k&ouml;zz&eacute;t&eacute;tel&eacute;re vonatkoz&oacute; ir&aacute;nyelveinket &eacute;s elj&aacute;r&aacute;sainkat, valamint t&aacute;j&eacute;koztatja &Ouml;nt az &Ouml;n adatv&eacute;delmi jogair&oacute;l &eacute;s arr&oacute;l, hogy a t&ouml;rv&eacute;ny hogyan v&eacute;di &Ouml;nt. K&eacute;rj&uuml;k, hogy szolg&aacute;ltat&aacute;sunk haszn&aacute;lata el&#337;tt figyelmesen olvassa el Adatv&eacute;delmi szab&aacute;lyzatunkat.<\/p>\n\n\n\n<h2 class=\"gb-headline gb-headline-b9933f92 gb-headline-text\"><strong>Felhaszn&aacute;l&oacute;i fi&oacute;kok<\/strong><\/h2>\n\n\n\n<p>Amikor fi&oacute;kot hoz l&eacute;tre n&aacute;lunk, olyan inform&aacute;ci&oacute;kat kell megadnia sz&aacute;munkra, amelyek mindig pontosak, teljesek &eacute;s aktu&aacute;lisak. Ennek elmulaszt&aacute;sa a Felt&eacute;telek megs&eacute;rt&eacute;s&eacute;t jelenti, ami a Szolg&aacute;ltat&aacute;sunkon l&eacute;v&#337; fi&oacute;kj&aacute;nak azonnali megsz&uuml;ntet&eacute;s&eacute;t vonhatja maga ut&aacute;n.<\/p>\n\n\n\n<p>&Ouml;n felel&#337;s a Szolg&aacute;ltat&aacute;s el&eacute;r&eacute;s&eacute;hez haszn&aacute;lt jelsz&oacute; meg&#337;rz&eacute;s&eacute;&eacute;rt, valamint az &Ouml;n jelszav&aacute;val v&eacute;gzett tev&eacute;kenys&eacute;gek&eacute;rt vagy m&#369;veletek&eacute;rt, f&uuml;ggetlen&uuml;l att&oacute;l, hogy jelszava a Szolg&aacute;ltat&aacute;sunkhoz vagy egy harmadik f&eacute;l k&ouml;z&ouml;ss&eacute;gi m&eacute;diaszolg&aacute;ltat&aacute;s&aacute;hoz tartozik.<\/p>\n\n\n\n<p>&Ouml;n v&aacute;llalja, hogy jelszav&aacute;t nem adja ki harmadik f&eacute;lnek. Azonnal &eacute;rtes&iacute;tenie kell minket, ha tudom&aacute;st szerez a biztons&aacute;g megs&eacute;rt&eacute;s&eacute;r&#337;l vagy fi&oacute;kja jogosulatlan haszn&aacute;lat&aacute;r&oacute;l.<\/p>\n\n\n\n<p>Megfelel&#337; felhatalmaz&aacute;s n&eacute;lk&uuml;l nem haszn&aacute;lhatja felhaszn&aacute;l&oacute;n&eacute;vk&eacute;nt m&aacute;s szem&eacute;ly vagy entit&aacute;s nev&eacute;t, vagy amely nem jogszer&#369;en haszn&aacute;lhat&oacute;, olyan nevet vagy v&eacute;djegyet, amelyre &Ouml;nt&#337;l elt&eacute;r&#337; m&aacute;s szem&eacute;ly vagy szervezet b&aacute;rmely joga vonatkozik, vagy olyan nevet, amely egy&eacute;bk&eacute;nt s&eacute;rt&#337;, vulg&aacute;ris vagy obszc&eacute;n.<\/p>\n\n\n\n<h2 class=\"gb-headline gb-headline-30dc5235 gb-headline-text\"><strong>Szellemi tulajdon<\/strong><\/h2>\n\n\n\n<p>A Szolg&aacute;ltat&aacute;s &eacute;s annak eredeti tartalma (kiv&eacute;ve az &Ouml;n vagy m&aacute;s felhaszn&aacute;l&oacute;k &aacute;ltal biztos&iacute;tott Tartalmat), a funkci&oacute;k &eacute;s a funkcionalit&aacute;s a V&aacute;llalat &eacute;s licencad&oacute;i kiz&aacute;r&oacute;lagos tulajdon&aacute;t k&eacute;pezik &eacute;s maradnak.<\/p>\n\n\n\n<p>A Szolg&aacute;ltat&aacute;st mind az orsz&aacute;g, mind a k&uuml;lf&ouml;ldi orsz&aacute;gok szerz&#337;i joga, v&eacute;djegyei &eacute;s egy&eacute;b t&ouml;rv&eacute;nyei v&eacute;dik.<\/p>\n\n\n\n<p>A V&aacute;llalat el&#337;zetes &iacute;r&aacute;sbeli hozz&aacute;j&aacute;rul&aacute;sa n&eacute;lk&uuml;l v&eacute;djegyeink &eacute;s kereskedelmi ruh&aacute;ink semmilyen term&eacute;kkel vagy szolg&aacute;ltat&aacute;ssal kapcsolatban nem haszn&aacute;lhat&oacute;k fel.<\/p>\n\n\n\n<h2 class=\"gb-headline gb-headline-40e2f142 gb-headline-text\"><strong>M&aacute;s webhelyekre mutat&oacute; hivatkoz&aacute;sok<\/strong><\/h2>\n\n\n\n<p>Szolg&aacute;ltat&aacute;sunk tartalmazhat hivatkoz&aacute;sokat harmadik felek webhelyeire vagy szolg&aacute;ltat&aacute;saira, amelyek nem a V&aacute;llalat tulajdon&aacute;ban vannak, vagy nem a T&aacute;rsas&aacute;g ellen&#337;rz&eacute;se alatt &aacute;llnak.<\/p>\n\n\n\n<p>A V&aacute;llalatnak nincs ellen&#337;rz&eacute;se harmadik felek webhelyeinek vagy szolg&aacute;ltat&aacute;sainak tartalma, adatv&eacute;delmi szab&aacute;lyzata vagy gyakorlata felett, &eacute;s nem v&aacute;llal felel&#337;ss&eacute;get azok&eacute;rt. &Ouml;n tov&aacute;bb&aacute; tudom&aacute;sul veszi &eacute;s elfogadja, hogy a V&aacute;llalat sem k&ouml;zvetlen&uuml;l, sem k&ouml;zvetve nem felel&#337;s semmilyen k&aacute;r&eacute;rt vagy vesztes&eacute;g&eacute;rt, amelyet a webhelyen el&eacute;rhet&#337; b&aacute;rmely ilyen tartalom, &aacute;ru vagy szolg&aacute;ltat&aacute;s haszn&aacute;lata vagy az azokra val&oacute; t&aacute;maszkod&aacute;s okoz, vagy azzal &ouml;sszef&uuml;gg&eacute;sben okozott. vagy b&aacute;rmely ilyen webhelyen vagy szolg&aacute;ltat&aacute;son kereszt&uuml;l.<\/p>\n\n\n\n<p>Nyomat&eacute;kosan javasoljuk, hogy olvassa el az &Ouml;n &aacute;ltal felkeresett harmadik felek webhelyeinek vagy szolg&aacute;ltat&aacute;sainak felt&eacute;teleit &eacute;s adatv&eacute;delmi szab&aacute;lyzat&aacute;t.<\/p>\n\n\n\n<h2 class=\"gb-headline gb-headline-81a14a2b gb-headline-text\"><strong>Felmond&aacute;s<\/strong><\/h2>\n\n\n\n<p>El&#337;zetes &eacute;rtes&iacute;t&eacute;s &eacute;s felel&#337;ss&eacute;g n&eacute;lk&uuml;l, b&aacute;rmilyen okb&oacute;l azonnal megsz&uuml;ntethetj&uuml;k vagy felf&uuml;ggeszthetj&uuml;k Fi&oacute;kj&aacute;t, bele&eacute;rtve a korl&aacute;toz&aacute;sok n&eacute;lk&uuml;l, ha &Ouml;n megs&eacute;rti ezeket a felt&eacute;teleket.<\/p>\n\n\n\n<p>A felmond&aacute;st k&ouml;vet&#337;en az &Ouml;n Szolg&aacute;ltat&aacute;shaszn&aacute;lati joga azonnal megsz&#369;nik. Ha meg k&iacute;v&aacute;nja sz&uuml;ntetni Fi&oacute;kj&aacute;t, egyszer&#369;en megszak&iacute;thatja a Szolg&aacute;ltat&aacute;s haszn&aacute;lat&aacute;t.<\/p>\n\n\n\n<h2 class=\"gb-headline gb-headline-faa58666 gb-headline-text\"><strong>Korl&aacute;tolt felel&#337;ss&eacute;g<\/strong><\/h2>\n\n\n\n<p>Az &Ouml;n &aacute;ltal esetlegesen elszenvedett k&aacute;rok ellen&eacute;re a V&aacute;llalat &eacute;s b&aacute;rmely besz&aacute;ll&iacute;t&oacute;ja teljes felel&#337;ss&eacute;ge a jelen Felt&eacute;telek b&aacute;rmely rendelkez&eacute;se &eacute;rtelm&eacute;ben, valamint az &Ouml;n kiz&aacute;r&oacute;lagos jogorvoslati lehet&#337;s&eacute;ge a fentiek tekintet&eacute;ben az &Ouml;n &aacute;ltal a Szolg&aacute;ltat&aacute;son kereszt&uuml;l t&eacute;nylegesen kifizetett &ouml;sszegre vagy 100 USD-ra korl&aacute;toz&oacute;dik. ha nem v&aacute;s&aacute;rolt semmit a Szolg&aacute;ltat&aacute;son kereszt&uuml;l.<\/p>\n\n\n\n<p>A hat&aacute;lyos jogszab&aacute;lyok &aacute;ltal megengedett maxim&aacute;lis m&eacute;rt&eacute;kig a V&aacute;llalat vagy besz&aacute;ll&iacute;t&oacute;i semmilyen esetben sem felel&#337;sek semmilyen k&uuml;l&ouml;nleges, v&eacute;letlen, k&ouml;zvetett vagy k&ouml;vetkezm&eacute;nyes k&aacute;r&eacute;rt (ide&eacute;rtve, de nem kiz&aacute;r&oacute;lagosan a haszon elveszt&eacute;se, adatveszt&eacute;s vagy egy&eacute;b inform&aacute;ci&oacute;, &uuml;zleti megszak&iacute;t&aacute;s, szem&eacute;lyi s&eacute;r&uuml;l&eacute;s, a mag&aacute;n&eacute;let elveszt&eacute;se, amely a Szolg&aacute;ltat&aacute;s, harmadik f&eacute;lt&#337;l sz&aacute;rmaz&oacute; szoftver &eacute;s\/vagy harmadik f&eacute;lt&#337;l sz&aacute;rmaz&oacute; hardver haszn&aacute;lat&aacute;b&oacute;l vagy haszn&aacute;lat&aacute;nak k&eacute;ptelens&eacute;g&eacute;b&#337;l ered, vagy b&aacute;rmilyen m&oacute;don &ouml;sszef&uuml;gg a Szolg&aacute;ltat&aacute;ssal, vagy egy&eacute;bk&eacute;nt a jelen Felt&eacute;telek b&aacute;rmely rendelkez&eacute;s&eacute;vel &ouml;sszef&uuml;gg&eacute;sben), m&eacute;g akkor is, ha a T&aacute;rsas&aacute;got vagy b&aacute;rmely sz&aacute;ll&iacute;t&oacute;t t&aacute;j&eacute;koztatt&aacute;k az ilyen k&aacute;rok lehet&#337;s&eacute;g&eacute;r&#337;l, &eacute;s akkor is, ha a jogorvoslat alapvet&#337; c&eacute;lj&aacute;t nem szolg&aacute;lja.<\/p>\n\n\n\n<p>Egyes &aacute;llamok nem teszik lehet&#337;v&eacute; a v&eacute;lelmezett garanci&aacute;k kiz&aacute;r&aacute;s&aacute;t vagy a felel&#337;ss&eacute;g korl&aacute;toz&aacute;s&aacute;t a v&eacute;letlen vagy k&ouml;vetkezm&eacute;nyes k&aacute;rok&eacute;rt, ami azt jelenti, hogy a fenti korl&aacute;toz&aacute;sok n&eacute;melyike &#8203;&#8203;nem &eacute;rv&eacute;nyes&uuml;l. Ezekben az &aacute;llamokban mindk&eacute;t f&eacute;l felel&#337;ss&eacute;ge a t&ouml;rv&eacute;ny &aacute;ltal megengedett legnagyobb m&eacute;rt&eacute;kben korl&aacute;tozott.<\/p>\n\n\n\n<h2 class=\"gb-headline gb-headline-e1bcabde gb-headline-text\"><strong>&bdquo;AHOGY VAN&rdquo; &eacute;s &bdquo;AHOGY EL&Eacute;RHET&#336;&rdquo; Jogi nyilatkozat<\/strong><\/h2>\n\n\n\n<p>A Szolg&aacute;ltat&aacute;st &bdquo;AHOGY VAN&rdquo; &eacute;s &bdquo;AHOGY EL&Eacute;RHET&#336;&rdquo; ny&uacute;jtjuk &Ouml;nnek, minden hib&aacute;val &eacute;s hib&aacute;val mindennem&#369; garancia n&eacute;lk&uuml;l. A hat&aacute;lyos jogszab&aacute;lyok &aacute;ltal megengedett maxim&aacute;lis m&eacute;rt&eacute;kig a V&aacute;llalat a saj&aacute;t nev&eacute;ben &eacute;s Le&aacute;nyv&aacute;llalatai, valamint azok licencad&oacute;i &eacute;s szolg&aacute;ltat&oacute;i nev&eacute;ben kifejezetten elz&aacute;r minden garanci&aacute;t, legyen az kifejezett, hallgat&oacute;lagos, t&ouml;rv&eacute;nyi vagy egy&eacute;b, a Szolg&aacute;ltat&aacute;s, bele&eacute;rtve az eladhat&oacute;s&aacute;gra, az adott c&eacute;lra val&oacute; alkalmass&aacute;gra, a jogc&iacute;mre &eacute;s a jogs&eacute;rt&eacute;s hi&aacute;ny&aacute;ra vonatkoz&oacute; &ouml;sszes hallgat&oacute;lagos garanci&aacute;t, valamint a keresked&eacute;sb&#337;l, a teljes&iacute;tm&eacute;nyb&#337;l, a haszn&aacute;latb&oacute;l vagy a kereskedelmi gyakorlatb&oacute;l fakad&oacute; garanci&aacute;kat. A fentiek korl&aacute;toz&aacute;sa n&eacute;lk&uuml;l a V&aacute;llalat nem v&aacute;llal garanci&aacute;t vagy k&ouml;telezetts&eacute;get, &eacute;s nem v&aacute;llal semmilyen nyilatkozatot arra vonatkoz&oacute;an, hogy a Szolg&aacute;ltat&aacute;s megfelel az &Ouml;n ig&eacute;nyeinek, el&eacute;ri a k&iacute;v&aacute;nt eredm&eacute;nyt, kompatibilis lesz, vagy m&aacute;s szoftverrel, alkalmaz&aacute;ssal, rendszerrel vagy szolg&aacute;ltat&aacute;ssal m&#369;k&ouml;dik, m&#369;k&ouml;dik. megszak&iacute;t&aacute;s n&eacute;lk&uuml;l meg kell felelnie b&aacute;rmely teljes&iacute;tm&eacute;ny- vagy megb&iacute;zhat&oacute;s&aacute;gi szabv&aacute;nynak, vagy hibamentesnek kell lennie, vagy hogy a hib&aacute;k vagy hi&aacute;nyoss&aacute;gok kijav&iacute;that&oacute;k vagy kijav&iacute;that&oacute;k.<\/p>\n\n\n\n<p>A fentiek korl&aacute;toz&aacute;sa n&eacute;lk&uuml;l sem a T&aacute;rsas&aacute;g, sem a t&aacute;rsas&aacute;g szolg&aacute;ltat&oacute;ja nem v&aacute;llal semmilyen kifejezett vagy hallgat&oacute;lagos nyilatkozatot vagy garanci&aacute;t: (i) a Szolg&aacute;ltat&aacute;s vagy az azokon szerepl&#337; inform&aacute;ci&oacute;k, tartalom, anyagok vagy term&eacute;kek m&#369;k&ouml;d&eacute;se vagy el&eacute;rhet&#337;s&eacute;ge tekintet&eacute;ben; (ii) a Szolg&aacute;ltat&aacute;s zavartalan vagy hibamentes lesz; (iii) a Szolg&aacute;ltat&aacute;son kereszt&uuml;l ny&uacute;jtott inform&aacute;ci&oacute;k vagy tartalom pontoss&aacute;g&aacute;ra, megb&iacute;zhat&oacute;s&aacute;g&aacute;ra vagy aktualit&aacute;s&aacute;ra vonatkoz&oacute;an; vagy (iv) a Szolg&aacute;ltat&aacute;s, annak szerverei, a V&aacute;llalatt&oacute;l vagy nev&eacute;ben k&uuml;ld&ouml;tt tartalom vagy e-mailek v&iacute;rusokt&oacute;l, szkriptekt&#337;l, tr&oacute;jai fal&oacute;t&oacute;l, f&eacute;rgekt&#337;l, rosszindulat&uacute; programokt&oacute;l, id&#337;z&iacute;tett bomb&aacute;kt&oacute;l vagy egy&eacute;b k&aacute;ros &ouml;sszetev&#337;kt&#337;l mentesek.<\/p>\n\n\n\n<p>Egyes joghat&oacute;s&aacute;gok nem teszik lehet&#337;v&eacute; bizonyos t&iacute;pus&uacute; garanci&aacute;k vagy korl&aacute;toz&aacute;sok kiz&aacute;r&aacute;s&aacute;t a fogyaszt&oacute; vonatkoz&oacute; t&ouml;rv&eacute;nyes jogaira vonatkoz&oacute;an, &iacute;gy el&#337;fordulhat, hogy a fenti kiz&aacute;r&aacute;sok &eacute;s korl&aacute;toz&aacute;sok egy r&eacute;sze vagy mindegyike nem vonatkozik &Ouml;nre. Ebben az esetben azonban az e pontban foglalt kiz&aacute;r&aacute;sokat &eacute;s korl&aacute;toz&aacute;sokat a hat&aacute;lyos jogszab&aacute;lyok szerint &eacute;rv&eacute;nyes&iacute;thet&#337; legnagyobb m&eacute;rt&eacute;kben kell alkalmazni.<\/p>\n\n\n\n<h2 class=\"gb-headline gb-headline-d5b80c2a gb-headline-text\"><strong>Ir&aacute;nyad&oacute; jog<\/strong><\/h2>\n\n\n\n<p>A jelen Felt&eacute;telekre &eacute;s a Szolg&aacute;ltat&aacute;s &Ouml;n &aacute;ltali haszn&aacute;lat&aacute;ra az orsz&aacute;g t&ouml;rv&eacute;nyei az ir&aacute;nyad&oacute;k, kiv&eacute;ve a koll&iacute;zi&oacute;s szab&aacute;lyokat. Az Alkalmaz&aacute;s &Ouml;n &aacute;ltali haszn&aacute;lat&aacute;ra egy&eacute;b helyi, &aacute;llami, nemzeti vagy nemzetk&ouml;zi t&ouml;rv&eacute;nyek is vonatkozhatnak.<\/p>\n\n\n\n<p><strong>Vit&aacute;k megold&aacute;sa<\/strong><\/p>\n\n\n\n<p>Ha b&aacute;rmilyen agg&aacute;lya vagy vit&aacute;ja van a Szolg&aacute;ltat&aacute;ssal kapcsolatban, &Ouml;n beleegyezik abba, hogy a vit&aacute;t el&#337;sz&ouml;r inform&aacute;lisan, a V&aacute;llalathoz fordulva pr&oacute;b&aacute;lja meg rendezni.<\/p>\n\n\n\n<p><strong>Az Eur&oacute;pai Uni&oacute; (EU) felhaszn&aacute;l&oacute;i sz&aacute;m&aacute;ra<\/strong><\/p>\n\n\n\n<p>Ha &Ouml;n az Eur&oacute;pai Uni&oacute; fogyaszt&oacute;ja, akkor a lak&oacute;helye szerinti orsz&aacute;g jogszab&aacute;lyainak minden k&ouml;telez&#337; rendelkez&eacute;se hasznot h&uacute;z.<\/p>\n\n\n\n<h2 class=\"gb-headline gb-headline-2157cd04 gb-headline-text\"><strong>Az Egyes&uuml;lt &Aacute;llamok jogi megfelel&#337;s&eacute;ge<\/strong><\/h2>\n\n\n\n<p>Ezt &Ouml;n k&eacute;pviseli &eacute;s garant&aacute;lja (i) &Ouml;n nem tart&oacute;zkodik olyan orsz&aacute;gban, amelyre az Egyes&uuml;lt &Aacute;llamok korm&aacute;ny&aacute;nak embarg&oacute;ja vonatkozik, vagy amelyet az Egyes&uuml;lt &Aacute;llamok korm&aacute;nya &bdquo;terrorizmust t&aacute;mogat&oacute;&rdquo; orsz&aacute;gk&eacute;nt jel&ouml;lt meg, &eacute;s (ii) &Ouml;n nem szerepel az Egyes&uuml;lt &Aacute;llamok korm&aacute;ny&aacute;nak tiltott vagy korl&aacute;tozott felek list&aacute;j&aacute;n.<\/p>\n\n\n\n<p><strong>Elv&aacute;laszthat&oacute;s&aacute;g &eacute;s lemond&aacute;s<\/strong><\/p>\n\n\n\n<p><strong>Elv&aacute;laszthat&oacute;s&aacute;g<\/strong><\/p>\n\n\n\n<p>Ha a jelen Felt&eacute;telek b&aacute;rmely rendelkez&eacute;se v&eacute;grehajthatatlannak vagy &eacute;rv&eacute;nytelennek bizonyul, az adott rendelkez&eacute;st &uacute;gy m&oacute;dos&iacute;tj&aacute;k &eacute;s &eacute;rtelmezik, hogy az a vonatkoz&oacute; jogszab&aacute;lyok szerint a lehet&#337; legnagyobb m&eacute;rt&eacute;kben megval&oacute;s&iacute;tsa az adott rendelkez&eacute;s c&eacute;ljait, a t&ouml;bbi rendelkez&eacute;s pedig tov&aacute;bbra is &eacute;rv&eacute;nyben marad.<\/p>\n\n\n\n<p><strong>Lemond&aacute;s<\/strong><\/p>\n\n\n\n<p>Az itt meghat&aacute;rozottak kiv&eacute;tel&eacute;vel a jelen Felt&eacute;telek szerinti jog gyakorl&aacute;s&aacute;nak vagy k&ouml;telezetts&eacute;g teljes&iacute;t&eacute;s&eacute;nek megk&ouml;vetel&eacute;s&eacute;nek elmulaszt&aacute;sa nem befoly&aacute;solja a felek azon k&eacute;pess&eacute;g&eacute;t, hogy ezt a jog&aacute;t gyakorolj&aacute;k, vagy ezt k&ouml;vet&#337;en b&aacute;rmikor megk&ouml;vetelj&eacute;k az ilyen teljes&iacute;t&eacute;st, &eacute;s a jogs&eacute;rt&eacute;sr&#337;l val&oacute; lemond&aacute;s nem jelenti a k&ouml;telezetts&eacute;gr&#337;l val&oacute; lemond&aacute;st. b&aacute;rmilyen k&eacute;s&#337;bbi jogs&eacute;rt&eacute;s.<\/p>\n\n\n\n<p><strong>Ford&iacute;t&aacute;s Tolm&aacute;csol&aacute;s<\/strong><\/p>\n\n\n\n<p>El&#337;fordulhat, hogy ezeket a felt&eacute;teleket leford&iacute;tott&aacute;k, ha Szolg&aacute;ltat&aacute;sunkon el&eacute;rhet&#337;v&eacute; tett&uuml;k azokat. &Ouml;n elfogadja, hogy vita eset&eacute;n az eredeti angol sz&ouml;veg az ir&aacute;nyad&oacute;.<\/p>\n\n\n\n<h2 class=\"gb-headline gb-headline-4f64b811 gb-headline-text\"><strong>A jelen &Aacute;ltal&aacute;nos Szerz&#337;d&eacute;si Felt&eacute;telek v&aacute;ltoz&aacute;sai<\/strong><\/h2>\n\n\n\n<p>Fenntartjuk magunknak a jogot, hogy saj&aacute;t bel&aacute;t&aacute;sunk szerint b&aacute;rmikor m&oacute;dos&iacute;tsuk vagy kicser&eacute;lj&uuml;k jelen Felt&eacute;teleket. Ha egy &aacute;tdolgoz&aacute;s l&eacute;nyeges Minden &eacute;sszer&#369; er&#337;fesz&iacute;t&eacute;st megtesz&uuml;nk annak &eacute;rdek&eacute;ben, hogy az &uacute;j felt&eacute;telek hat&aacute;lyba l&eacute;p&eacute;se el&#337;tt legal&aacute;bb 30 nappal kor&aacute;bban &eacute;rtes&iacute;ts&uuml;k. Azt, hogy mi min&#337;s&uuml;l l&eacute;nyeges v&aacute;ltoz&aacute;snak, saj&aacute;t bel&aacute;t&aacute;sunk szerint hat&aacute;rozzuk meg.<\/p>\n\n\n\n<p>Ha a m&oacute;dos&iacute;t&aacute;sok hat&aacute;lyba l&eacute;p&eacute;s&eacute;t k&ouml;vet&#337;en tov&aacute;bbra is hozz&aacute;f&eacute;r vagy haszn&aacute;lja Szolg&aacute;ltat&aacute;sunkat, &Ouml;n beleegyezik a m&oacute;dos&iacute;tott felt&eacute;telek betart&aacute;s&aacute;ba. Ha &Ouml;n r&eacute;szben vagy eg&eacute;szben nem &eacute;rt egyet az &uacute;j felt&eacute;telekkel, k&eacute;rj&uuml;k, hagyja abba a weboldal &eacute;s a Szolg&aacute;ltat&aacute;s haszn&aacute;lat&aacute;t.<\/p>\n\n\n\n<h2 class=\"gb-headline gb-headline-d806d8bf gb-headline-text\"><strong>L&eacute;pjen kapcsolatba vel&uuml;nk<\/strong><\/h2>\n\n\n\n<p>Ha b&aacute;rmilyen k&eacute;rd&eacute;se van jelen &Aacute;ltal&aacute;nos Szerz&#337;d&eacute;si Felt&eacute;telekkel kapcsolatban, forduljon hozz&aacute;nk:<\/p>\n\n\n\n<p>Emailben: info[at] bitcointrader.ai<\/p>\n\n\n\n<p><a href=\"https:\/\/ImmediateEvexAi.com\/hu\/\" data-type=\"page\" data-id=\"3554\" target=\"_blank\" rel=\"noopener\">Weboldalunk<\/a> ezen oldal&aacute;nak megl&aacute;togat&aacute;s&aacute;val.<\/p>\n\n<\/div>\n<\/div>\n","protected":false},"excerpt":{"rendered":"<p>Felhaszn&aacute;l&aacute;si felt&eacute;telek Utols&oacute; friss&iacute;t&eacute;s: 2023. m&aacute;jus 31 K&eacute;rj&uuml;k, hogy Szolg&aacute;ltat&aacute;sunk ig&eacute;nybev&eacute;tele el&#337;tt figyelmesen olvassa el ezeket a felt&eacute;teleket. &Eacute;rtelmez&eacute;s &eacute;s defin&iacute;ci&oacute;k &Eacute;rtelmez&eacute;s Azok a szavak, amelyek kezd&#337;bet&#369;j&eacute;t nagybet&#369;vel &iacute;rj&aacute;k, a k&ouml;vetkez&#337; felt&eacute;telek mellett hat&aacute;rozz&aacute;k meg a jelent&eacute;s&uuml;ket. A k&ouml;vetkez&#337; defin&iacute;ci&oacute;k jelent&eacute;se ugyanaz, f&uuml;ggetlen&uuml;l att&oacute;l, hogy egyes sz&aacute;mban vagy t&ouml;bbes sz&aacute;mban szerepelnek. Defin&iacute;ci&oacute;k A jelen &Aacute;ltal&aacute;nos &#8230; <a title=\"Felhaszn\u00e1l\u00e1si felt\u00e9telek\" class=\"read-more\" href=\"https:\/\/immediateevexai.com\/hu\/feltetelek-es-feltetelek\/\" aria-label=\"Read more about Felhaszn\u00e1l\u00e1si felt\u00e9telek\">Olvass tov\u00e1bb<\/a><\/p>\n","protected":false},"author":1,"featured_media":0,"parent":0,"menu_order":0,"comment_status":"closed","ping_status":"closed","template":"","meta":{"footnotes":""},"class_list":["post-4806","page","type-page","status-publish"],"_links":{"self":[{"href":"https:\/\/immediateevexai.com\/hu\/wp-json\/wp\/v2\/pages\/4806","targetHints":{"allow":["GET"]}}],"collection":[{"href":"https:\/\/immediateevexai.com\/hu\/wp-json\/wp\/v2\/pages"}],"about":[{"href":"https:\/\/immediateevexai.com\/hu\/wp-json\/wp\/v2\/types\/page"}],"author":[{"embeddable":true,"href":"https:\/\/immediateevexai.com\/hu\/wp-json\/wp\/v2\/users\/1"}],"replies":[{"embeddable":true,"href":"https:\/\/immediateevexai.com\/hu\/wp-json\/wp\/v2\/comments?post=4806"}],"version-history":[{"count":3,"href":"https:\/\/immediateevexai.com\/hu\/wp-json\/wp\/v2\/pages\/4806\/revisions"}],"predecessor-version":[{"id":10749,"href":"https:\/\/immediateevexai.com\/hu\/wp-json\/wp\/v2\/pages\/4806\/revisions\/10749"}],"wp:attachment":[{"href":"https:\/\/immediateevexai.com\/hu\/wp-json\/wp\/v2\/media?parent=4806"}],"curies":[{"name":"wp","href":"https:\/\/api.w.org\/{rel}","templated":true}]}}