{"id":5103,"date":"2020-09-18T14:36:50","date_gmt":"2020-09-18T14:36:50","guid":{"rendered":"https:\/\/immediateevexai.com\/o-nas\/"},"modified":"2024-11-13T21:20:27","modified_gmt":"2024-11-13T21:20:27","slug":"o-nas","status":"publish","type":"page","link":"https:\/\/immediateevexai.com\/sk\/o-nas\/","title":{"rendered":"O n\u00e1s"},"content":{"rendered":"<?xml encoding=\"UTF-8\"><div class=\"gb-container gb-container-a462a256\">\n<div class=\"gb-container gb-container-2acc6621\">\n\n<h1 class=\"gb-headline gb-headline-d325e19c gb-headline-text\">O n&aacute;s &ndash; R00001<\/h1>\n\n<\/div>\n<\/div><div class=\"gb-container gb-container-233447a9\">\n<div class=\"gb-grid-wrapper gb-grid-wrapper-3ae00e00\">\n<div class=\"gb-grid-column gb-grid-column-196febdb\"><div class=\"gb-container gb-container-196febdb\">\n\n<h2 class=\"gb-headline gb-headline-db283a53 gb-headline-text\">&#268;o je R00001?<\/h2>\n\n\n\n<p class=\"gb-headline gb-headline-97ddb752 gb-headline-text\">Ke&#271; sa stanete &#269;lenom komunity <a href=\"https:\/\/immediateevexai.com\/sk\/\" data-type=\"page\" data-id=\"3554\">R00001<\/a> , z&iacute;skate exkluz&iacute;vny pr&iacute;stup k popredn&eacute;mu softv&eacute;ru na obchodovanie s kryptomenami. Uis&#357;ujeme v&aacute;s, &#382;e na vyu&#382;itie jeho pln&eacute;ho potenci&aacute;lu nie s&uacute; potrebn&eacute; &#382;iadne predch&aacute;dzaj&uacute;ce obchodn&eacute; zru&#269;nosti ani sk&uacute;senosti.<br><br>Na&scaron;a platforma pon&uacute;ka mno&#382;stvo v&yacute;hod. Nielen&#382;e zhroma&#382;&#271;uje a analyzuje &uacute;daje, ale rob&iacute; aj logick&eacute; a nezaujat&eacute; rozhodnutia, pri&#269;om vo va&scaron;om mene vykon&aacute;va obchody takmer nepretr&#382;ite.<br><br>R00001 presahuje r&aacute;mec toho, &#382;e je to len automatizovan&yacute; obchodn&yacute; softv&eacute;r; podporuje komplexn&uacute; komunitu online obchodovania. Na&scaron;i &#269;lenovia si u&#382;&iacute;vaj&uacute; v&yacute;hody bezprobl&eacute;mov&eacute;ho zapojenia sa do ziskov&yacute;ch obchodov s kryptomenami s automatickou presnos&#357;ou.<br><br>To, &#269;o odli&scaron;uje R00001 od ostatn&yacute;ch, je jeho bezkonkuren&#269;n&aacute; schopnos&#357; r&yacute;chlo analyzova&#357; trendy na trhu a vykon&aacute;va&#357; automatizovan&eacute; obchodn&eacute; akcie, &#269;&iacute;m prekon&aacute;va in&yacute; obchodn&yacute; softv&eacute;r o pozoruhodn&yacute;ch 0,01 sekundy.<\/p>\n\n<\/div><\/div>\n\n<div class=\"gb-grid-column gb-grid-column-7c640362\"><div class=\"gb-container gb-container-7c640362\">\n\n<p class=\"gb-headline gb-headline-d02564a9 gb-headline-text\"><strong>Z&iacute;skajte inform&aacute;cie o na&scaron;ej platforme &ndash; bezplatn&aacute; registr&aacute;cia<\/strong><\/p>\n\n\n<?xml encoding=\"UTF-8\"><script>\n        localStorage.setItem('fxbot_ab_testing', '{\"login\":[],\"registration\":[],\"contactus\":[]}');\n    <\/script><style>\n        .reCAPTCHAContent {\n            display: none;\n            visibility: hidden;\n        }\n    <\/style><script>\n    localStorage.setItem('fxbot_api_parameters', '[{\"key\":\"emailmarketing\",\"value\":\"1\",\"override\":true},{\"key\":\"funnel\",\"value\":\"KW_F_00001\",\"override\":true}]');\n    localStorage.setItem('fxbot_alias_url', 'wp-content\/plugins\/fxbot-registration-form\/api.php');\n    localStorage.setItem('fxbot_email_marketing', '1');\n    localStorage.setItem('fxbot_email_marketing_debounce', 'true');\n    localStorage.setItem('fxbot_email_marketing_debounce_time', '1000');\n    localStorage.setItem('fxbot_recaptcha_enabled', 'false');\n    localStorage.setItem('fxbot_recaptcha_site_key', 'EMPTY');\n    localStorage.setItem('fxbot_alt_reg_popup_query_selector', '');\n    localStorage.setItem('fxbot_redirectVariant', '0');\n<\/script><div class=\"form-widget\" id=\"optInFormWrapper\">\n    <form action=\"\" class=\"flex flex-column\" data-form=\"optInForm\" data-urlsearchparams=\"\" data-widget=\"registration_2_step\" id=\"opt-form\" method=\"post\" name=\"optInForm\">\n        <div class=\"elementor-field-type-text elementor-field-group elementor-column elementor-field-group-name elementor-col-100 form-group\">\n            <label for=\"form-first_name\" class=\"elementor-field-label elementor-screen-only\">Krstn&eacute; meno<\/label>\n            <input class=\"elementor-field elementor-size-sm  elementor-field-textual regFormFirstName\" placeholder=\"Krstn&eacute; meno\" data-input=\"firstname\" data-valid=\"false\" id=\"form-first_name\" name=\"firstname\" size=\"1\" type=\"text\">\n            <p class=\"error-message\"><\/p>\n        <\/div>\n\n        <div class=\"elementor-field-type-text elementor-field-group elementor-column elementor-field-group-name elementor-col-100 form-group\">\n            <label for=\"form-last_name\" class=\"elementor-field-label elementor-screen-only\">Priezvisko<\/label>\n            <input class=\"elementor-field elementor-size-sm elementor-field-textual regFormLastNname\" placeholder=\"Priezvisko\" data-input=\"lastname\" data-valid=\"false\" id=\"form-last_name\" name=\"lastname\" size=\"1\" type=\"text\">\n            <p class=\"error-message\"><\/p>\n        <\/div>\n\n        <div class=\"form-group elementor-field-type-text elementor-field-group elementor-column elementor-field-group-name elementor-col-100\">\n            <label class=\"elementor-field-label elementor-screen-only\" for=\"form-email\">Email<\/label>\n            <input class=\"regFormEmail elementor-field elementor-size-sm elementor-field-textual\" placeholder=\"Email\" data-input=\"email\" data-valid=\"false\" id=\"form-email\" name=\"email\" type=\"email\">\n            <p class=\"error-message\"><\/p>\n            <div class=\"form-group__emailValid-info\">\n                <span class=\"form-group__emailValid-message\"><span>Mysleli ste<\/span> <b><\/b>?<\/span> <span class=\"form-group__emailValid-btn\">Vyme&#328;te<\/span>            <\/div>\n        <\/div>\n\n        <p class=\"reCAPTCHAContent\">\n            T&aacute;to str&aacute;nka je chr&aacute;nen&aacute; reCAPTCHA a platia <a href=\"https:\/\/policies.google.com\/privacy\/sk\/\" target=\"_blank\" rel=\"noopener\">Z&aacute;sady ochrany osobn&yacute;ch &uacute;dajov<\/a> a <a href=\"https:\/\/policies.google.com\/terms\/sk\/\" target=\"_blank\" rel=\"noopener\">Podmienky slu&#382;by<\/a> Google.        <\/p>\n\n        <button class=\"zoom regFormButton elementor-button elementor-size-sm\" data-button=\"submit\" id=\"optInForm-btn\">\n            Learn More        <\/button>\n    <\/form>\n<\/div><div class=\"form-widget\" id=\"regFormWrapper\" style=\"visibility: hidden; width: 0; height:0\">\n    <form action=\"\" class=\"flex flex-column\" data-form=\"registrationForm\" data-urlsearchparams=\"\" data-widget=\"registration_2_step\" id=\"reg-form\" method=\"post\" name=\"registrationForm\">\n        <div class=\"elementor-field-type-text elementor-field-group elementor-column elementor-field-group-name elementor-col-100 form-group\">\n            <label for=\"form-first_name\" class=\"elementor-field-label elementor-screen-only\">Krstn&eacute; meno<\/label>\n            <input class=\"elementor-field elementor-size-sm  elementor-field-textual regFormFirstName\" placeholder=\"Krstn&eacute; meno\" data-input=\"firstname\" data-valid=\"false\" id=\"form-first_name\" name=\"firstname\" size=\"1\" type=\"text\">\n            <p class=\"error-message\"><\/p>\n        <\/div>\n\n        <div class=\"elementor-field-type-text elementor-field-group elementor-column elementor-field-group-name elementor-col-100 form-group\">\n            <label for=\"form-last_name\" class=\"elementor-field-label elementor-screen-only\">Priezvisko<\/label>\n            <input class=\"elementor-field elementor-size-sm elementor-field-textual regFormLastNname\" placeholder=\"Priezvisko\" data-input=\"lastname\" data-valid=\"false\" id=\"form-last_name\" name=\"lastname\" size=\"1\" type=\"text\">\n            <p class=\"error-message\"><\/p>\n        <\/div>\n\n        <div class=\"elementor-field-type-text elementor-field-group elementor-column elementor-field-group-name elementor-col-100 form-group form-group__emailValid\">\n            <label class=\"elementor-field-label elementor-screen-only\" for=\"form-email\">Email<\/label>\n            <input class=\"elementor-field elementor-size-sm elementor-field-textual regFormEmail\" placeholder=\"Email\" data-input=\"email\" data-valid=\"false\" id=\"form-email\" name=\"email\" type=\"email\">\n            <p class=\"error-message\"><\/p>\n            <p class=\"form-group__emailValid-info\">\n                <span class=\"form-group__emailValid-message\"><span>Mysleli ste<\/span> <b><\/b>?<\/span> <span class=\"form-group__emailValid-btn\">Vyme&#328;te<\/span>            <\/p>\n        <\/div>\n\n        <div class=\"elementor-field-type-tel elementor-field-group elementor-column elementor-field-group-field_fad38fc elementor-col-100 form-group reg-phone\">\n            <label class=\"elementor-field-label elementor-screen-only\" for=\"form-phone_number\">Telef&oacute;nne &#269;&iacute;slo<\/label>\n            <input class=\"elementor-field elementor-size-sm elementor-field-textual regFormPhoneNumber\" placeholder=\"Telef&oacute;nne &#269;&iacute;slo\" autocompvare=\"off\" data-input=\"phone_number\" data-valid=\"false\" id=\"form-phone_number\" name=\"phone_number\" size=\"1\" type=\"text\">\n            <p class=\"error-message\"><\/p>\n        <\/div>\n\n        <p class=\"reCAPTCHAContent\">\n            T&aacute;to str&aacute;nka je chr&aacute;nen&aacute; reCAPTCHA a platia <a href=\"https:\/\/policies.google.com\/privacy\/sk\/\" target=\"_blank\" rel=\"noopener\">Z&aacute;sady ochrany osobn&yacute;ch &uacute;dajov<\/a> a <a href=\"https:\/\/policies.google.com\/terms\/sk\/\" target=\"_blank\" rel=\"noopener\">Podmienky slu&#382;by<\/a> Google.        <\/p>\n\n        <button class=\"elementor-button zoom regFormButton\" data-button=\"submit\" id=\"form-btn\" type=\"button\">\n            Learn More        <\/button>\n\n        <div class=\"wrapper__rar-no\" data-modal=\"success\" style=\"display: none\">\n            <div class=\"success\">\n                <img decoding=\"async\" src=\"\/wp-content\/plugins\/fxbot-registration-form\/assets\/images\/regSuccess.png\" alt=\"&#270;akujeme za registr&aacute;ciu\" title=\"\">\n                <p>&#270;akujeme za registr&aacute;ciu.<br>N&aacute;&scaron; agent v&aacute;s bude &#269;oskoro kontaktova&#357;.<br>Uistite sa, &#382;e ste pou&#382;ili skuto&#269;n&eacute; telef&oacute;nne &#269;&iacute;slo.<br>Na zdravie.<\/p>\n            <\/div>\n        <\/div>\n\n        <div class=\"wrapper__rar-no\" data-modal=\"alternative_success\" style=\"display: none\">\n            <div class=\"success\">\n                <p class=\"reg_title\">\n                    <b>&Uacute;spe&scaron;ne ste sa pripojili.<\/b>\n                <\/p>\n                <p>Zamestnanec spolo&#269;nosti v&aacute;s &#269;oskoro skontaktuje. Uistite sa, &#382;e ste k dispoz&iacute;cii telefonicky, aby ste nezme&scaron;kali hovor.<\/p>\n            <\/div>\n        <\/div>\n\n        <div class=\"wrapper__error\" data-modal=\"error\" style=\"display: none\"><\/div>\n    <\/form>\n<\/div><div class=\"submit-overlay\" style=\"display: none;\">\n    <div class=\"lds-spinner\">\n        <div><\/div>\n        <div><\/div>\n        <div><\/div>\n        <div><\/div>\n        <div><\/div>\n        <div><\/div>\n        <div><\/div>\n        <div><\/div>\n    <\/div>\n    <p class=\"overlay-text\">Spoj&iacute;me v&aacute;s s najlep&scaron;&iacute;m makl&eacute;rom vo va&scaron;ej oblasti<\/p>\n<\/div>\n\n\n<\/div><\/div>\n<\/div>\n<\/div><div class=\"gb-container gb-container-197d4570\">\n\n<a class=\"gb-button gb-button-e8c7dfa5\" href=\"https:\/\/immediateevexai.com\/sk\/\"><span class=\"gb-button-text\">Z&Iacute;SKAJTE PR&Iacute;STUP K R00002 TERAZ<\/span><span class=\"gb-icon\"><svg xmlns=\"http:\/\/www.w3.org\/2000\/svg\" aria-hidden=\"true\" role=\"img\" height=\"1em\" width=\"1em\" viewbox=\"0 0 256 512\"><path fill=\"currentColor\" d=\"M224.3 273l-136 136c-9.4 9.4-24.6 9.4-33.9 0l-22.6-22.6c-9.4-9.4-9.4-24.6 0-33.9l96.4-96.4-96.4-96.4c-9.4-9.4-9.4-24.6 0-33.9L54.3 103c9.4-9.4 24.6-9.4 33.9 0l136 136c9.5 9.4 9.5 24.6.1 34z\"><\/path><\/svg><\/span><\/a>\n\n<\/div><div class=\"gb-container gb-container-1bdeec8b\">\n<div class=\"gb-container gb-container-9d34a979\"><\/div>\n\n<div class=\"gb-container gb-container-1e789d4e\">\n\n<h3 class=\"gb-headline gb-headline-29613722 gb-headline-text\"><strong>V&yacute;hody softv&eacute;ru R00002<\/strong><\/h3>\n\n\n\n<p>R00001 vynik&aacute; v nepretr&#382;itom zbere a efekt&iacute;vnej anal&yacute;ze trhov&yacute;ch &uacute;dajov v re&aacute;lnom &#269;ase. To umo&#382;&#328;uje n&aacute;&scaron;mu softv&eacute;ru vykon&aacute;va&#357; obchodn&eacute; pr&iacute;kazy za v&aacute;s bezkonkuren&#269;nou r&yacute;chlos&#357;ou, ktor&aacute; prekon&aacute; &#318;udsk&yacute;ch obchodn&iacute;kov aj in&yacute;ch poskytovate&#318;ov softv&eacute;ru. To, &#269;o odli&scaron;uje R00001 od ostatn&yacute;ch, nie je len jeho r&yacute;chlos&#357;, ale aj jeho schopnos&#357; robi&#357; logick&eacute; a &scaron;tatisticky zalo&#382;en&eacute; obchodn&eacute; rozhodnutia, bez vplyvu &#318;udsk&yacute;ch em&oacute;ci&iacute;, ktor&eacute; zabezpe&#269;uj&uacute; objekt&iacute;vne obchodn&eacute; v&yacute;sledky.<br><br>Jednou z pozoruhodn&yacute;ch vlastnost&iacute; R00001 je jeho schopnos&#357; backstagingu, ktor&aacute; v&aacute;m umo&#382;&#328;uje otestova&#357; va&scaron;e nastavenia pomocou historick&yacute;ch trhov&yacute;ch podmienok. Tento neocenite&#318;n&yacute; n&aacute;stroj zais&#357;uje, &#382;e vami zvolen&eacute; nastavenia s&uacute; optimalizovan&eacute; pre maxim&aacute;lnu ziskovos&#357;. Va&scaron;e prisp&ocirc;soben&eacute; pravidl&aacute; bud&uacute; d&ocirc;sledne zachovan&eacute; a dodr&#382;iavan&eacute;, preto&#382;e n&aacute;&scaron; sofistikovan&yacute; softv&eacute;r spracov&aacute;va obchodn&yacute; proces vo va&scaron;om mene.<br><br>R00002 poskytuje automatick&eacute; aj manu&aacute;lne mo&#382;nosti obchodovania, &#269;&iacute;m umo&#382;&#328;uje pou&#382;&iacute;vate&#318;om ur&#269;i&#357; &uacute;rove&#328; zapojenia sa do ich obchodov na z&aacute;klade &uacute;rovne ich zru&#269;nost&iacute;, dostupnosti &#269;asu alebo osobn&eacute;ho z&aacute;ujmu. Na&scaron;a platforma navy&scaron;e podporuje viacero &uacute;&#269;tov, &#269;o v&aacute;m umo&#382;&#328;uje sk&uacute;ma&#357; r&ocirc;zne strat&eacute;gie, porovn&aacute;va&#357; a nakoniec vyu&#382;i&#357; ziskovej&scaron;ie pr&iacute;le&#382;itosti.<br><br>S R00002 m&ocirc;&#382;ete odomkn&uacute;&#357; svet vylep&scaron;en&yacute;ch obchodn&yacute;ch mo&#382;nost&iacute;, &#269;o v&aacute;m umo&#382;n&iacute; maximalizova&#357; v&aacute;&scaron; potenci&aacute;l zisku a z&aacute;rove&#328; si zachova&#357; kontrolu nad va&scaron;imi obchodn&yacute;mi sk&uacute;senos&#357;ami.<\/p>\n\n<\/div>\n<\/div><div class=\"gb-container gb-container-67945ee0\">\n<div class=\"gb-container gb-container-12a13938\">\n\n<a class=\"gb-button gb-button-15cad45f\" href=\"https:\/\/immediateevexai.com\/sk\/\"><span class=\"gb-button-text\"><strong>TEST R00001<\/strong><\/span><span class=\"gb-icon\"><svg xmlns=\"http:\/\/www.w3.org\/2000\/svg\" aria-hidden=\"true\" role=\"img\" height=\"1em\" width=\"1em\" viewbox=\"0 0 256 512\"><path fill=\"currentColor\" d=\"M224.3 273l-136 136c-9.4 9.4-24.6 9.4-33.9 0l-22.6-22.6c-9.4-9.4-9.4-24.6 0-33.9l96.4-96.4-96.4-96.4c-9.4-9.4-9.4-24.6 0-33.9L54.3 103c9.4-9.4 24.6-9.4 33.9 0l136 136c9.5 9.4 9.5 24.6.1 34z\"><\/path><\/svg><\/span><\/a>\n\n<\/div>\n<\/div><div class=\"gb-container gb-container-5d2e4740\">\n<div class=\"gb-container gb-container-d34d15be\">\n<div class=\"gb-grid-wrapper gb-grid-wrapper-4257ebc4\">\n<div class=\"gb-grid-column gb-grid-column-60a1d140\"><div class=\"gb-container gb-container-60a1d140\">\n<div class=\"gb-container gb-container-d446dbb2\">\n\n<span class=\"gb-button gb-button-4f39012e\"><span class=\"gb-icon\"><svg xmlns=\"http:\/\/www.w3.org\/2000\/svg\" height=\"15\" width=\"15\" fill=\"none\" viewbox=\"0 0 15 15\"><path fill=\"currentColor\" d=\"M4 1.5V4H1.5A1.5 1.5 0 000 5.5v8A1.5 1.5 0 001.5 15h8a1.5 1.5 0 001.5-1.5V11h2.5A1.5 1.5 0 0015 9.5v-8A1.5 1.5 0 0013.5 0h-8A1.5 1.5 0 004 1.5zM5.5 1a.5.5 0 00-.5.5V4h4.5A1.5 1.5 0 0111 5.5V10h2.5a.5.5 0 00.5-.5v-8a.5.5 0 00-.5-.5h-8zm0 10A1.5 1.5 0 014 9.5V5H1.5a.5.5 0 00-.5.5v8a.5.5 0 00.5.5h8a.5.5 0 00.5-.5V11H5.5z\" clip-rule=\"evenodd\" fill-rule=\"evenodd\"><\/path><\/svg><\/span><\/span>\n\n<\/div>\n\n\n<h3 class=\"gb-headline gb-headline-f8d314cb gb-headline-text\"><strong>Softv&eacute;rov&eacute; &#8203;&#8203;rie&scaron;enie<\/strong><\/h3>\n\n\n\n<p class=\"has-text-align-center\"><\/p>\n\n\n\n<p>R00001 bol starostlivo navrhnut&yacute; tak, aby sl&uacute;&#382;il ako neocenite&#318;n&yacute; a u&#382;&iacute;vate&#318;sky pr&iacute;vetiv&yacute; n&aacute;stroj pre obchodn&iacute;kov na v&scaron;etk&yacute;ch &uacute;rovniach odbornosti. Na&scaron;a platforma v&aacute;m umo&#382;&#328;uje bez n&aacute;mahy obchodova&#357; s Bitcoin a in&yacute;mi kryptomenami s maxim&aacute;lnou &#318;ahkos&#357;ou a efekt&iacute;vnos&#357;ou.<br><br>S R00001 sa m&ocirc;&#382;ete ponori&#357; do sveta obchodovania s kryptomenami bez toho, aby ste museli investova&#357; zna&#269;n&yacute; &#269;as a &uacute;silie do &scaron;t&uacute;dia inform&aacute;ci&iacute; o trhu a trendov. Pre&#269; s&uacute; dni sk&#318;u&#269;uj&uacute;cich &uacute;loh a strmej krivky u&#269;enia spojenej s obchodovan&iacute;m s potenci&aacute;lnym ziskom. R00001 poskytuje dokonal&eacute; rie&scaron;enie t&yacute;m, &#382;e v&aacute;m umo&#382;&#328;uje za&#269;a&#357; obchodova&#357; bez ak&yacute;chko&#318;vek predch&aacute;dzaj&uacute;cich znalost&iacute; alebo sk&uacute;senost&iacute;, &#269;o si vy&#382;aduje minim&aacute;lny &#269;as a &uacute;silie z va&scaron;ej strany.<br><br>Na&scaron;e u&#382;&iacute;vate&#318;sky pr&iacute;vetiv&eacute; rozhranie a intuit&iacute;vne funkcie zais&#357;uj&uacute; bezprobl&eacute;mov&yacute; z&aacute;&#382;itok z obchodovania, &#269;o v&aacute;m umo&#382;&#328;uje zamera&#357; sa na vytv&aacute;ranie ziskov&yacute;ch obchodov a nie strati&#357; sa v komplexnej anal&yacute;ze trhu. R00002 zjednodu&scaron;uje proces obchodovania a umo&#382;&#328;uje v&aacute;m pristupova&#357; na trh s kryptomenami s istotou a &#318;ahkos&#357;ou, bez oh&#318;adu na &uacute;rove&#328; va&scaron;ich zru&#269;nost&iacute;.<br><br>Za&#382;ite pohodlie a efektivitu R00002, dokonal&eacute;ho rie&scaron;enia pre bezprobl&eacute;mov&eacute; obchodovanie s kryptomenami. Prijmite nov&uacute; &eacute;ru obchodovania, kde jednoduchos&#357; a efekt&iacute;vnos&#357; id&uacute; ruka v ruke.<\/p>\n\n<\/div><\/div>\n\n<div class=\"gb-grid-column gb-grid-column-6922dcd9\"><div class=\"gb-container gb-container-6922dcd9\">\n<div class=\"gb-container gb-container-b5c2993b\">\n\n<span class=\"gb-button gb-button-05b34aef\"><span class=\"gb-icon\"><svg xmlns=\"http:\/\/www.w3.org\/2000\/svg\" height=\"15\" width=\"15\" fill=\"none\" viewbox=\"0 0 15 15\"><path fill=\"currentColor\" d=\"M4 4V1.5A1.5 1.5 0 015.5 0h8A1.5 1.5 0 0115 1.5v8a1.5 1.5 0 01-1.5 1.5H11v2.5A1.5 1.5 0 019.5 15h-8A1.5 1.5 0 010 13.5v-8A1.5 1.5 0 011.5 4H4zm6 1v5H5V5h5z\" clip-rule=\"evenodd\" fill-rule=\"evenodd\"><\/path><\/svg><\/span><\/span>\n\n<\/div>\n\n\n<h3 class=\"gb-headline gb-headline-13950594 gb-headline-text\"><strong>R00001 Trader Review<\/strong><\/h3>\n\n\n\n<p class=\"has-text-align-center\"><\/p>\n\n\n\n<p>R00003 je d&ocirc;veryhodn&yacute; obchodn&yacute; n&aacute;stroj, ktor&yacute; pon&uacute;ka manu&aacute;lne aj plne automatizovan&eacute; mo&#382;nosti, ktor&eacute; zais&#357;uj&uacute; presn&eacute; vykon&aacute;vanie obchodov s kryptomenami vo va&scaron;om mene. Na rozdiel od in&eacute;ho softv&eacute;ru na obchodovanie s menami Bitcoin sa R00003 spolieha na pokro&#269;il&eacute; algoritmy, ktor&eacute; starostlivo analyzuj&uacute; trhov&eacute; &uacute;daje, &#269;o vedie k pozoruhodnej miere presnosti 99,4%.   <br><br>To, &#269;o odli&scaron;uje R00003 od ostatn&yacute;ch, je jeho v&yacute;nimo&#269;n&aacute; r&yacute;chlos&#357;, ktor&aacute; poskytuje v&yacute;znamn&uacute; v&yacute;hodu 0,01 sekundy oproti in&yacute;m softv&eacute;rov&yacute;m mo&#382;nostiam. T&aacute;to v&yacute;hoda r&yacute;chlosti stavia R00003 ako najlep&scaron;iu vo&#318;bu medzi obchodn&iacute;kmi, ktor&iacute; h&#318;adaj&uacute; optim&aacute;lnu realiz&aacute;ciu obchodu a efektivitu. <br><br>Vynikaj&uacute;ci v&yacute;kon R00001 si z&iacute;skal uznanie od v&aacute;&#382;enej americkej obchodnej asoci&aacute;cie, &#269;&iacute;m si zabezpe&#269;il popredn&eacute; miesto v kateg&oacute;rii obchodn&eacute;ho softv&eacute;ru. Jeho webov&aacute; platforma navy&scaron;e eliminuje potrebu s&#357;ahovania, zabezpe&#269;uje kompatibilitu a z&iacute;skava schv&aacute;lenie antiv&iacute;rusov&yacute;ch spolo&#269;nost&iacute;.<br><br>S R00001 m&ocirc;&#382;ete s istotou prija&#357; spo&#318;ahliv&eacute; a efekt&iacute;vne obchodn&eacute; sk&uacute;senosti podporovan&eacute; &scaron;pi&#269;kovou technol&oacute;giou a uznan&iacute;m odvetvia. Pridajte sa k radom &uacute;spe&scaron;n&yacute;ch obchodn&iacute;kov, ktor&iacute; odomkli cel&yacute; potenci&aacute;l svojich sn&aacute;h o obchodovanie s kryptomenami s R00002.<\/p>\n\n<\/div><\/div>\n\n<div class=\"gb-grid-column gb-grid-column-58d3b69b\"><div class=\"gb-container gb-container-58d3b69b\">\n<div class=\"gb-container gb-container-7f21e89f\">\n\n<span class=\"gb-button gb-button-df17151f\"><span class=\"gb-icon\"><svg xmlns=\"http:\/\/www.w3.org\/2000\/svg\" height=\"15\" width=\"15\" fill=\"none\" viewbox=\"0 0 15 15\"><path fill=\"currentColor\" d=\"M4 4H1.5A1.5 1.5 0 000 5.5v8A1.5 1.5 0 001.5 15h8a1.5 1.5 0 001.5-1.5V11h2.5A1.5 1.5 0 0015 9.5v-8A1.5 1.5 0 0013.5 0h-8A1.5 1.5 0 004 1.5V4zm1-2.5a.5.5 0 01.5-.5h8a.5.5 0 01.5.5v8a.5.5 0 01-.5.5h-8a.5.5 0 01-.5-.5v-8z\" clip-rule=\"evenodd\" fill-rule=\"evenodd\"><\/path><\/svg><\/span><\/span>\n\n<\/div>\n\n\n<h3 class=\"gb-headline gb-headline-7625b1b1 gb-headline-text\"><strong>Dra&#269;&iacute; brloh<\/strong><\/h3>\n\n\n\n<p class=\"has-text-align-center\"><\/p>\n\n\n\n<p>R00003 Software je &uacute;plne nez&aacute;visl&yacute; od ak&eacute;hoko&#318;vek spojenia s notoricky zn&aacute;mym Dragons Den Scam. Dragons Den, tie&#382; zn&aacute;my ako podvod Bitcoin Loophole, funguje ako podvodn&aacute; sch&eacute;ma, ktor&aacute; l&aacute;ka ni&#269; netu&scaron;iacich jednotlivcov, aby investovali do podvodn&eacute;ho podniku maskovan&eacute;ho ako inovat&iacute;vny softv&eacute;rov&yacute; startup. Je d&ocirc;le&#382;it&eacute; si uvedomi&#357;, &#382;e podvod nebol nikdy uveden&yacute; v telev&iacute;znej rel&aacute;cii Dra&#269;&iacute; brloh a nebol schv&aacute;len&yacute; &#382;iadnym z jej &#269;lenov.<br><br>Uvedomte si pros&iacute;m, &#382;e podvodn&yacute; podvod Dragons Den zneu&#382;&iacute;va poves&#357; p&ocirc;vodn&eacute;ho renomovan&eacute;ho softv&eacute;ru a celebr&iacute;t spojen&yacute;ch so &scaron;ou, aby oklamal &#318;ud&iacute;, aby sa rozl&uacute;&#269;ili so svojimi &#357;a&#382;ko zaroben&yacute;mi peniazmi. Je nevyhnutn&eacute; by&#357; opatrn&yacute; a vyh&yacute;ba&#357; sa akejko&#318;vek reklame alebo publik&aacute;ci&aacute;m, ktor&eacute; obsahuj&uacute; nepodlo&#382;en&eacute; tvrdenia. Softv&eacute;r R00003 nem&aacute; &#382;iadnu spojitos&#357; s klamliv&yacute;mi praktikami podvodu Dragons Den a d&ocirc;razne v&aacute;m odpor&uacute;&#269;ame chr&aacute;ni&#357; sa tak, &#382;e sa budete vyh&yacute;ba&#357; tak&yacute;mto zav&aacute;dzaj&uacute;cim sch&eacute;mam.<\/p>\n\n<\/div><\/div>\n<\/div>\n<\/div>\n<\/div><div class=\"gb-container gb-container-39bfdacb\">\n<div class=\"gb-container gb-container-45f3ab74\">\n\n<h3 class=\"gb-headline gb-headline-e982b89b gb-headline-text\">Bezpe&#269;ne sa zaregistrujte na R00003<\/h3>\n\n\n\n<a class=\"gb-button gb-button-a3e3ab09\" href=\"https:\/\/immediateevexai.com\/sk\/\"><span class=\"gb-button-text\">Zaregistrujte sa bezpe&#269;ne<\/span><span class=\"gb-icon\"><svg xmlns=\"http:\/\/www.w3.org\/2000\/svg\" aria-hidden=\"true\" role=\"img\" height=\"1em\" width=\"1em\" viewbox=\"0 0 256 512\"><path fill=\"currentColor\" d=\"M224.3 273l-136 136c-9.4 9.4-24.6 9.4-33.9 0l-22.6-22.6c-9.4-9.4-9.4-24.6 0-33.9l96.4-96.4-96.4-96.4c-9.4-9.4-9.4-24.6 0-33.9L54.3 103c9.4-9.4 24.6-9.4 33.9 0l136 136c9.5 9.4 9.5 24.6.1 34z\"><\/path><\/svg><\/span><\/a>\n\n<\/div>\n<\/div>\n","protected":false},"excerpt":{"rendered":"<p>O n&aacute;s &ndash; R00001 V&yacute;hody softv&eacute;ru R00002 R00001 vynik&aacute; v nepretr&#382;itom zbere a efekt&iacute;vnej anal&yacute;ze trhov&yacute;ch &uacute;dajov v re&aacute;lnom &#269;ase. To umo&#382;&#328;uje n&aacute;&scaron;mu softv&eacute;ru vykon&aacute;va&#357; obchodn&eacute; pr&iacute;kazy za v&aacute;s bezkonkuren&#269;nou r&yacute;chlos&#357;ou, ktor&aacute; prekon&aacute; &#318;udsk&yacute;ch obchodn&iacute;kov aj in&yacute;ch poskytovate&#318;ov softv&eacute;ru. To, &#269;o odli&scaron;uje R00001 od ostatn&yacute;ch, nie je len jeho r&yacute;chlos&#357;, ale aj jeho schopnos&#357; robi&#357; &#8230; <a title=\"O n\u00e1s\" class=\"read-more\" href=\"https:\/\/immediateevexai.com\/sk\/o-nas\/\" aria-label=\"Pre\u010d\u00edtajte si viac o O n\u00e1s\">Read more<\/a><\/p>\n","protected":false},"author":1,"featured_media":0,"parent":0,"menu_order":0,"comment_status":"closed","ping_status":"closed","template":"","meta":{"footnotes":""},"class_list":["post-5103","page","type-page","status-publish"],"_links":{"self":[{"href":"https:\/\/immediateevexai.com\/sk\/wp-json\/wp\/v2\/pages\/5103","targetHints":{"allow":["GET"]}}],"collection":[{"href":"https:\/\/immediateevexai.com\/sk\/wp-json\/wp\/v2\/pages"}],"about":[{"href":"https:\/\/immediateevexai.com\/sk\/wp-json\/wp\/v2\/types\/page"}],"author":[{"embeddable":true,"href":"https:\/\/immediateevexai.com\/sk\/wp-json\/wp\/v2\/users\/1"}],"replies":[{"embeddable":true,"href":"https:\/\/immediateevexai.com\/sk\/wp-json\/wp\/v2\/comments?post=5103"}],"version-history":[{"count":6,"href":"https:\/\/immediateevexai.com\/sk\/wp-json\/wp\/v2\/pages\/5103\/revisions"}],"predecessor-version":[{"id":13630,"href":"https:\/\/immediateevexai.com\/sk\/wp-json\/wp\/v2\/pages\/5103\/revisions\/13630"}],"wp:attachment":[{"href":"https:\/\/immediateevexai.com\/sk\/wp-json\/wp\/v2\/media?parent=5103"}],"curies":[{"name":"wp","href":"https:\/\/api.w.org\/{rel}","templated":true}]}}